{"id":2689,"date":"2024-10-02T13:09:51","date_gmt":"2024-10-02T13:09:51","guid":{"rendered":"https:\/\/chemicalstore.ee\/toode\/puhastuskasnscrub-pad-car5\/"},"modified":"2024-10-02T13:10:04","modified_gmt":"2024-10-02T13:10:04","slug":"puhastuskasnscrub-pad-car5","status":"publish","type":"product","link":"https:\/\/chemicalstore.ee\/ru\/toode\/puhastuskasnscrub-pad-car5\/","title":{"rendered":"Puhastusk\u00e4sn,Scrub pad &#8211; Car5"},"content":{"rendered":"<p>CAR5 Scrub Pad on geniaalne kahepoolne pesu-\/puhastusk\u00e4sn, mis sobib suurep\u00e4raselt auto sise- ja v\u00e4lispindade pesemiseks, samuti vahade v\u00f5i kruntv\u00e4rvide pealekandmiseks. Padja teine \u200b\u200bpool on v\u00e4ga pehme ja \u00f5rn mikrofiiber, mis toimib paljudel erinevatel kasutusaladel: puhastab t\u00f5husalt pestavat pinda ja eemaldab ka raskendatud mustuse ning niisutamisel imab mikrokiud endasse tolmu nt sisemust puhastades. Lisaks on mikrokiudpind \u00f5rn t\u00f6\u00f6deldud pinna suhtes ning sobib suurep\u00e4raselt nii vahade kui ka kruntv\u00e4rvide pealekandmiseks. Padja raam on ka j\u00e4igastatud, et laotur ei j\u00e4\u00e4ks liiga pehme ka k\u00f5vade vahade pealekandmisel. Laoturi teine \u200b\u200bpool on uuenduslik, v\u00e4ga \u00f5rn harjataoline materjal, mis nii eemaldab pestavatelt pindadelt isegi t\u00f5rksa mustuse kui ka suudab eemaldada mustuse naha v\u00f5i tekstureeritud plastpindade pooridest. See on spetsiaalselt loodud auto sisepindade puhastamiseks, kui otsite parimat v\u00f5imalikku puhastusj\u00f5udu. Tervikuna on CAR5 Scrub Pad seega v\u00e4ga mitmek\u00fclgne kombineeritud puistur ja pesu-\/puhastusk\u00e4sn auto erinevatele pindadele.<\/p>\n","protected":false},"excerpt":{"rendered":"<p>Car5Uuenduslik kahepoolne kombineeritud pesu-\/puhastusk\u00e4sn ja vahaaplikaator. \u00dcks pool \u00f5rn mikrofiiber, teine \u200b\u200bpintslilaadne materjal poorsete pindade pesemiseks.<\/p>\n","protected":false},"featured_media":2690,"comment_status":"closed","ping_status":"open","template":"","meta":{"_monsterinsights_skip_tracking":false,"_monsterinsights_sitenote_active":false,"_monsterinsights_sitenote_note":"","_monsterinsights_sitenote_category":0},"product_brand":[],"product_cat":[35],"product_tag":[],"class_list":{"0":"post-2689","1":"product","2":"type-product","3":"status-publish","4":"has-post-thumbnail","6":"product_cat-puhastusvahendid-autohooldustooted","7":"pa_brand-car5","8":"pa_kasutusotstarve-auto-sise-ja-valispuhastus-vahade-pealekandmine","9":"pa_moodud-9-x-15-cm","10":"pa_uhiku-hind-4-90e-tk","12":"first","13":"onbackorder","14":"taxable","15":"shipping-taxable","16":"purchasable","17":"product-type-simple"},"_links":{"self":[{"href":"https:\/\/chemicalstore.ee\/ru\/wp-json\/wp\/v2\/product\/2689","targetHints":{"allow":["GET"]}}],"collection":[{"href":"https:\/\/chemicalstore.ee\/ru\/wp-json\/wp\/v2\/product"}],"about":[{"href":"https:\/\/chemicalstore.ee\/ru\/wp-json\/wp\/v2\/types\/product"}],"replies":[{"embeddable":true,"href":"https:\/\/chemicalstore.ee\/ru\/wp-json\/wp\/v2\/comments?post=2689"}],"wp:featuredmedia":[{"embeddable":true,"href":"https:\/\/chemicalstore.ee\/ru\/wp-json\/wp\/v2\/media\/2690"}],"wp:attachment":[{"href":"https:\/\/chemicalstore.ee\/ru\/wp-json\/wp\/v2\/media?parent=2689"}],"wp:term":[{"taxonomy":"product_brand","embeddable":true,"href":"https:\/\/chemicalstore.ee\/ru\/wp-json\/wp\/v2\/product_brand?post=2689"},{"taxonomy":"product_cat","embeddable":true,"href":"https:\/\/chemicalstore.ee\/ru\/wp-json\/wp\/v2\/product_cat?post=2689"},{"taxonomy":"product_tag","embeddable":true,"href":"https:\/\/chemicalstore.ee\/ru\/wp-json\/wp\/v2\/product_tag?post=2689"}],"curies":[{"name":"wp","href":"https:\/\/api.w.org\/{rel}","templated":true}]}}