{"id":2679,"date":"2024-10-02T13:09:51","date_gmt":"2024-10-02T13:09:51","guid":{"rendered":"https:\/\/chemicalstore.ee\/toode\/drelliharidrill-carpet-brush-4-car5\/"},"modified":"2024-10-02T13:10:03","modified_gmt":"2024-10-02T13:10:03","slug":"drelliharidrill-carpet-brush-4-car5","status":"publish","type":"product","link":"https:\/\/chemicalstore.ee\/ru\/toode\/drelliharidrill-carpet-brush-4-car5\/","title":{"rendered":"Drellihari,Drill Carpet Brush, 4&#8243; &#8211; Car5"},"content":{"rendered":"<p>CAR5 Drill Carpet Brush on k\u00e4ep\u00e4rane puuriga \u00fchendatav hari, mis teeb riidest polstri puhastamise v\u00e4ga lihtsaks. Sobib suurep\u00e4raselt nii autoriidest mattidele ja istmetele kui ka kodum\u00f6\u00f6blile, nagu diivanid, voodid ja k\u00f5ik muud kangapinnad! Harja j\u00e4igad pol\u00fcamiidharjased koos tugeva plastkorpusega tagavad nii vastupidavuse kui ka t\u00f5husa ja \u00f5rna puhastamise. Puuriga \u00fchendatava t\u00f6\u00f6riistana muutub f\u00fc\u00fcsiline t\u00f6\u00f6 palju lihtsamaks, mist\u00f5ttu on selle kasutamine v\u00e4ga meeldiv.<\/p>\n","protected":false},"excerpt":{"rendered":"<p>Car5Suurep\u00e4rane abivahend nii auto kui kodu kangaspolstri puhastamiseks. Kinnitus otse drelli k\u00fclge.<\/p>\n","protected":false},"featured_media":2680,"comment_status":"closed","ping_status":"open","template":"","meta":{"_monsterinsights_skip_tracking":false,"_monsterinsights_sitenote_active":false,"_monsterinsights_sitenote_note":"","_monsterinsights_sitenote_category":0},"product_brand":[],"product_cat":[35],"product_tag":[],"class_list":{"0":"post-2679","1":"product","2":"type-product","3":"status-publish","4":"has-post-thumbnail","6":"product_cat-puhastusvahendid-autohooldustooted","7":"pa_brand-car5","8":"pa_kasutusotstarve-kangast-polstri-puhastamine","9":"pa_kinnitus-m8-keere","10":"pa_uhiku-hind-7-90e-tk","12":"first","13":"onbackorder","14":"taxable","15":"shipping-taxable","16":"purchasable","17":"product-type-simple"},"_links":{"self":[{"href":"https:\/\/chemicalstore.ee\/ru\/wp-json\/wp\/v2\/product\/2679","targetHints":{"allow":["GET"]}}],"collection":[{"href":"https:\/\/chemicalstore.ee\/ru\/wp-json\/wp\/v2\/product"}],"about":[{"href":"https:\/\/chemicalstore.ee\/ru\/wp-json\/wp\/v2\/types\/product"}],"replies":[{"embeddable":true,"href":"https:\/\/chemicalstore.ee\/ru\/wp-json\/wp\/v2\/comments?post=2679"}],"wp:featuredmedia":[{"embeddable":true,"href":"https:\/\/chemicalstore.ee\/ru\/wp-json\/wp\/v2\/media\/2680"}],"wp:attachment":[{"href":"https:\/\/chemicalstore.ee\/ru\/wp-json\/wp\/v2\/media?parent=2679"}],"wp:term":[{"taxonomy":"product_brand","embeddable":true,"href":"https:\/\/chemicalstore.ee\/ru\/wp-json\/wp\/v2\/product_brand?post=2679"},{"taxonomy":"product_cat","embeddable":true,"href":"https:\/\/chemicalstore.ee\/ru\/wp-json\/wp\/v2\/product_cat?post=2679"},{"taxonomy":"product_tag","embeddable":true,"href":"https:\/\/chemicalstore.ee\/ru\/wp-json\/wp\/v2\/product_tag?post=2679"}],"curies":[{"name":"wp","href":"https:\/\/api.w.org\/{rel}","templated":true}]}}