{"id":2673,"date":"2024-10-02T13:09:51","date_gmt":"2024-10-02T13:09:51","guid":{"rendered":"https:\/\/chemicalstore.ee\/toode\/poleerimismasinorb-1-ekstsentriline-car5\/"},"modified":"2024-10-02T13:10:02","modified_gmt":"2024-10-02T13:10:02","slug":"poleerimismasinorb-1-ekstsentriline-car5","status":"publish","type":"product","link":"https:\/\/chemicalstore.ee\/ru\/toode\/poleerimismasinorb-1-ekstsentriline-car5\/","title":{"rendered":"Poleerimismasin,ORB-1 &#8211; ekstsentriline &#8211; Car5"},"content":{"rendered":"<p>CAR5 ORB-1 on suurep\u00e4rase hinna ja kvaliteedi suhtega ekstsentriline poleerimismasin, mis on oma omaduste poolest suurep\u00e4rane nii algajale kui ka hobikasutusse. Masina 8 mm ekstsentriline liikumine t\u00f6\u00f6tab nii suurte kui kitsaste kohtade poleerimiseks ja vesilihvimiseks. Lisaks t\u00f6\u00f6tab masin v\u00e4ga h\u00e4sti vahade ja kruntv\u00e4rvide pealekandmisel. ORB-1 lai p\u00f6\u00f6retevahemik ja v\u00f5imas mootor tagavad selle mitmek\u00fclgse toimimise igal kasutusel. Vaba ekstsentriline liikumine tagab masina ohutuse ka algaja k\u00e4es ning see ei kahjusta v\u00e4rvipinda nagu otseajam masin, isegi kui masina k\u00e4sitsemine pole veel t\u00e4ielikult omandatud, kuid tavap\u00e4rasest suurem ekstsentriline liikumine tagab ka suurte alade kiire poleerimise. 125 mm tald sobib otse enamlevinud 5,5&#8243; (140 mm) kettale, millega saab poleerida nii suurtel pindadel (kapott, katus jne) kui ka v\u00e4iksematel aladel (uksed, kaitserauad jne).<\/p>\n","protected":false},"excerpt":{"rendered":"<p>Car5Suurep\u00e4rase hinna ja kvaliteedi suhtega poleerimismasin 8 mm ekstsentrilise liigutusega. Sobib nii poleerimiseks kui ka vahade pealekandmiseks.<\/p>\n","protected":false},"featured_media":2674,"comment_status":"closed","ping_status":"open","template":"","meta":{"_monsterinsights_skip_tracking":false,"_monsterinsights_sitenote_active":false,"_monsterinsights_sitenote_note":"","_monsterinsights_sitenote_category":0},"product_brand":[],"product_cat":[86],"product_tag":[],"class_list":{"0":"post-2673","1":"product","2":"type-product","3":"status-publish","4":"has-post-thumbnail","6":"product_cat-poleerimine","7":"pa_brand-car5","8":"pa_kasutusotstarve-varvipinna-mehaaniline-poleerimine","9":"pa_uhiku-hind-129-90e-tk","10":"pa_voimsus-780w","12":"first","13":"onbackorder","14":"taxable","15":"shipping-taxable","16":"purchasable","17":"product-type-simple"},"_links":{"self":[{"href":"https:\/\/chemicalstore.ee\/ru\/wp-json\/wp\/v2\/product\/2673","targetHints":{"allow":["GET"]}}],"collection":[{"href":"https:\/\/chemicalstore.ee\/ru\/wp-json\/wp\/v2\/product"}],"about":[{"href":"https:\/\/chemicalstore.ee\/ru\/wp-json\/wp\/v2\/types\/product"}],"replies":[{"embeddable":true,"href":"https:\/\/chemicalstore.ee\/ru\/wp-json\/wp\/v2\/comments?post=2673"}],"wp:featuredmedia":[{"embeddable":true,"href":"https:\/\/chemicalstore.ee\/ru\/wp-json\/wp\/v2\/media\/2674"}],"wp:attachment":[{"href":"https:\/\/chemicalstore.ee\/ru\/wp-json\/wp\/v2\/media?parent=2673"}],"wp:term":[{"taxonomy":"product_brand","embeddable":true,"href":"https:\/\/chemicalstore.ee\/ru\/wp-json\/wp\/v2\/product_brand?post=2673"},{"taxonomy":"product_cat","embeddable":true,"href":"https:\/\/chemicalstore.ee\/ru\/wp-json\/wp\/v2\/product_cat?post=2673"},{"taxonomy":"product_tag","embeddable":true,"href":"https:\/\/chemicalstore.ee\/ru\/wp-json\/wp\/v2\/product_tag?post=2673"}],"curies":[{"name":"wp","href":"https:\/\/api.w.org\/{rel}","templated":true}]}}