{"id":2668,"date":"2024-10-02T13:09:51","date_gmt":"2024-10-02T13:09:51","guid":{"rendered":"https:\/\/chemicalstore.ee\/toode\/eelpesuaineprewash-foam-5000ml\/"},"modified":"2024-10-02T13:10:02","modified_gmt":"2024-10-02T13:10:02","slug":"eelpesuaineprewash-foam-5000ml","status":"publish","type":"product","link":"https:\/\/chemicalstore.ee\/ru\/toode\/eelpesuaineprewash-foam-5000ml\/","title":{"rendered":"Eelpesuaine,Prewash Foam &#8211; 5000ml"},"content":{"rendered":"<p>CAR5 Prewash Foam on vahaohutu, t\u00f5husalt pestav ja tugevalt vahutav eelpesuvahend hoolduspesudeks. Eelpesuvaht on m\u00f5eldud eelk\u00f5ige kasutamiseks l\u00e4bi survepesuriga \u00fchendatud vahustaja, millega saab pesuvahendit paksu vahuna auto pinnale laiali ajada. Nii muudetakse pesuaine m\u00f5juaeg v\u00f5imalikult pikaks ja pesuv\u00f5imsus maksimeeritakse. T\u00f5husalt puhastavad koostisained eemaldavad pinnalt \u00f5rnalt ka k\u00f5ige tugevama mustuse. Vaatamata oma pesuv\u00f5imele sobib Prewash Foam k\u00f5ikidele auto v\u00e4lispindadele ning see ei kuluta pinnalt vaha ega katet. Aine on ka biolagunev, seega sobib ka \u00f5ues pesemiseks. Eelpesuvahtu on lihtne kasutada, kuna seda ei pea vahustaja pudelis eraldi lahjendama.<\/p>\n","protected":false},"excerpt":{"rendered":"<p>Car5V\u00e4ga hea vahutav ja pesuvahakindel eelpuhastusvahend k\u00f5ikidele auto v\u00e4lispindadele. Pikk toimeaeg!<\/p>\n","protected":false},"featured_media":2669,"comment_status":"closed","ping_status":"open","template":"","meta":{"_monsterinsights_skip_tracking":false,"_monsterinsights_sitenote_active":false,"_monsterinsights_sitenote_note":"","_monsterinsights_sitenote_category":0},"product_brand":[],"product_cat":[35],"product_tag":[],"class_list":{"0":"post-2668","1":"product","2":"type-product","3":"status-publish","4":"has-post-thumbnail","6":"product_cat-puhastusvahendid-autohooldustooted","7":"pa_brand-car5","8":"pa_kasutusotstarve-auto-eelpesu","9":"pa_lahjendussuhe-lahjendussuhe-2-8-olenevalt-maardumisest-kanistrist-piisab-ca-35-40-pesukorraks","10":"pa_uhiku-hind-6-38e-l","12":"first","13":"onbackorder","14":"taxable","15":"shipping-taxable","16":"purchasable","17":"product-type-simple"},"_links":{"self":[{"href":"https:\/\/chemicalstore.ee\/ru\/wp-json\/wp\/v2\/product\/2668","targetHints":{"allow":["GET"]}}],"collection":[{"href":"https:\/\/chemicalstore.ee\/ru\/wp-json\/wp\/v2\/product"}],"about":[{"href":"https:\/\/chemicalstore.ee\/ru\/wp-json\/wp\/v2\/types\/product"}],"replies":[{"embeddable":true,"href":"https:\/\/chemicalstore.ee\/ru\/wp-json\/wp\/v2\/comments?post=2668"}],"wp:featuredmedia":[{"embeddable":true,"href":"https:\/\/chemicalstore.ee\/ru\/wp-json\/wp\/v2\/media\/2669"}],"wp:attachment":[{"href":"https:\/\/chemicalstore.ee\/ru\/wp-json\/wp\/v2\/media?parent=2668"}],"wp:term":[{"taxonomy":"product_brand","embeddable":true,"href":"https:\/\/chemicalstore.ee\/ru\/wp-json\/wp\/v2\/product_brand?post=2668"},{"taxonomy":"product_cat","embeddable":true,"href":"https:\/\/chemicalstore.ee\/ru\/wp-json\/wp\/v2\/product_cat?post=2668"},{"taxonomy":"product_tag","embeddable":true,"href":"https:\/\/chemicalstore.ee\/ru\/wp-json\/wp\/v2\/product_tag?post=2668"}],"curies":[{"name":"wp","href":"https:\/\/api.w.org\/{rel}","templated":true}]}}