{"id":2660,"date":"2024-10-02T13:09:51","date_gmt":"2024-10-02T13:09:51","guid":{"rendered":"https:\/\/chemicalstore.ee\/toode\/autosalongi-puhastusaineinterior-cleaner-500ml\/"},"modified":"2024-10-02T13:10:01","modified_gmt":"2024-10-02T13:10:01","slug":"autosalongi-puhastusaineinterior-cleaner-500ml","status":"publish","type":"product","link":"https:\/\/chemicalstore.ee\/ru\/toode\/autosalongi-puhastusaineinterior-cleaner-500ml\/","title":{"rendered":"Autosalongi puhastusaine,Interior Cleaner &#8211; 500ml"},"content":{"rendered":"<p>CAR5 Interior Cleaner on t\u00f5hus, kasutusvalmis salongi puhastusvahend, mida saab kasutada k\u00f5ikidel salongi k\u00f5vadel pindadel. Interior Cleaner puhastab t\u00f5husalt, kuid \u00f5rnalt igat t\u00fc\u00fcpi mustuse, nagu plekid, \u00f5li- ja rasvalekked, kiiresti ja vaevata. See on ohutu k\u00f5ikidele k\u00f5vadele pindadele ja j\u00e4tab maha puhta mati viimistluse, millel pole kleepuvust ega l\u00e4iget. Erinevalt paljudest sise- ja kangapuhastusvahenditest ei sisalda CAR5 Interior Cleaner tetrakloroet\u00fcleeni ega 2-butoks\u00fcetanooli, mis on allaneelamisel kahjulikud. Nii on aine kasutamine ohutu ka kasutajale. Kokkuv\u00f5ttes on CAR5 Interior Cleaner kulut\u00f5hus, turvaline ja turvaline salongipuhastusvahend, mis sobib nii tavalistele autopesijatele kui ka professionaalidele. M\u00f5nusalt v\u00e4rske l\u00f5hn suurendab kasutusmugavust!<\/p>\n","protected":false},"excerpt":{"rendered":"<p>Car5T\u00f5hus, kuid \u00f5rn puhastusvahend k\u00f5ikidele salongi k\u00f5vadele pindadele. Eemaldab vaevata isegi tugeva mustuse!<\/p>\n","protected":false},"featured_media":2661,"comment_status":"closed","ping_status":"open","template":"","meta":{"_monsterinsights_skip_tracking":false,"_monsterinsights_sitenote_active":false,"_monsterinsights_sitenote_note":"","_monsterinsights_sitenote_category":0},"product_brand":[],"product_cat":[35],"product_tag":[],"class_list":{"0":"post-2660","1":"product","2":"type-product","3":"status-publish","4":"has-post-thumbnail","6":"product_cat-puhastusvahendid-autohooldustooted","7":"pa_brand-car5","8":"pa_kasutusotstarve-interjoori-puhastusvahend","9":"pa_pakend-pihustuspeaga-plastpudel","10":"pa_uhiku-hind-19-80e-l","12":"first","13":"onbackorder","14":"taxable","15":"shipping-taxable","16":"purchasable","17":"product-type-simple"},"_links":{"self":[{"href":"https:\/\/chemicalstore.ee\/ru\/wp-json\/wp\/v2\/product\/2660","targetHints":{"allow":["GET"]}}],"collection":[{"href":"https:\/\/chemicalstore.ee\/ru\/wp-json\/wp\/v2\/product"}],"about":[{"href":"https:\/\/chemicalstore.ee\/ru\/wp-json\/wp\/v2\/types\/product"}],"replies":[{"embeddable":true,"href":"https:\/\/chemicalstore.ee\/ru\/wp-json\/wp\/v2\/comments?post=2660"}],"wp:featuredmedia":[{"embeddable":true,"href":"https:\/\/chemicalstore.ee\/ru\/wp-json\/wp\/v2\/media\/2661"}],"wp:attachment":[{"href":"https:\/\/chemicalstore.ee\/ru\/wp-json\/wp\/v2\/media?parent=2660"}],"wp:term":[{"taxonomy":"product_brand","embeddable":true,"href":"https:\/\/chemicalstore.ee\/ru\/wp-json\/wp\/v2\/product_brand?post=2660"},{"taxonomy":"product_cat","embeddable":true,"href":"https:\/\/chemicalstore.ee\/ru\/wp-json\/wp\/v2\/product_cat?post=2660"},{"taxonomy":"product_tag","embeddable":true,"href":"https:\/\/chemicalstore.ee\/ru\/wp-json\/wp\/v2\/product_tag?post=2660"}],"curies":[{"name":"wp","href":"https:\/\/api.w.org\/{rel}","templated":true}]}}