{"id":2642,"date":"2024-10-02T13:09:51","date_gmt":"2024-10-02T13:09:51","guid":{"rendered":"https:\/\/chemicalstore.ee\/toode\/klaasipesuaineglass-cleaner-100ml\/"},"modified":"2024-10-02T13:09:59","modified_gmt":"2024-10-02T13:09:59","slug":"klaasipesuaineglass-cleaner-100ml","status":"publish","type":"product","link":"https:\/\/chemicalstore.ee\/ru\/toode\/klaasipesuaineglass-cleaner-100ml\/","title":{"rendered":"Klaasipesuaine,Glass Cleaner &#8211; 100ml"},"content":{"rendered":"<p>CAR5 Glass Cleaner on v\u00e4ga t\u00f5hus ja lihtsalt kasutatav klaasipuhastusvahend, mis sobib k\u00f5ikidele klaaspindadele nii auto sees ja v\u00e4ljas kui ka kodus. Glass Cleaner hammustab rasva- ja \u00f5lip\u00f5hist mustust, aga ka putukaj\u00e4\u00e4ke ja nikotiinikilet ning puhastab kiiresti ja vaevata ka raske mustuse. Olles alkoholip\u00f5hine, aurustub Glass Cleaner puhastatavatelt pindadelt kiiresti ja ideaalselt ning see ei j\u00e4ta triipe ega muid ebameeldivaid j\u00e4lgi, mis l\u00f5pptulemust n\u00f5rgendavad. T\u00e4nu suurep\u00e4rasele pihustuspudelile on ainet lihtne kogu puhastatavale pinnale hajutada. Seega ei l\u00e4he aine raisku ega satub asjatult mujale auto salongi. Erinevalt paljudest odavatest v\u00f5i kodustest klaasipuhastusvahenditest ei sisalda CAR5 Glass Cleaner ammoniaaki, mis on organismi sattudes kahjulik. Nii on aine kasutamine turvaline ka auto sees, kus ainet ei saa nii t\u00f5husalt eemaldada kui v\u00e4ljast. M\u00f5nus, v\u00e4rske l\u00f5hn!<\/p>\n","protected":false},"excerpt":{"rendered":"<p>Car5T\u00f5hus ja soodne ammoniaagivaba klaasipuhastusvahend autosse ja koju. Eemaldab isegi tugeva mustuse, sobib nii sise- kui v\u00e4lispindadele!<\/p>\n","protected":false},"featured_media":2643,"comment_status":"closed","ping_status":"open","template":"","meta":{"_monsterinsights_skip_tracking":false,"_monsterinsights_sitenote_active":false,"_monsterinsights_sitenote_note":"","_monsterinsights_sitenote_category":0},"product_brand":[],"product_cat":[35],"product_tag":[],"class_list":{"0":"post-2642","1":"product","2":"type-product","3":"status-publish","4":"has-post-thumbnail","6":"product_cat-puhastusvahendid-autohooldustooted","7":"pa_brand-car5","8":"pa_kasutusotstarve-klaasi-puhastamine","9":"pa_pakend-pihustuspeaga-plastpudel","10":"pa_uhiku-hind-29-00e-l","12":"first","13":"onbackorder","14":"taxable","15":"shipping-taxable","16":"purchasable","17":"product-type-simple"},"_links":{"self":[{"href":"https:\/\/chemicalstore.ee\/ru\/wp-json\/wp\/v2\/product\/2642","targetHints":{"allow":["GET"]}}],"collection":[{"href":"https:\/\/chemicalstore.ee\/ru\/wp-json\/wp\/v2\/product"}],"about":[{"href":"https:\/\/chemicalstore.ee\/ru\/wp-json\/wp\/v2\/types\/product"}],"replies":[{"embeddable":true,"href":"https:\/\/chemicalstore.ee\/ru\/wp-json\/wp\/v2\/comments?post=2642"}],"wp:featuredmedia":[{"embeddable":true,"href":"https:\/\/chemicalstore.ee\/ru\/wp-json\/wp\/v2\/media\/2643"}],"wp:attachment":[{"href":"https:\/\/chemicalstore.ee\/ru\/wp-json\/wp\/v2\/media?parent=2642"}],"wp:term":[{"taxonomy":"product_brand","embeddable":true,"href":"https:\/\/chemicalstore.ee\/ru\/wp-json\/wp\/v2\/product_brand?post=2642"},{"taxonomy":"product_cat","embeddable":true,"href":"https:\/\/chemicalstore.ee\/ru\/wp-json\/wp\/v2\/product_cat?post=2642"},{"taxonomy":"product_tag","embeddable":true,"href":"https:\/\/chemicalstore.ee\/ru\/wp-json\/wp\/v2\/product_tag?post=2642"}],"curies":[{"name":"wp","href":"https:\/\/api.w.org\/{rel}","templated":true}]}}