{"id":2634,"date":"2024-10-02T13:09:51","date_gmt":"2024-10-02T13:09:51","guid":{"rendered":"https:\/\/chemicalstore.ee\/toode\/pihustatav-vahaspray-wax-500ml\/"},"modified":"2024-10-02T13:09:58","modified_gmt":"2024-10-02T13:09:58","slug":"pihustatav-vahaspray-wax-500ml","status":"publish","type":"product","link":"https:\/\/chemicalstore.ee\/ru\/toode\/pihustatav-vahaspray-wax-500ml\/","title":{"rendered":"Pihustatav vaha,Spray Wax &#8211; 500ml"},"content":{"rendered":"<p>CAR5 Spray Wax on v\u00e4ga lihtsalt kasutatav, vastupidav ja kulut\u00f5hus lahendus auto v\u00e4rvkatte kaitsmiseks. Seostub v\u00e4rvipinnaga ja moodustab vastupidava keemilise sideme, t\u00e4nu millele saab v\u00e4rvipinda \u00fche t\u00f6\u00f6tlusega kaitsta kuni 2 kuud. Lisaks kaitsele s\u00fcvendab kiirvaha veidi pinna l\u00e4iget, muutes v\u00e4rvi s\u00fcgavamaks ja rikkalikumaks. Spray Wax on v\u00e4lja t\u00f6\u00f6tatud eelk\u00f5ige v\u00f5imalikult lihtsat kaitset silmas pidades ning sobib t\u00e4nu oma omadustele nii professionaalseks kasutamiseks kui ka autohoolduse alustamiseks. Olles \u00fclimalt h\u00fcdrofoobne, muudab aine pinna t\u00f5eliselt t\u00f5rjuvaks ning ei lase mustusel sinna kleepuda, muutes pinna puhtaks isegi &#8220;iseenesest&#8221;, kuna ka v\u00e4ike vihmasadu kannab pinnale kogunenud mustuse minema. Lisaks tuleb pestes mustus palju kergemini maha kui kaitsmata pinnalt, mis teeb pesemise lihtsamaks ja v\u00e4hendab ka kriimustuste tekkimist. Spray Wax on lisaks muudele omadustele v\u00e4gagi kuluefektiivne ning n\u00e4iteks kapoti kaitsmiseks piisab vaid m\u00f5nest pihustist. CAR5 Spray Wax on biolagunev, mis t\u00e4hendab, et seda saab ohutult kasutada isegi \u00f5ue pesemisel.<\/p>\n","protected":false},"excerpt":{"rendered":"<p>Car5V\u00e4ga lihtsalt ja kiiresti kasutatav kiirvaha autode v\u00e4lispindadele. J\u00e4tab s\u00fcgava l\u00e4ike ja h\u00fcdrofoobse pinna.<\/p>\n","protected":false},"featured_media":2635,"comment_status":"closed","ping_status":"open","template":"","meta":{"_monsterinsights_skip_tracking":false,"_monsterinsights_sitenote_active":false,"_monsterinsights_sitenote_note":"","_monsterinsights_sitenote_category":0},"product_brand":[],"product_cat":[27],"product_tag":[],"class_list":{"0":"post-2634","1":"product","2":"type-product","3":"status-publish","4":"has-post-thumbnail","6":"product_cat-kaitseained","7":"pa_brand-car5","8":"pa_kasutusotstarve-auto-varvikaitse","9":"pa_pakend-pihustuspeaga-plastpudel","10":"pa_uhiku-hind-21-80e-l","12":"first","13":"onbackorder","14":"taxable","15":"shipping-taxable","16":"purchasable","17":"product-type-simple"},"_links":{"self":[{"href":"https:\/\/chemicalstore.ee\/ru\/wp-json\/wp\/v2\/product\/2634","targetHints":{"allow":["GET"]}}],"collection":[{"href":"https:\/\/chemicalstore.ee\/ru\/wp-json\/wp\/v2\/product"}],"about":[{"href":"https:\/\/chemicalstore.ee\/ru\/wp-json\/wp\/v2\/types\/product"}],"replies":[{"embeddable":true,"href":"https:\/\/chemicalstore.ee\/ru\/wp-json\/wp\/v2\/comments?post=2634"}],"wp:featuredmedia":[{"embeddable":true,"href":"https:\/\/chemicalstore.ee\/ru\/wp-json\/wp\/v2\/media\/2635"}],"wp:attachment":[{"href":"https:\/\/chemicalstore.ee\/ru\/wp-json\/wp\/v2\/media?parent=2634"}],"wp:term":[{"taxonomy":"product_brand","embeddable":true,"href":"https:\/\/chemicalstore.ee\/ru\/wp-json\/wp\/v2\/product_brand?post=2634"},{"taxonomy":"product_cat","embeddable":true,"href":"https:\/\/chemicalstore.ee\/ru\/wp-json\/wp\/v2\/product_cat?post=2634"},{"taxonomy":"product_tag","embeddable":true,"href":"https:\/\/chemicalstore.ee\/ru\/wp-json\/wp\/v2\/product_tag?post=2634"}],"curies":[{"name":"wp","href":"https:\/\/api.w.org\/{rel}","templated":true}]}}