{"id":2626,"date":"2024-10-02T13:09:51","date_gmt":"2024-10-02T13:09:51","guid":{"rendered":"https:\/\/chemicalstore.ee\/toode\/putukate-eemaldusaineinsect-remover-500ml\/"},"modified":"2024-10-02T13:09:57","modified_gmt":"2024-10-02T13:09:57","slug":"putukate-eemaldusaineinsect-remover-500ml","status":"publish","type":"product","link":"https:\/\/chemicalstore.ee\/ru\/toode\/putukate-eemaldusaineinsect-remover-500ml\/","title":{"rendered":"Putukate eemaldusaine,Insect Remover &#8211; 500ml"},"content":{"rendered":"<p>CAR5 Insect Remover on v\u00e4ga t\u00f5hus ja lihtsalt kasutatav puhastusvahend nii putukate kui ka muu orgaanilise mustuse eemaldamiseks. See on loodud t\u00f6\u00f6tama eelk\u00f5ige putukavalguga ning aine pehmendab ja eemaldab pesemise ajal t\u00f5husalt ja \u00f5rnalt v\u00f6\u00f6ri kinni j\u00e4\u00e4nud putukad, isegi need, mis on kinni j\u00e4\u00e4nud kuivanud. Lisaks on aine v\u00e4ga kiire toimega ja putukad hakkavad p\u00e4rast paarisekundilist kokkupuudet eralduma. Lisaks k\u00f5ikv\u00f5imalikele putukakorjustele on aine efektiivne praktiliselt kogu orgaanilise mustuse, nt. lindude v\u00e4ljaheidetele. Putukaeemaldaja on v\u00e4ga \u00f5rn ja seda on ohutu kasutada k\u00f5ikidel auto v\u00e4lispindadel, nagu tuuleklaasid, v\u00e4rvkatted ja plastdetailid. Aine on ka vahakindel, st ei kahjusta auto pinnal olevat vaha ega kattekihti. M\u00f5nus, v\u00e4rske l\u00f5hn!<\/p>\n","protected":false},"excerpt":{"rendered":"<p>Car5T\u00f5hus ja kiire toimega putukat\u00f5rjevahend k\u00f5ikidele v\u00e4lispindadele. T\u00f6\u00f6tab suurep\u00e4raselt isegi t\u00f5rksa mustuse korral.<\/p>\n","protected":false},"featured_media":2627,"comment_status":"closed","ping_status":"open","template":"","meta":{"_monsterinsights_skip_tracking":false,"_monsterinsights_sitenote_active":false,"_monsterinsights_sitenote_note":"","_monsterinsights_sitenote_category":0},"product_brand":[],"product_cat":[35],"product_tag":[],"class_list":{"0":"post-2626","1":"product","2":"type-product","3":"status-publish","4":"has-post-thumbnail","6":"product_cat-puhastusvahendid-autohooldustooted","7":"pa_brand-car5","8":"pa_kasutusotstarve-putukate-ja-muu-orgaanilise-mustuse-eemaldamine-auto-pindadelt","9":"pa_pakend-pihustuspeaga-plastpudel","10":"pa_uhiku-hind-21-80e-l","12":"first","13":"onbackorder","14":"taxable","15":"shipping-taxable","16":"purchasable","17":"product-type-simple"},"_links":{"self":[{"href":"https:\/\/chemicalstore.ee\/ru\/wp-json\/wp\/v2\/product\/2626","targetHints":{"allow":["GET"]}}],"collection":[{"href":"https:\/\/chemicalstore.ee\/ru\/wp-json\/wp\/v2\/product"}],"about":[{"href":"https:\/\/chemicalstore.ee\/ru\/wp-json\/wp\/v2\/types\/product"}],"replies":[{"embeddable":true,"href":"https:\/\/chemicalstore.ee\/ru\/wp-json\/wp\/v2\/comments?post=2626"}],"wp:featuredmedia":[{"embeddable":true,"href":"https:\/\/chemicalstore.ee\/ru\/wp-json\/wp\/v2\/media\/2627"}],"wp:attachment":[{"href":"https:\/\/chemicalstore.ee\/ru\/wp-json\/wp\/v2\/media?parent=2626"}],"wp:term":[{"taxonomy":"product_brand","embeddable":true,"href":"https:\/\/chemicalstore.ee\/ru\/wp-json\/wp\/v2\/product_brand?post=2626"},{"taxonomy":"product_cat","embeddable":true,"href":"https:\/\/chemicalstore.ee\/ru\/wp-json\/wp\/v2\/product_cat?post=2626"},{"taxonomy":"product_tag","embeddable":true,"href":"https:\/\/chemicalstore.ee\/ru\/wp-json\/wp\/v2\/product_tag?post=2626"}],"curies":[{"name":"wp","href":"https:\/\/api.w.org\/{rel}","templated":true}]}}