{"id":2625,"date":"2024-10-02T13:09:51","date_gmt":"2024-10-02T13:09:51","guid":{"rendered":"https:\/\/chemicalstore.ee\/toode\/akutoitel-pihustuspudeles-1-1000-ml-alused-rauaeemaldajad-tokya\/"},"modified":"2024-10-02T13:09:56","modified_gmt":"2024-10-02T13:09:56","slug":"akutoitel-pihustuspudeles-1-1000-ml-alused-rauaeemaldajad-tokya","status":"publish","type":"product","link":"https:\/\/chemicalstore.ee\/ru\/toode\/akutoitel-pihustuspudeles-1-1000-ml-alused-rauaeemaldajad-tokya\/","title":{"rendered":"Akutoitel pihustuspudel,ES-1, 1000 ml, Alused \/ Rauaeemaldajad &#8211; Tokya"},"content":{"rendered":"<p>Tokya ES-1 Gen1 on akutoitega pihustuspudel, mis muudab auto pesemise l\u00f5busaks ja vaevatuks! Selle pihustuspudeliga saate lihtsalt nupule vajutades lihtsalt peale kanda veelgi rohkem geelitaolisi pesuaineid, ilma pidevast pumpamisest p\u00f5hjustatud randmevaluta. ES-1 Gen1 sobib biolahustitele (alustele), rauaeemaldajatele, sisepuhastusvahenditele, \u00fcldpuhastusvahenditele ja teistele nn tavalistele pesuvahenditele (ei sobi v\u00e4ikestele eemaldajatele ega k\u00fclmadele rasvaeemaldusvahenditele). Lisaks on see suurep\u00e4rane abimees nt kodukoristusel v\u00f5i riiete triikimisel \u2013 selle toote puhul on piiriks vaid kujutlusv\u00f5ime! Pihustipudeli otsikut saab reguleerida laiaks v\u00f5i kitsaks, mis v\u00f5imaldab v\u00e4ga mitmek\u00fclgset kasutamist ning pikk kasutusaeg (60-90 min) t\u00e4hendab, et peale iga pesu ei pea pihustit uuesti laadima.<\/p>\n","protected":false},"excerpt":{"rendered":"<p>TokyaAkutoitel pihustuspudel, mis muudab auto pesemise l\u00f5busaks ja vaevatuks! Selle pihustuspudeliga kannate pesuvahendeid ilma randmevaluta. Reguleeritav otsik ja pikk kasutusaeg.<\/p>\n","protected":false},"featured_media":2617,"comment_status":"closed","ping_status":"open","template":"","meta":{"_monsterinsights_skip_tracking":false,"_monsterinsights_sitenote_active":false,"_monsterinsights_sitenote_note":"","_monsterinsights_sitenote_category":0},"product_brand":[],"product_cat":[46],"product_tag":[],"class_list":{"0":"post-2625","1":"product","2":"type-product","3":"status-publish","4":"has-post-thumbnail","6":"product_cat-autohooldus-muu","7":"pa_akku-li-ion-2000-mah-3-6-v","8":"pa_brand-tokya","9":"pa_kasutusotstarve-lihtne-pesuaine-pealekandmine","10":"pa_uhiku-hind-54-90e-tk","12":"first","13":"onbackorder","14":"taxable","15":"shipping-taxable","16":"purchasable","17":"product-type-simple"},"_links":{"self":[{"href":"https:\/\/chemicalstore.ee\/ru\/wp-json\/wp\/v2\/product\/2625","targetHints":{"allow":["GET"]}}],"collection":[{"href":"https:\/\/chemicalstore.ee\/ru\/wp-json\/wp\/v2\/product"}],"about":[{"href":"https:\/\/chemicalstore.ee\/ru\/wp-json\/wp\/v2\/types\/product"}],"replies":[{"embeddable":true,"href":"https:\/\/chemicalstore.ee\/ru\/wp-json\/wp\/v2\/comments?post=2625"}],"wp:featuredmedia":[{"embeddable":true,"href":"https:\/\/chemicalstore.ee\/ru\/wp-json\/wp\/v2\/media\/2617"}],"wp:attachment":[{"href":"https:\/\/chemicalstore.ee\/ru\/wp-json\/wp\/v2\/media?parent=2625"}],"wp:term":[{"taxonomy":"product_brand","embeddable":true,"href":"https:\/\/chemicalstore.ee\/ru\/wp-json\/wp\/v2\/product_brand?post=2625"},{"taxonomy":"product_cat","embeddable":true,"href":"https:\/\/chemicalstore.ee\/ru\/wp-json\/wp\/v2\/product_cat?post=2625"},{"taxonomy":"product_tag","embeddable":true,"href":"https:\/\/chemicalstore.ee\/ru\/wp-json\/wp\/v2\/product_tag?post=2625"}],"curies":[{"name":"wp","href":"https:\/\/api.w.org\/{rel}","templated":true}]}}