{"id":2616,"date":"2024-10-02T13:09:51","date_gmt":"2024-10-02T13:09:51","guid":{"rendered":"https:\/\/chemicalstore.ee\/toode\/akutoitel-pihustuspudeles-1-1000-ml-lahusti-vaike-eemaldusained-tokya\/"},"modified":"2024-10-02T13:09:56","modified_gmt":"2024-10-02T13:09:56","slug":"akutoitel-pihustuspudeles-1-1000-ml-lahusti-vaike-eemaldusained-tokya","status":"publish","type":"product","link":"https:\/\/chemicalstore.ee\/ru\/toode\/akutoitel-pihustuspudeles-1-1000-ml-lahusti-vaike-eemaldusained-tokya\/","title":{"rendered":"Akutoitel pihustuspudel,ES-1, 1000 ml, Lahusti \/ v\u00e4ike eemaldusained &#8211; Tokya"},"content":{"rendered":"<p>Tokya ES-1 Gen2 on akutoitega pihustuspudel, mis muudab auto pesemise l\u00f5busaks ja vaevatuks! Selle pihustuspudeliga saad lihtsalt nupule vajutades peale kanda ka k\u00f5ige geelitaolisemaid pesuvahendeid ilma pidevast pumpamisest p\u00f5hjustatud randmevaluta. ES-1 Gen2 on loodud taluma lahusteid, v\u00e4ikeseid rasvaeemaldusvahendeid, k\u00fclma rasvaeemaldajaid (naftap\u00f5hised ained) ja traditsioonilisi rasvaeemaldajaid. Lisaks \u00fclalnimetatud ainetele saab seda kasutada ka nn tavaliste pesuainete (leeliste) pealekandmisel, lisaks on see heaks abimeheks ka nt sisepesul, kodukoristust\u00f6\u00f6del v\u00f5i n\u00e4iteks riiete triikimisel. . Selle toote puhul on piiriks vaid teie kujutlusv\u00f5ime! Pihustipudeli otsikut saab reguleerida laiaks v\u00f5i kitsaks, mis v\u00f5imaldab v\u00e4ga mitmek\u00fclgset kasutamist ning pikk kasutusaeg (60-90 min) t\u00e4hendab, et peale iga pesu ei pea pihustit uuesti laadima.<\/p>\n","protected":false},"excerpt":{"rendered":"<p>TokyaAkutoitel pihustuspudel, mis muudab auto pesemise l\u00f5busaks ja vaevatuks! Selle pihustuspudeliga kannate pesuvahendeid ilma randmevaluta. Reguleeritav otsik ja pikk kasutusaeg. Sobib lahustite baasil ja v\u00e4ikestele eemaldajatele.<\/p>\n","protected":false},"featured_media":2617,"comment_status":"closed","ping_status":"open","template":"","meta":{"_monsterinsights_skip_tracking":false,"_monsterinsights_sitenote_active":false,"_monsterinsights_sitenote_note":"","_monsterinsights_sitenote_category":0},"product_brand":[],"product_cat":[46],"product_tag":[],"class_list":{"0":"post-2616","1":"product","2":"type-product","3":"status-publish","4":"has-post-thumbnail","6":"product_cat-autohooldus-muu","7":"pa_akku-li-ion-2000-mah-3-6-v","8":"pa_brand-tokya","9":"pa_kasutusotstarve-lihtne-pesuaine-pealekandmine","10":"pa_uhiku-hind-54-90e-tk","12":"first","13":"onbackorder","14":"taxable","15":"shipping-taxable","16":"purchasable","17":"product-type-simple"},"_links":{"self":[{"href":"https:\/\/chemicalstore.ee\/ru\/wp-json\/wp\/v2\/product\/2616","targetHints":{"allow":["GET"]}}],"collection":[{"href":"https:\/\/chemicalstore.ee\/ru\/wp-json\/wp\/v2\/product"}],"about":[{"href":"https:\/\/chemicalstore.ee\/ru\/wp-json\/wp\/v2\/types\/product"}],"replies":[{"embeddable":true,"href":"https:\/\/chemicalstore.ee\/ru\/wp-json\/wp\/v2\/comments?post=2616"}],"wp:featuredmedia":[{"embeddable":true,"href":"https:\/\/chemicalstore.ee\/ru\/wp-json\/wp\/v2\/media\/2617"}],"wp:attachment":[{"href":"https:\/\/chemicalstore.ee\/ru\/wp-json\/wp\/v2\/media?parent=2616"}],"wp:term":[{"taxonomy":"product_brand","embeddable":true,"href":"https:\/\/chemicalstore.ee\/ru\/wp-json\/wp\/v2\/product_brand?post=2616"},{"taxonomy":"product_cat","embeddable":true,"href":"https:\/\/chemicalstore.ee\/ru\/wp-json\/wp\/v2\/product_cat?post=2616"},{"taxonomy":"product_tag","embeddable":true,"href":"https:\/\/chemicalstore.ee\/ru\/wp-json\/wp\/v2\/product_tag?post=2616"}],"curies":[{"name":"wp","href":"https:\/\/api.w.org\/{rel}","templated":true}]}}