{"id":2610,"date":"2024-10-02T13:09:51","date_gmt":"2024-10-02T13:09:51","guid":{"rendered":"https:\/\/chemicalstore.ee\/toode\/poleerimispatjade-komplektfiber-kit-1-5-tokya\/"},"modified":"2024-10-02T13:09:54","modified_gmt":"2024-10-02T13:09:54","slug":"poleerimispatjade-komplektfiber-kit-1-5-tokya","status":"publish","type":"product","link":"https:\/\/chemicalstore.ee\/ru\/toode\/poleerimispatjade-komplektfiber-kit-1-5-tokya\/","title":{"rendered":"Poleerimispatjade komplekt,Fiber Kit, 1.5&#8243; &#8211; Tokya"},"content":{"rendered":"<p>Tokya Fibre Kit on spetsiaalselt v\u00e4ikestele poleerimismasinatele m\u00f5eldud terviklik ketaste komplekt, mis sobib nii ekstsentrilistele kui ka p\u00f6\u00f6rlevatele masinatele. Komplektis on kaks t\u00fckki Tokya v\u00e4ga l\u00f5ikavat L-Wool villaketast, veidi kergema l\u00f5ikega S-Wool villaketas ja DualFiber mikrofiiberketas v\u00e4ga suure l\u00f5ikealaga. Selle kiurikka kettakomplekti abil saad t\u00f5husalt eemaldada s\u00fcgavad kriimud ja halva oks\u00fcdatsiooni ning kaasasoleva mikrokiudkettaga saab pinnad viimistleda ka p\u00e4rast karedamaid villaseid kettaid. Kettad on saadaval 1,5&#8243; ja 2&#8243; suuruses, seega saab neid kasutada eelk\u00f5ige detailide ja v\u00e4ikeste pindade poleerimiseks, samuti mootorrataste, ATVde v\u00f5i muude v\u00e4iksemate s\u00f5idukite poleerimiseks. See komplekt on suurep\u00e4rane valik olukordadeks, kus v\u00e4rvipind on j\u00f5udnud juba keskmiselt halvasse v\u00f5i v\u00e4ga halvasse seisu ja vajab tavap\u00e4rasest rohkem armastust<\/p>\n","protected":false},"excerpt":{"rendered":"<p>TokyaV\u00e4ikestele poleerimismasinatele m\u00f5eldud ketaste komplekt, millega saab eemaldada s\u00fcgavaid kriimustusi, lihvimisj\u00e4lgi, aga ka m\u00f5\u00f5dukaid kriimustusi, oks\u00fcdatsiooni ja hologramme. Kettad sobivad nii ekstsentrilistele kui ka otseajam masinatele, saadaval 1,5&#8243; ja 2&#8243; suuruses!<\/p>\n","protected":false},"featured_media":2606,"comment_status":"closed","ping_status":"open","template":"","meta":{"_monsterinsights_skip_tracking":false,"_monsterinsights_sitenote_active":false,"_monsterinsights_sitenote_note":"","_monsterinsights_sitenote_category":0},"product_brand":[],"product_cat":[86],"product_tag":[],"class_list":{"0":"post-2610","1":"product","2":"type-product","3":"status-publish","4":"has-post-thumbnail","6":"product_cat-poleerimine","7":"pa_brand-tokya","8":"pa_kasutusotstarve-varvi-ja-lakipindade-mehaaniline-poleerimine","9":"pa_moodud-1-5-38-mm-voi-2-50-mm","10":"pa_uhiku-hind-3-32e-tk","12":"first","13":"onbackorder","14":"taxable","15":"shipping-taxable","16":"purchasable","17":"product-type-simple"},"_links":{"self":[{"href":"https:\/\/chemicalstore.ee\/ru\/wp-json\/wp\/v2\/product\/2610","targetHints":{"allow":["GET"]}}],"collection":[{"href":"https:\/\/chemicalstore.ee\/ru\/wp-json\/wp\/v2\/product"}],"about":[{"href":"https:\/\/chemicalstore.ee\/ru\/wp-json\/wp\/v2\/types\/product"}],"replies":[{"embeddable":true,"href":"https:\/\/chemicalstore.ee\/ru\/wp-json\/wp\/v2\/comments?post=2610"}],"wp:featuredmedia":[{"embeddable":true,"href":"https:\/\/chemicalstore.ee\/ru\/wp-json\/wp\/v2\/media\/2606"}],"wp:attachment":[{"href":"https:\/\/chemicalstore.ee\/ru\/wp-json\/wp\/v2\/media?parent=2610"}],"wp:term":[{"taxonomy":"product_brand","embeddable":true,"href":"https:\/\/chemicalstore.ee\/ru\/wp-json\/wp\/v2\/product_brand?post=2610"},{"taxonomy":"product_cat","embeddable":true,"href":"https:\/\/chemicalstore.ee\/ru\/wp-json\/wp\/v2\/product_cat?post=2610"},{"taxonomy":"product_tag","embeddable":true,"href":"https:\/\/chemicalstore.ee\/ru\/wp-json\/wp\/v2\/product_tag?post=2610"}],"curies":[{"name":"wp","href":"https:\/\/api.w.org\/{rel}","templated":true}]}}