{"id":2604,"date":"2024-10-02T13:09:51","date_gmt":"2024-10-02T13:09:51","guid":{"rendered":"https:\/\/chemicalstore.ee\/toode\/poleerimispatjade-komplektfoam-kit-1-5-tokya\/"},"modified":"2024-10-02T13:09:53","modified_gmt":"2024-10-02T13:09:53","slug":"poleerimispatjade-komplektfoam-kit-1-5-tokya","status":"publish","type":"product","link":"https:\/\/chemicalstore.ee\/ru\/toode\/poleerimispatjade-komplektfoam-kit-1-5-tokya\/","title":{"rendered":"Poleerimispatjade komplekt,Foam Kit, 1.5&#8243; &#8211; Tokya"},"content":{"rendered":"<p>Tokya Foam Kit on spetsiaalselt v\u00e4ikestele poleerimismasinatele m\u00f5eldud terviklik ketaste komplekt, mis sobib nii ekstsentrilistele kui ka p\u00f6\u00f6rlevatele masinatele. Komplektis on kaks t\u00fckki kolme erineva l\u00f5ikavusega Tokya vahtkettaid, mille poleerimisomadused on esmaklassilised ning need sobivad nii nn &#8220;\u00fcheastmeliseks&#8221; poleerimiseks kui ka mitmeastmeliseks poleerimiseks. Kettad on saadaval 1,5&#8243; ja 2&#8243; suuruses, seega saab neid kasutada eelk\u00f5ige detailide ja v\u00e4ikeste pindade poleerimiseks, samuti mootorrataste, ATVde v\u00f5i muude v\u00e4iksemate s\u00f5idukite poleerimiseks. Komplekti kuuluvate ketaste abil saab eemaldada nii v\u00e4ikseid kriimustusi ja hologramme kui ka m\u00f5\u00f5dukalt s\u00fcgavaid kriimustusi ja oks\u00fcdatsiooni, seega on see komplekt suurep\u00e4rane valik olukordadeks, kus v\u00e4rvkate on veel m\u00f5\u00f5dukas seisukorras, kuid vajab juba veidi armastust.<\/p>\n","protected":false},"excerpt":{"rendered":"<p>TokyaV\u00e4ikestele poleerimismasinatele m\u00f5eldud ketaste komplekt, millega saab eemaldada nii v\u00e4ikseid kriimustusi ja hologramme kui ka m\u00f5\u00f5dukalt s\u00fcgavaid kriimustusi ja oks\u00fcdatsiooni. Kettad sobivad nii ekstsentrilistele kui ka otseajam masinatele, saadaval 1,5&#8243; ja 2&#8243; suuruses!<\/p>\n","protected":false},"featured_media":2600,"comment_status":"closed","ping_status":"open","template":"","meta":{"_monsterinsights_skip_tracking":false,"_monsterinsights_sitenote_active":false,"_monsterinsights_sitenote_note":"","_monsterinsights_sitenote_category":0},"product_brand":[],"product_cat":[86],"product_tag":[],"class_list":{"0":"post-2604","1":"product","2":"type-product","3":"status-publish","4":"has-post-thumbnail","6":"product_cat-poleerimine","7":"pa_brand-tokya","8":"pa_kasutusotstarve-varvi-ja-lakipindade-mehaaniline-poleerimine","9":"pa_moodud-1-5-38-mm-voi-2-50-mm","10":"pa_uhiku-hind-3-32e-tk","12":"first","13":"onbackorder","14":"taxable","15":"shipping-taxable","16":"purchasable","17":"product-type-simple"},"_links":{"self":[{"href":"https:\/\/chemicalstore.ee\/ru\/wp-json\/wp\/v2\/product\/2604","targetHints":{"allow":["GET"]}}],"collection":[{"href":"https:\/\/chemicalstore.ee\/ru\/wp-json\/wp\/v2\/product"}],"about":[{"href":"https:\/\/chemicalstore.ee\/ru\/wp-json\/wp\/v2\/types\/product"}],"replies":[{"embeddable":true,"href":"https:\/\/chemicalstore.ee\/ru\/wp-json\/wp\/v2\/comments?post=2604"}],"wp:featuredmedia":[{"embeddable":true,"href":"https:\/\/chemicalstore.ee\/ru\/wp-json\/wp\/v2\/media\/2600"}],"wp:attachment":[{"href":"https:\/\/chemicalstore.ee\/ru\/wp-json\/wp\/v2\/media?parent=2604"}],"wp:term":[{"taxonomy":"product_brand","embeddable":true,"href":"https:\/\/chemicalstore.ee\/ru\/wp-json\/wp\/v2\/product_brand?post=2604"},{"taxonomy":"product_cat","embeddable":true,"href":"https:\/\/chemicalstore.ee\/ru\/wp-json\/wp\/v2\/product_cat?post=2604"},{"taxonomy":"product_tag","embeddable":true,"href":"https:\/\/chemicalstore.ee\/ru\/wp-json\/wp\/v2\/product_tag?post=2604"}],"curies":[{"name":"wp","href":"https:\/\/api.w.org\/{rel}","templated":true}]}}