{"id":2595,"date":"2024-10-02T13:09:32","date_gmt":"2024-10-02T13:09:32","guid":{"rendered":"https:\/\/chemicalstore.ee\/toode\/poleerimispatjade-komplektall-in-one-2-tokya\/"},"modified":"2024-10-02T13:09:48","modified_gmt":"2024-10-02T13:09:48","slug":"poleerimispatjade-komplektall-in-one-2-tokya","status":"publish","type":"product","link":"https:\/\/chemicalstore.ee\/ru\/toode\/poleerimispatjade-komplektall-in-one-2-tokya\/","title":{"rendered":"Poleerimispatjade komplekt,All-in-One, 2&#8243;  &#8211; Tokya"},"content":{"rendered":"<p>Tokya All-in-One on v\u00e4ga p\u00f5hjalik v\u00e4ikeste poleerimismasinate jaoks m\u00f5eldud ketaste komplekt, mis sobib nii ekstsentrilise kui ka otseajamiga masinatele. Komplektis on kolm erineva l\u00f5ikavusega poroloonketast, kaks villaketast ja \u00fcks mikrokiudketas, millega saab eemaldada nii v\u00e4ikseid kriimustusi ja hologramme kui ka s\u00fcgavamaid kriimustusi ja lihvimisj\u00e4lgi. Mitmek\u00fclgset k\u00f5ik-\u00fches komplekti saab seet\u00f5ttu kasutada nii nn &#8220;\u00fchesammuliseks&#8221; poleerimiseks kui ka mitmeastmeliseks lihvimiseks, seega on see komplekt suurep\u00e4rane valik neile, kes ei kannata \u00fcksikute ketaste jahtimist. ostukorvi, kuid soovid terviklikku ja kvaliteetset paketti, millega saab renoveerida k\u00f5ikv\u00f5imalikke pindu! Kettad on saadaval 1,5&#8243; ja 2&#8243; suuruses, seega sobivad need eriti h\u00e4sti detailide ja v\u00e4ikeste alade poleerimiseks, samuti mootorrataste, ATV-de v\u00f5i muude v\u00e4iksemate s\u00f5idukite poleerimiseks.<\/p>\n","protected":false},"excerpt":{"rendered":"<p>TokyaV\u00e4ga p\u00f5hjalik v\u00e4ikestele poleerimismasinatele m\u00f5eldud kettakomplekt, millega saab eemaldada nii s\u00fcgavaid kriimustusi ja lihvimisj\u00e4lgi kui ka v\u00e4iksemaid kriimustusi ja hologramme! Kettad sobivad nii ekstsentrilistele kui ka p\u00f6\u00f6rlevatele masinatele, saadaval 1,5&#8243; ja 2&#8243; suuruses.<\/p>\n","protected":false},"featured_media":2596,"comment_status":"closed","ping_status":"open","template":"","meta":{"_monsterinsights_skip_tracking":false,"_monsterinsights_sitenote_active":false,"_monsterinsights_sitenote_note":"","_monsterinsights_sitenote_category":0},"product_brand":[],"product_cat":[86],"product_tag":[],"class_list":{"0":"post-2595","1":"product","2":"type-product","3":"status-publish","4":"has-post-thumbnail","6":"product_cat-poleerimine","7":"pa_brand-tokya","8":"pa_kasutusotstarve-varvi-ja-lakipindade-mehaaniline-poleerimine","9":"pa_moodud-1-5-38-mm-voi-2-50-mm","10":"pa_uhiku-hind-4-32e-tk","12":"first","13":"onbackorder","14":"taxable","15":"shipping-taxable","16":"purchasable","17":"product-type-simple"},"_links":{"self":[{"href":"https:\/\/chemicalstore.ee\/ru\/wp-json\/wp\/v2\/product\/2595","targetHints":{"allow":["GET"]}}],"collection":[{"href":"https:\/\/chemicalstore.ee\/ru\/wp-json\/wp\/v2\/product"}],"about":[{"href":"https:\/\/chemicalstore.ee\/ru\/wp-json\/wp\/v2\/types\/product"}],"replies":[{"embeddable":true,"href":"https:\/\/chemicalstore.ee\/ru\/wp-json\/wp\/v2\/comments?post=2595"}],"wp:featuredmedia":[{"embeddable":true,"href":"https:\/\/chemicalstore.ee\/ru\/wp-json\/wp\/v2\/media\/2596"}],"wp:attachment":[{"href":"https:\/\/chemicalstore.ee\/ru\/wp-json\/wp\/v2\/media?parent=2595"}],"wp:term":[{"taxonomy":"product_brand","embeddable":true,"href":"https:\/\/chemicalstore.ee\/ru\/wp-json\/wp\/v2\/product_brand?post=2595"},{"taxonomy":"product_cat","embeddable":true,"href":"https:\/\/chemicalstore.ee\/ru\/wp-json\/wp\/v2\/product_cat?post=2595"},{"taxonomy":"product_tag","embeddable":true,"href":"https:\/\/chemicalstore.ee\/ru\/wp-json\/wp\/v2\/product_tag?post=2595"}],"curies":[{"name":"wp","href":"https:\/\/api.w.org\/{rel}","templated":true}]}}