{"id":2571,"date":"2024-10-02T13:09:32","date_gmt":"2024-10-02T13:09:32","guid":{"rendered":"https:\/\/chemicalstore.ee\/toode\/poleerimismasinmini-32-ekstsentriline-otseajam-tokya\/"},"modified":"2024-10-02T13:09:45","modified_gmt":"2024-10-02T13:09:45","slug":"poleerimismasinmini-32-ekstsentriline-otseajam-tokya","status":"publish","type":"product","link":"https:\/\/chemicalstore.ee\/ru\/toode\/poleerimismasinmini-32-ekstsentriline-otseajam-tokya\/","title":{"rendered":"Poleerimismasin,MINI-32 &#8211; Ekstsentriline\/otseajam &#8211; Tokya"},"content":{"rendered":"<p>Tokya MINI-32 on suurep\u00e4rase hinna ja kvaliteedi suhtega akutoitega poleerimismasin kvaliteediteadlikule harrastajale ja igap\u00e4evaseks professionaalseks kasutamiseks. Selle j\u00f5udlus, mitmek\u00fclgsus ja v\u00e4ledus on v\u00f5rratud ning samal masinal on kolm t\u00f6\u00f6tehnoloogiat: otseajam (p\u00f6\u00f6rlev) ning 3 mm ja 12 mm ekstsentrilised liigutused. \u00dcks masin saab seega h\u00f5lpsasti hakkama k\u00f5igi t\u00f6\u00f6etappidega, alates prahi eemaldamisest ja punktlihvimisest kuni veatu peegelpinnani! Kompaktne kere ja lihtne k\u00e4sitsemine v\u00f5imaldavad poleerida kohti, kuhu traditsiooniliste masinatega ligi ei p\u00e4\u00e4se, nagu \u00f5huv\u00f5tuavad ning uste ja luukide vahel, klaverilakiga kaetud liistud ja luugid, mootorratta paagid ja poritiivad jne. Vaatamata v\u00e4iksusele, MINI-32 kasutamine ei piirdu kitsaste osade t\u00f6\u00f6tlemisega, vaid t\u00e4nu 12 mm ekstsentrilisele liikumisele ja 3&#8243; kettale saab sellega vaevata poleerida ka veidi suuremaid alasid, nagu p\u00f5rkeraudade taskud ja v\u00e4lisliistud.<\/p>\n","protected":false},"excerpt":{"rendered":"<p>Tokya\u00c4\u00e4rmiselt mitmek\u00fclgne akutoitega poleerimismasin 1,5&#8243;, 2&#8243; ja 3&#8243; ketastele. 3 ja 12 mm ekstsentrilised ja p\u00f6\u00f6rlevad funktsioonid samas masinas. Kaasas v\u00e4ga p\u00f5hjalikud tarvikud!<\/p>\n","protected":false},"featured_media":2572,"comment_status":"closed","ping_status":"open","template":"","meta":{"_monsterinsights_skip_tracking":false,"_monsterinsights_sitenote_active":false,"_monsterinsights_sitenote_note":"","_monsterinsights_sitenote_category":0},"product_brand":[],"product_cat":[86],"product_tag":[],"class_list":{"0":"post-2571","1":"product","2":"type-product","3":"status-publish","4":"has-post-thumbnail","6":"product_cat-poleerimine","7":"pa_brand-tokya","8":"pa_info-voimas-jouulekanne-voimaldab-kuni-75-mm-suuruseid-kettaid","9":"pa_uhiku-hind-299-90e-tk","11":"first","12":"onbackorder","13":"taxable","14":"shipping-taxable","15":"purchasable","16":"product-type-simple"},"_links":{"self":[{"href":"https:\/\/chemicalstore.ee\/ru\/wp-json\/wp\/v2\/product\/2571","targetHints":{"allow":["GET"]}}],"collection":[{"href":"https:\/\/chemicalstore.ee\/ru\/wp-json\/wp\/v2\/product"}],"about":[{"href":"https:\/\/chemicalstore.ee\/ru\/wp-json\/wp\/v2\/types\/product"}],"replies":[{"embeddable":true,"href":"https:\/\/chemicalstore.ee\/ru\/wp-json\/wp\/v2\/comments?post=2571"}],"wp:featuredmedia":[{"embeddable":true,"href":"https:\/\/chemicalstore.ee\/ru\/wp-json\/wp\/v2\/media\/2572"}],"wp:attachment":[{"href":"https:\/\/chemicalstore.ee\/ru\/wp-json\/wp\/v2\/media?parent=2571"}],"wp:term":[{"taxonomy":"product_brand","embeddable":true,"href":"https:\/\/chemicalstore.ee\/ru\/wp-json\/wp\/v2\/product_brand?post=2571"},{"taxonomy":"product_cat","embeddable":true,"href":"https:\/\/chemicalstore.ee\/ru\/wp-json\/wp\/v2\/product_cat?post=2571"},{"taxonomy":"product_tag","embeddable":true,"href":"https:\/\/chemicalstore.ee\/ru\/wp-json\/wp\/v2\/product_tag?post=2571"}],"curies":[{"name":"wp","href":"https:\/\/api.w.org\/{rel}","templated":true}]}}