{"id":2570,"date":"2024-10-02T13:09:32","date_gmt":"2024-10-02T13:09:32","guid":{"rendered":"https:\/\/chemicalstore.ee\/toode\/vaht-poleerimisketasdacoarse-3-tokya\/"},"modified":"2024-10-02T13:09:45","modified_gmt":"2024-10-02T13:09:45","slug":"vaht-poleerimisketasdacoarse-3-tokya","status":"publish","type":"product","link":"https:\/\/chemicalstore.ee\/ru\/toode\/vaht-poleerimisketasdacoarse-3-tokya\/","title":{"rendered":"Vaht poleerimisketas,DA,Coarse, 3&#8243; &#8211; Tokya"},"content":{"rendered":"","protected":false},"excerpt":{"rendered":"<p>TokyaKvaliteetsest ja vastupidavast vahust valmistatud Tokya tooteperekonna karedaim ketas. \u00dcmardatud servad muudavad t\u00f6\u00f6tamise lihtsaks ja ketta keskel olev jahutusava hoiab \u00e4ra \u00fclekuumenemise. Saadaval kahes erinevas suuruses!<\/p>\n","protected":false},"featured_media":2559,"comment_status":"closed","ping_status":"open","template":"","meta":{"_monsterinsights_skip_tracking":false,"_monsterinsights_sitenote_active":false,"_monsterinsights_sitenote_note":"","_monsterinsights_sitenote_category":0},"product_brand":[],"product_cat":[86],"product_tag":[],"class_list":{"0":"post-2570","1":"product","2":"type-product","3":"status-publish","4":"has-post-thumbnail","6":"product_cat-poleerimine","7":"pa_brand-tokya","8":"pa_suurus-3-75-mm","9":"pa_uhiku-hind-7-90e-tk","10":"pa_varv-kollane","12":"first","13":"onbackorder","14":"taxable","15":"shipping-taxable","16":"purchasable","17":"product-type-simple"},"_links":{"self":[{"href":"https:\/\/chemicalstore.ee\/ru\/wp-json\/wp\/v2\/product\/2570","targetHints":{"allow":["GET"]}}],"collection":[{"href":"https:\/\/chemicalstore.ee\/ru\/wp-json\/wp\/v2\/product"}],"about":[{"href":"https:\/\/chemicalstore.ee\/ru\/wp-json\/wp\/v2\/types\/product"}],"replies":[{"embeddable":true,"href":"https:\/\/chemicalstore.ee\/ru\/wp-json\/wp\/v2\/comments?post=2570"}],"wp:featuredmedia":[{"embeddable":true,"href":"https:\/\/chemicalstore.ee\/ru\/wp-json\/wp\/v2\/media\/2559"}],"wp:attachment":[{"href":"https:\/\/chemicalstore.ee\/ru\/wp-json\/wp\/v2\/media?parent=2570"}],"wp:term":[{"taxonomy":"product_brand","embeddable":true,"href":"https:\/\/chemicalstore.ee\/ru\/wp-json\/wp\/v2\/product_brand?post=2570"},{"taxonomy":"product_cat","embeddable":true,"href":"https:\/\/chemicalstore.ee\/ru\/wp-json\/wp\/v2\/product_cat?post=2570"},{"taxonomy":"product_tag","embeddable":true,"href":"https:\/\/chemicalstore.ee\/ru\/wp-json\/wp\/v2\/product_tag?post=2570"}],"curies":[{"name":"wp","href":"https:\/\/api.w.org\/{rel}","templated":true}]}}