{"id":2544,"date":"2024-10-02T13:09:32","date_gmt":"2024-10-02T13:09:32","guid":{"rendered":"https:\/\/chemicalstore.ee\/toode\/vaht-poleerimisketasda-polish-3-tokya\/"},"modified":"2024-10-02T13:09:41","modified_gmt":"2024-10-02T13:09:41","slug":"vaht-poleerimisketasda-polish-3-tokya","status":"publish","type":"product","link":"https:\/\/chemicalstore.ee\/ru\/toode\/vaht-poleerimisketasda-polish-3-tokya\/","title":{"rendered":"Vaht poleerimisketas,DA, Polish, 3&#8243; &#8211; Tokya"},"content":{"rendered":"<p>Tokya DA Polish on suurep\u00e4raste poleerimisomadustega vahtpadi, mis on m\u00f5eldud ekstsentrilistele masinatele. Tokya tooteperekonna kettad on valmistatud kvaliteetsest ja vastupidavast poroloonist ning vastavad nii professionaali kui ka algaja autopoleeria vajadustele. Ketastel on \u00fcmarad servad, mis takistavad teravat kokkupuudet poleeritava pinnaga ja h\u00f5lbustavad t\u00f6\u00f6d. Lisaks on ketaste keskel jahutusava, mis on m\u00f5eldud soojuse hajutamiseks ja ekstsentrilise liikumise ajal ketta \u00fclekuumenemise v\u00e4ltimiseks. Roheline DA Polish on Tokya tooteperekonnas teine \u200b\u200bpeenem ketas, mis sobib nt. k\u00f5vade pindade viimistlemiseks ja nn \u00fcheastmeliseks poleerimiseks. Saadaval kahes erinevas suuruses, vali tootevalikute hulgast sobivaim.<\/p>\n","protected":false},"excerpt":{"rendered":"<p>TokyaValmistatud kvaliteetsest ja vastupidavast vahust, Tokya tooteperekonna l\u00f5ikkavuselt teine \u200b\u200bketas. \u00dcmardatud servad muudavad t\u00f6\u00f6tamise lihtsaks ja ketta keskel olev jahutusava hoiab \u00e4ra \u00fclekuumenemise. Saadaval kahes erinevas suuruses!<\/p>\n","protected":false},"featured_media":2533,"comment_status":"closed","ping_status":"open","template":"","meta":{"_monsterinsights_skip_tracking":false,"_monsterinsights_sitenote_active":false,"_monsterinsights_sitenote_note":"","_monsterinsights_sitenote_category":0},"product_brand":[],"product_cat":[86],"product_tag":[],"class_list":{"0":"post-2544","1":"product","2":"type-product","3":"status-publish","4":"has-post-thumbnail","6":"product_cat-poleerimine","7":"pa_brand-tokya","8":"pa_suurus-3-75-mm","9":"pa_uhiku-hind-7-90e-tk","10":"pa_varv-roheline","12":"first","13":"onbackorder","14":"taxable","15":"shipping-taxable","16":"purchasable","17":"product-type-simple"},"_links":{"self":[{"href":"https:\/\/chemicalstore.ee\/ru\/wp-json\/wp\/v2\/product\/2544","targetHints":{"allow":["GET"]}}],"collection":[{"href":"https:\/\/chemicalstore.ee\/ru\/wp-json\/wp\/v2\/product"}],"about":[{"href":"https:\/\/chemicalstore.ee\/ru\/wp-json\/wp\/v2\/types\/product"}],"replies":[{"embeddable":true,"href":"https:\/\/chemicalstore.ee\/ru\/wp-json\/wp\/v2\/comments?post=2544"}],"wp:featuredmedia":[{"embeddable":true,"href":"https:\/\/chemicalstore.ee\/ru\/wp-json\/wp\/v2\/media\/2533"}],"wp:attachment":[{"href":"https:\/\/chemicalstore.ee\/ru\/wp-json\/wp\/v2\/media?parent=2544"}],"wp:term":[{"taxonomy":"product_brand","embeddable":true,"href":"https:\/\/chemicalstore.ee\/ru\/wp-json\/wp\/v2\/product_brand?post=2544"},{"taxonomy":"product_cat","embeddable":true,"href":"https:\/\/chemicalstore.ee\/ru\/wp-json\/wp\/v2\/product_cat?post=2544"},{"taxonomy":"product_tag","embeddable":true,"href":"https:\/\/chemicalstore.ee\/ru\/wp-json\/wp\/v2\/product_tag?post=2544"}],"curies":[{"name":"wp","href":"https:\/\/api.w.org\/{rel}","templated":true}]}}