{"id":2500,"date":"2024-10-02T13:09:15","date_gmt":"2024-10-02T13:09:15","guid":{"rendered":"https:\/\/chemicalstore.ee\/toode\/vaht-poleerimisketasrotary-finish-6-tokya\/"},"modified":"2024-10-02T13:09:28","modified_gmt":"2024-10-02T13:09:28","slug":"vaht-poleerimisketasrotary-finish-6-tokya","status":"publish","type":"product","link":"https:\/\/chemicalstore.ee\/ru\/toode\/vaht-poleerimisketasrotary-finish-6-tokya\/","title":{"rendered":"Vaht poleerimisketas,Rotary, Finish, 6&#8243; &#8211; Tokya"},"content":{"rendered":"<p>Tokya Rotary Finish on suurep\u00e4raste poleerimisomadustega vahtketas, mis on m\u00f5eldud otseajamiga masinatele. Tokya tooteperekonna kettad on valmistatud kvaliteetsest ja vastupidavast poroloonist ning vastavad nii professionaali kui ka algaja vajadustele. Ketastel on \u00fcmarad servad, mis takistavad teravat kokkupuudet poleeritava pinnaga ja h\u00f5lbustavad t\u00f6\u00f6d. Black Rotary Finish on Tokya tooteperekonna k\u00f5ige pehmem ja \u00f5rnem kettas, mis sobib k\u00f5ige v\u00e4iksemate kriimustuste ja hologrammide eemaldamiseks, viimistlemiseks ja masinvahatamiseks. Saadaval mitmes erinevas suuruses, vali tootevalikute hulgast sobivaim.<\/p>\n","protected":false},"excerpt":{"rendered":"<p>TokyaValmistatud kvaliteetsest ja vastupidavast vahust, parima viimistlusega ketas Tokya tooteperekonnas. \u00dcmardatud servad muudavad t\u00f6\u00f6tamise lihtsaks, saadaval mitmes erinevas suuruses!<\/p>\n","protected":false},"featured_media":2117,"comment_status":"closed","ping_status":"open","template":"","meta":{"_monsterinsights_skip_tracking":false,"_monsterinsights_sitenote_active":false,"_monsterinsights_sitenote_note":"","_monsterinsights_sitenote_category":0},"product_brand":[],"product_cat":[86],"product_tag":[],"class_list":{"0":"post-2500","1":"product","2":"type-product","3":"status-publish","4":"has-post-thumbnail","6":"product_cat-poleerimine","7":"pa_brand-tokya","8":"pa_suurus-6-150-mm","9":"pa_uhiku-hind-10-90e-tk","10":"pa_varv-must","12":"first","13":"onbackorder","14":"taxable","15":"shipping-taxable","16":"purchasable","17":"product-type-simple"},"_links":{"self":[{"href":"https:\/\/chemicalstore.ee\/ru\/wp-json\/wp\/v2\/product\/2500","targetHints":{"allow":["GET"]}}],"collection":[{"href":"https:\/\/chemicalstore.ee\/ru\/wp-json\/wp\/v2\/product"}],"about":[{"href":"https:\/\/chemicalstore.ee\/ru\/wp-json\/wp\/v2\/types\/product"}],"replies":[{"embeddable":true,"href":"https:\/\/chemicalstore.ee\/ru\/wp-json\/wp\/v2\/comments?post=2500"}],"wp:featuredmedia":[{"embeddable":true,"href":"https:\/\/chemicalstore.ee\/ru\/wp-json\/wp\/v2\/media\/2117"}],"wp:attachment":[{"href":"https:\/\/chemicalstore.ee\/ru\/wp-json\/wp\/v2\/media?parent=2500"}],"wp:term":[{"taxonomy":"product_brand","embeddable":true,"href":"https:\/\/chemicalstore.ee\/ru\/wp-json\/wp\/v2\/product_brand?post=2500"},{"taxonomy":"product_cat","embeddable":true,"href":"https:\/\/chemicalstore.ee\/ru\/wp-json\/wp\/v2\/product_cat?post=2500"},{"taxonomy":"product_tag","embeddable":true,"href":"https:\/\/chemicalstore.ee\/ru\/wp-json\/wp\/v2\/product_tag?post=2500"}],"curies":[{"name":"wp","href":"https:\/\/api.w.org\/{rel}","templated":true}]}}