{"id":2489,"date":"2024-10-02T13:09:15","date_gmt":"2024-10-02T13:09:15","guid":{"rendered":"https:\/\/chemicalstore.ee\/toode\/villa-ketasl-wool-rotary-heavy-cut-5-tokya\/"},"modified":"2024-10-02T13:09:24","modified_gmt":"2024-10-02T13:09:24","slug":"villa-ketasl-wool-rotary-heavy-cut-5-tokya","status":"publish","type":"product","link":"https:\/\/chemicalstore.ee\/ru\/toode\/villa-ketasl-wool-rotary-heavy-cut-5-tokya\/","title":{"rendered":"Villa ketas,L-Wool Rotary, Heavy Cut, 5&#8243; &#8211; Tokya"},"content":{"rendered":"<p>Tokya L-Wool Rotary on kvaliteetsest naturaalsest villast valmistatud  poleerimisketas, mis sobib eriti halvas seisukorras pindade poleerimiseks rootormasinatega. Vastates nii professionaalide kui ka harrastajate vajadustele, on L-Wool oma pehmest olemusest hoolimata \u00fclimalt l\u00f5ikav, seega on see hea valik nt. s\u00fcgavate kriimustuste ja oks\u00fcdatsiooni eemaldamiseks. Vahtplaadist agressiivsem L-Wool l\u00f5ikab t\u00f5husalt pinda, eemaldades isegi s\u00fcgavad kriimud ja nt vesilihvimisel tekkinud lihvimisj\u00e4ljed. Lisaks suurep\u00e4rasele l\u00f5ikev\u00f5imele j\u00e4tab L-Wool villakettas viimistletud poleerimis j\u00e4lje, kuid v\u00e4ga k\u00f5va l\u00f5ike t\u00f5ttu tuleb pinnad peaaegu alati viimistleda peenema kettaga, et saada t\u00e4iuslik l\u00f5pptulemus . L-Wooli keskel on jahutusava, mis on m\u00f5eldud soojuse hajutamiseks ja ketta \u00fclekuumenemise v\u00e4ltimiseks poleerimise ajal. Plaadi tallapoolne pind on vahtplastist, mis tagab suurep\u00e4rase j\u00f5udluse ja kasutuskogemuse<\/p>\n","protected":false},"excerpt":{"rendered":"<p>TokyaTugevalt l\u00f5ikav, kvaliteetsest naturaalsest villast valmistatud j\u00e4mevillane ketas, mis hammustab t\u00f5husalt ka k\u00f5ige s\u00fcgavamatesse kriimudesse ja eemaldab ka k\u00f5ige hullemad oks\u00fcdatsioonid. Ketta keskel soojust hajutav jahutusava. Mitu suurust!<\/p>\n","protected":false},"featured_media":2478,"comment_status":"closed","ping_status":"open","template":"","meta":{"_monsterinsights_skip_tracking":false,"_monsterinsights_sitenote_active":false,"_monsterinsights_sitenote_note":"","_monsterinsights_sitenote_category":0},"product_brand":[],"product_cat":[86],"product_tag":[],"class_list":{"0":"post-2489","1":"product","2":"type-product","3":"status-publish","4":"has-post-thumbnail","6":"product_cat-poleerimine","7":"pa_brand-tokya","8":"pa_suurus-5-125-mm","9":"pa_uhiku-hind-17-90e-tk","10":"pa_valik-poleerimiskettad-on-saadaval-mitmes-erinevas-suuruses-vaikseimad-15-kettad-tarnitakse-4-tk-vaikseimad-2-kettad-tarnitakse-3-tk-ja-suuremad-eraldi-1tk-valige-sobivaim-tootevalikust","12":"first","13":"onbackorder","14":"taxable","15":"shipping-taxable","16":"purchasable","17":"product-type-simple"},"_links":{"self":[{"href":"https:\/\/chemicalstore.ee\/ru\/wp-json\/wp\/v2\/product\/2489","targetHints":{"allow":["GET"]}}],"collection":[{"href":"https:\/\/chemicalstore.ee\/ru\/wp-json\/wp\/v2\/product"}],"about":[{"href":"https:\/\/chemicalstore.ee\/ru\/wp-json\/wp\/v2\/types\/product"}],"replies":[{"embeddable":true,"href":"https:\/\/chemicalstore.ee\/ru\/wp-json\/wp\/v2\/comments?post=2489"}],"wp:featuredmedia":[{"embeddable":true,"href":"https:\/\/chemicalstore.ee\/ru\/wp-json\/wp\/v2\/media\/2478"}],"wp:attachment":[{"href":"https:\/\/chemicalstore.ee\/ru\/wp-json\/wp\/v2\/media?parent=2489"}],"wp:term":[{"taxonomy":"product_brand","embeddable":true,"href":"https:\/\/chemicalstore.ee\/ru\/wp-json\/wp\/v2\/product_brand?post=2489"},{"taxonomy":"product_cat","embeddable":true,"href":"https:\/\/chemicalstore.ee\/ru\/wp-json\/wp\/v2\/product_cat?post=2489"},{"taxonomy":"product_tag","embeddable":true,"href":"https:\/\/chemicalstore.ee\/ru\/wp-json\/wp\/v2\/product_tag?post=2489"}],"curies":[{"name":"wp","href":"https:\/\/api.w.org\/{rel}","templated":true}]}}