{"id":2464,"date":"2024-10-02T13:09:15","date_gmt":"2024-10-02T13:09:15","guid":{"rendered":"https:\/\/chemicalstore.ee\/toode\/villa-ketass-wool-da-medium-cut-2-tokya\/"},"modified":"2024-10-02T13:09:19","modified_gmt":"2024-10-02T13:09:19","slug":"villa-ketass-wool-da-medium-cut-2-tokya","status":"publish","type":"product","link":"https:\/\/chemicalstore.ee\/ru\/toode\/villa-ketass-wool-da-medium-cut-2-tokya\/","title":{"rendered":"Villa ketas,S-Wool DA, Medium Cut, 2&#8243; &#8211; Tokya"},"content":{"rendered":"<p>Tokya S-Wool DA on erakordne uudsus &#8211; ekstsentrilistele masinatele sobiv,keskmise l\u00f5ikavusega villane ketas, mis on varustatud suurep\u00e4raste poleerimisomadustega. T\u00f5husalt l\u00f5ikav S-Wool vastab nii professionaalide kui ka harrastajate vajadustele ning on hea valik nt. s\u00fcgavate kriimustuste ja oks\u00fcdatsiooni eemaldamiseks. Ketta suurep\u00e4rane l\u00f5ikev\u00f5ime muudab selle suurep\u00e4raseks partneriks eriti kehvade v\u00e4rvi- ja lakipindade poleerimiseks, kuna hammustab t\u00f6\u00f6deldud pinda t\u00f5husalt, muutes t\u00f6\u00f6 lihtsaks. L\u00f5igatavuse osas, eriti j\u00e4meda pastaga, pakub S-Wool v\u00f5rreldes k\u00f5ige karedamate vahtketastega n\u00e4puotsat\u00e4ie rohkem l\u00f5igatavust, mis on eriti teretulnud s\u00fcgavate kriimude eemaldamisel. Ketta keskel on ekstsentriliste masinate jaoks kriitilise t\u00e4htsusega jahutusava, mis v\u00e4hendab soojuse kogunemist talla keskele ning hoiab \u00e4ra talla ja ketta \u00fclekuumenemise kasutamise ajal. ketta tallapoolne pind on valmistatud painduvast poroloonist, mis v\u00f5imaldab kettal painduda vastavalt pinna kujule, parandades nii j\u00f5udlust kui ka mugavust.<\/p>\n","protected":false},"excerpt":{"rendered":"<p>TokyaEkstsentrilise masinatele sobiv keskmise l\u00f5ikkega villane ketas, mis hammustab poleeritavasse pinda teravalt ja eemaldab isegi s\u00fcgavad kriimud ja oks\u00fcdatsiooni. Saadaval mitmes erinevas suuruses!<\/p>\n","protected":false},"featured_media":2465,"comment_status":"closed","ping_status":"open","template":"","meta":{"_monsterinsights_skip_tracking":false,"_monsterinsights_sitenote_active":false,"_monsterinsights_sitenote_note":"","_monsterinsights_sitenote_category":0},"product_brand":[],"product_cat":[86],"product_tag":[],"class_list":{"0":"post-2464","1":"product","2":"type-product","3":"status-publish","4":"has-post-thumbnail","6":"product_cat-poleerimine","7":"pa_brand-tokya","8":"pa_suurus-2-50-mm","9":"pa_uhiku-hind-7-30e-tk","10":"pa_valik-poleerimiskettad-on-saadaval-mitmes-erinevas-suuruses-vaikseimad-15-kettad-tarnitakse-4-tk-vaikseimad-2-kettad-tarnitakse-3-tk-ja-suuremad-eraldi-1tk-valige-sobivaim-tootevalikust","12":"first","13":"onbackorder","14":"taxable","15":"shipping-taxable","16":"purchasable","17":"product-type-simple"},"_links":{"self":[{"href":"https:\/\/chemicalstore.ee\/ru\/wp-json\/wp\/v2\/product\/2464","targetHints":{"allow":["GET"]}}],"collection":[{"href":"https:\/\/chemicalstore.ee\/ru\/wp-json\/wp\/v2\/product"}],"about":[{"href":"https:\/\/chemicalstore.ee\/ru\/wp-json\/wp\/v2\/types\/product"}],"replies":[{"embeddable":true,"href":"https:\/\/chemicalstore.ee\/ru\/wp-json\/wp\/v2\/comments?post=2464"}],"wp:featuredmedia":[{"embeddable":true,"href":"https:\/\/chemicalstore.ee\/ru\/wp-json\/wp\/v2\/media\/2465"}],"wp:attachment":[{"href":"https:\/\/chemicalstore.ee\/ru\/wp-json\/wp\/v2\/media?parent=2464"}],"wp:term":[{"taxonomy":"product_brand","embeddable":true,"href":"https:\/\/chemicalstore.ee\/ru\/wp-json\/wp\/v2\/product_brand?post=2464"},{"taxonomy":"product_cat","embeddable":true,"href":"https:\/\/chemicalstore.ee\/ru\/wp-json\/wp\/v2\/product_cat?post=2464"},{"taxonomy":"product_tag","embeddable":true,"href":"https:\/\/chemicalstore.ee\/ru\/wp-json\/wp\/v2\/product_tag?post=2464"}],"curies":[{"name":"wp","href":"https:\/\/api.w.org\/{rel}","templated":true}]}}