{"id":2453,"date":"2024-10-02T13:09:15","date_gmt":"2024-10-02T13:09:15","guid":{"rendered":"https:\/\/chemicalstore.ee\/toode\/auto-kuivatus-puhurad-12-tokya\/"},"modified":"2024-10-02T13:09:18","modified_gmt":"2024-10-02T13:09:18","slug":"auto-kuivatus-puhurad-12-tokya","status":"publish","type":"product","link":"https:\/\/chemicalstore.ee\/ru\/toode\/auto-kuivatus-puhurad-12-tokya\/","title":{"rendered":"Auto kuivatus puhur,AD-12 &#8211; Tokya"},"content":{"rendered":"<p>Tokya AD-12 on kompaktne ja t\u00f5hus autokuivatuspuhur, mille 1200W mootori poolt toodetav puhumisv\u00f5imsus kuivatab nii s\u00f5iduki suuri pindu (katus, kapott, uksed jne) kui ka v\u00e4ikseid auke ja pragusid, kuhu ei p\u00e4\u00e4se ligi. nt traditsiooniline kuivatuslapp. Eriti enne vahatamist, keraamilise kaitse, poleerimist, teipimist v\u00f5i v\u00e4rvimist on oluline kuivatada k\u00f5ik tihendite jm vahed, et v\u00e4rvikihile tilkuv vesi ei rikuks halvimal juhul l\u00f5pptulemust. T\u00e4nu kompaktsele disainile sobib AD-12 suurep\u00e4raselt ka koduseks kasutamiseks, kus sellega saab kuivatada aiam\u00f6\u00f6blit, vaipu ja tekstiilpindu. 6-meetrise toitejuhtmega varustatud k\u00e4eshoitav AD-12 on v\u00e4le ja h\u00f5lpsasti kasutatav, mist\u00f5ttu saab seda h\u00f5lpsalt \u00fchest kohast teise teisaldada, nt autot pestes.<\/p>\n","protected":false},"excerpt":{"rendered":"<p>TokyaKompaktne ja kerge kuivatusventilaator, mis oma suurusele vaatamata eemaldab t\u00f5husalt vett nii suurtelt pindadelt kui ka v\u00e4ikestest pragudest ja pragudest. 1200W mootor, 6 m toitejuhe, 2 erinevat otsikut ja lihtsalt kasutatav l\u00fcliti garanteerivad kasutusmugavuse!<\/p>\n","protected":false},"featured_media":2454,"comment_status":"closed","ping_status":"open","template":"","meta":{"_monsterinsights_skip_tracking":false,"_monsterinsights_sitenote_active":false,"_monsterinsights_sitenote_note":"","_monsterinsights_sitenote_category":0},"product_brand":[],"product_cat":[46],"product_tag":[],"class_list":{"0":"post-2453","1":"product","2":"type-product","3":"status-publish","4":"has-post-thumbnail","6":"product_cat-autohooldus-muu","7":"pa_brand-tokya","8":"pa_mootori-toovoimsus-1200-w","9":"pa_toopinge-230-v","10":"pa_uhiku-hind-99-90e-tk","12":"first","13":"onbackorder","14":"taxable","15":"shipping-taxable","16":"purchasable","17":"product-type-simple"},"_links":{"self":[{"href":"https:\/\/chemicalstore.ee\/ru\/wp-json\/wp\/v2\/product\/2453","targetHints":{"allow":["GET"]}}],"collection":[{"href":"https:\/\/chemicalstore.ee\/ru\/wp-json\/wp\/v2\/product"}],"about":[{"href":"https:\/\/chemicalstore.ee\/ru\/wp-json\/wp\/v2\/types\/product"}],"replies":[{"embeddable":true,"href":"https:\/\/chemicalstore.ee\/ru\/wp-json\/wp\/v2\/comments?post=2453"}],"wp:featuredmedia":[{"embeddable":true,"href":"https:\/\/chemicalstore.ee\/ru\/wp-json\/wp\/v2\/media\/2454"}],"wp:attachment":[{"href":"https:\/\/chemicalstore.ee\/ru\/wp-json\/wp\/v2\/media?parent=2453"}],"wp:term":[{"taxonomy":"product_brand","embeddable":true,"href":"https:\/\/chemicalstore.ee\/ru\/wp-json\/wp\/v2\/product_brand?post=2453"},{"taxonomy":"product_cat","embeddable":true,"href":"https:\/\/chemicalstore.ee\/ru\/wp-json\/wp\/v2\/product_cat?post=2453"},{"taxonomy":"product_tag","embeddable":true,"href":"https:\/\/chemicalstore.ee\/ru\/wp-json\/wp\/v2\/product_tag?post=2453"}],"curies":[{"name":"wp","href":"https:\/\/api.w.org\/{rel}","templated":true}]}}