{"id":2452,"date":"2024-10-02T13:09:15","date_gmt":"2024-10-02T13:09:15","guid":{"rendered":"https:\/\/chemicalstore.ee\/toode\/mikrokiud-ketastwistfiber-da-heavy-cut-3-tokya\/"},"modified":"2024-10-02T13:09:17","modified_gmt":"2024-10-02T13:09:17","slug":"mikrokiud-ketas-twistfiber-da-heavy-cut-3-tokya","status":"publish","type":"product","link":"https:\/\/chemicalstore.ee\/ru\/toode\/mikrokiud-ketas-twistfiber-da-heavy-cut-3-tokya\/","title":{"rendered":"Mikrokiud ketas, TwistFiber DA, Heavy Cut, 3&#8243; &#8211; Tokya"},"content":{"rendered":"","protected":false},"excerpt":{"rendered":"<p>Tokya\u00c4\u00e4rmiselt t\u00f5hus l\u00f5ikav mikrokiudketas, mis eemaldab isegi s\u00fcgavamad kriimud ja oks\u00fcdatsiooni veelgi k\u00f5vematelt lakipindadelt. Vaatamata suurep\u00e4rasele l\u00f5ikev\u00f5imele j\u00e4tab mikrokiudketas j\u00e4lje, mida on lihtne viimistleda.<\/p>\n","protected":false},"featured_media":2441,"comment_status":"closed","ping_status":"open","template":"","meta":{"_monsterinsights_skip_tracking":false,"_monsterinsights_sitenote_active":false,"_monsterinsights_sitenote_note":"","_monsterinsights_sitenote_category":0},"product_brand":[],"product_cat":[86],"product_tag":[],"class_list":{"0":"post-2452","1":"product","2":"type-product","3":"status-publish","4":"has-post-thumbnail","6":"product_cat-poleerimine","7":"pa_brand-tokya","8":"pa_suurus-3-75-mm","9":"pa_uhiku-hind-9-90e-tk","11":"first","12":"onbackorder","13":"taxable","14":"shipping-taxable","15":"purchasable","16":"product-type-simple"},"_links":{"self":[{"href":"https:\/\/chemicalstore.ee\/ru\/wp-json\/wp\/v2\/product\/2452","targetHints":{"allow":["GET"]}}],"collection":[{"href":"https:\/\/chemicalstore.ee\/ru\/wp-json\/wp\/v2\/product"}],"about":[{"href":"https:\/\/chemicalstore.ee\/ru\/wp-json\/wp\/v2\/types\/product"}],"replies":[{"embeddable":true,"href":"https:\/\/chemicalstore.ee\/ru\/wp-json\/wp\/v2\/comments?post=2452"}],"wp:featuredmedia":[{"embeddable":true,"href":"https:\/\/chemicalstore.ee\/ru\/wp-json\/wp\/v2\/media\/2441"}],"wp:attachment":[{"href":"https:\/\/chemicalstore.ee\/ru\/wp-json\/wp\/v2\/media?parent=2452"}],"wp:term":[{"taxonomy":"product_brand","embeddable":true,"href":"https:\/\/chemicalstore.ee\/ru\/wp-json\/wp\/v2\/product_brand?post=2452"},{"taxonomy":"product_cat","embeddable":true,"href":"https:\/\/chemicalstore.ee\/ru\/wp-json\/wp\/v2\/product_cat?post=2452"},{"taxonomy":"product_tag","embeddable":true,"href":"https:\/\/chemicalstore.ee\/ru\/wp-json\/wp\/v2\/product_tag?post=2452"}],"curies":[{"name":"wp","href":"https:\/\/api.w.org\/{rel}","templated":true}]}}