{"id":2405,"date":"2024-10-02T13:08:59","date_gmt":"2024-10-02T13:08:59","guid":{"rendered":"https:\/\/chemicalstore.ee\/toode\/mikrokiud-ketasdualfiber-da-fine-cut-2-tokya\/"},"modified":"2024-10-02T13:09:10","modified_gmt":"2024-10-02T13:09:10","slug":"mikrokiud-ketas-dualfiber-da-fine-cut-2-tokya","status":"publish","type":"product","link":"https:\/\/chemicalstore.ee\/ru\/toode\/mikrokiud-ketas-dualfiber-da-fine-cut-2-tokya\/","title":{"rendered":"Mikrokiud ketas, DualFiber DA, Fine Cut, 2&#8243; &#8211; Tokya"},"content":{"rendered":"","protected":false},"excerpt":{"rendered":"<p>TokyaKeskmise l\u00f5ikega mikrokiudketas, millega saab v\u00e4rvi- ja lakipindadelt t\u00f5husalt eemaldada v\u00e4ikesed kriimud ja hologrammid. Sobib ka v\u00e4ga k\u00f5vade lakipindade t\u00f6\u00f6tlemiseks! Saadaval mitu suurust.<\/p>\n","protected":false},"featured_media":2406,"comment_status":"closed","ping_status":"open","template":"","meta":{"_monsterinsights_skip_tracking":false,"_monsterinsights_sitenote_active":false,"_monsterinsights_sitenote_note":"","_monsterinsights_sitenote_category":0},"product_brand":[],"product_cat":[86],"product_tag":[],"class_list":{"0":"post-2405","1":"product","2":"type-product","3":"status-publish","4":"has-post-thumbnail","6":"product_cat-poleerimine","7":"pa_brand-tokya","8":"pa_suurus-2-50-mm","9":"pa_uhiku-hind-6-63e-tk","11":"first","12":"onbackorder","13":"taxable","14":"shipping-taxable","15":"purchasable","16":"product-type-simple"},"_links":{"self":[{"href":"https:\/\/chemicalstore.ee\/ru\/wp-json\/wp\/v2\/product\/2405","targetHints":{"allow":["GET"]}}],"collection":[{"href":"https:\/\/chemicalstore.ee\/ru\/wp-json\/wp\/v2\/product"}],"about":[{"href":"https:\/\/chemicalstore.ee\/ru\/wp-json\/wp\/v2\/types\/product"}],"replies":[{"embeddable":true,"href":"https:\/\/chemicalstore.ee\/ru\/wp-json\/wp\/v2\/comments?post=2405"}],"wp:featuredmedia":[{"embeddable":true,"href":"https:\/\/chemicalstore.ee\/ru\/wp-json\/wp\/v2\/media\/2406"}],"wp:attachment":[{"href":"https:\/\/chemicalstore.ee\/ru\/wp-json\/wp\/v2\/media?parent=2405"}],"wp:term":[{"taxonomy":"product_brand","embeddable":true,"href":"https:\/\/chemicalstore.ee\/ru\/wp-json\/wp\/v2\/product_brand?post=2405"},{"taxonomy":"product_cat","embeddable":true,"href":"https:\/\/chemicalstore.ee\/ru\/wp-json\/wp\/v2\/product_cat?post=2405"},{"taxonomy":"product_tag","embeddable":true,"href":"https:\/\/chemicalstore.ee\/ru\/wp-json\/wp\/v2\/product_tag?post=2405"}],"curies":[{"name":"wp","href":"https:\/\/api.w.org\/{rel}","templated":true}]}}