{"id":2402,"date":"2024-10-02T13:08:59","date_gmt":"2024-10-02T13:08:59","guid":{"rendered":"https:\/\/chemicalstore.ee\/toode\/otsikad-28-ad-42-twinpower-lai-tokya\/"},"modified":"2024-10-02T13:09:09","modified_gmt":"2024-10-02T13:09:09","slug":"otsikad-28-ad-42-twinpower-lai-tokya","status":"publish","type":"product","link":"https:\/\/chemicalstore.ee\/ru\/toode\/otsikad-28-ad-42-twinpower-lai-tokya\/","title":{"rendered":"Otsik,AD-28 &#038; AD-42 TwinPower, Lai &#8211; Tokya"},"content":{"rendered":"<p>Tokya AD-28 ja AD-42 TwinPower autokuivatus puhurile sobivad otsikud.Saadaval on nii kitsas kui ka lai otsik, mille hulgast saad valida vastavalt kuivatuseesm\u00e4rgile sobivaima:lai otsik sobib suurep\u00e4raselt suurte ja tasaste pindade kuivatamiseks, kitsas aga t\u00e4psust n\u00f5udvate ja v\u00e4ikeste pindade jaoks,augud ja praod. Otsikud on valmistatud pehmest silikoonkattega kummist, nii et kui need kogemata vastu v\u00e4rvipinda tabavad,ei j\u00e4ta need ebameeldivaid j\u00e4lgi.Valige tootevalikute hulgast \u00f5ige!<\/p>\n","protected":false},"excerpt":{"rendered":"<p>TokyaOriginaald\u00fc\u00fcsid Tokya AD-28 ja AD-42 TwinPower autokuivatuspuhuritele. Saadaval on nii suurte pindade kiireks kuivatamiseks sobiv lai otsik kui ka detailide viimistlemiseks sobiv kitsas otsik.<\/p>\n","protected":false},"featured_media":2403,"comment_status":"closed","ping_status":"open","template":"","meta":{"_monsterinsights_skip_tracking":false,"_monsterinsights_sitenote_active":false,"_monsterinsights_sitenote_note":"","_monsterinsights_sitenote_category":0},"product_brand":[],"product_cat":[46],"product_tag":[],"class_list":{"0":"post-2402","1":"product","2":"type-product","3":"status-publish","4":"has-post-thumbnail","6":"product_cat-autohooldus-muu","7":"pa_brand-tokya","8":"pa_eesmark-kuivatusventilaatori-varuosa","9":"pa_materjal-silikoonkattega-kumm","10":"pa_uhiku-hind-9-90e-tk","12":"first","13":"onbackorder","14":"taxable","15":"shipping-taxable","16":"purchasable","17":"product-type-simple"},"_links":{"self":[{"href":"https:\/\/chemicalstore.ee\/ru\/wp-json\/wp\/v2\/product\/2402","targetHints":{"allow":["GET"]}}],"collection":[{"href":"https:\/\/chemicalstore.ee\/ru\/wp-json\/wp\/v2\/product"}],"about":[{"href":"https:\/\/chemicalstore.ee\/ru\/wp-json\/wp\/v2\/types\/product"}],"replies":[{"embeddable":true,"href":"https:\/\/chemicalstore.ee\/ru\/wp-json\/wp\/v2\/comments?post=2402"}],"wp:featuredmedia":[{"embeddable":true,"href":"https:\/\/chemicalstore.ee\/ru\/wp-json\/wp\/v2\/media\/2403"}],"wp:attachment":[{"href":"https:\/\/chemicalstore.ee\/ru\/wp-json\/wp\/v2\/media?parent=2402"}],"wp:term":[{"taxonomy":"product_brand","embeddable":true,"href":"https:\/\/chemicalstore.ee\/ru\/wp-json\/wp\/v2\/product_brand?post=2402"},{"taxonomy":"product_cat","embeddable":true,"href":"https:\/\/chemicalstore.ee\/ru\/wp-json\/wp\/v2\/product_cat?post=2402"},{"taxonomy":"product_tag","embeddable":true,"href":"https:\/\/chemicalstore.ee\/ru\/wp-json\/wp\/v2\/product_tag?post=2402"}],"curies":[{"name":"wp","href":"https:\/\/api.w.org\/{rel}","templated":true}]}}