{"id":2393,"date":"2024-10-02T13:08:59","date_gmt":"2024-10-02T13:08:59","guid":{"rendered":"https:\/\/chemicalstore.ee\/toode\/autokuivatuspuhurad-42-twinpower-tokya\/"},"modified":"2024-10-02T13:09:08","modified_gmt":"2024-10-02T13:09:08","slug":"autokuivatuspuhur-ad-42-twinpower-tokya","status":"publish","type":"product","link":"https:\/\/chemicalstore.ee\/ru\/toode\/autokuivatuspuhur-ad-42-twinpower-tokya\/","title":{"rendered":"Autokuivatuspuhur, AD-42 TwinPower &#8211; Tokya"},"content":{"rendered":"","protected":false},"excerpt":{"rendered":"<p>TokyaV\u00e4ga t\u00f5hus ja kvaliteetne kuivatuspuhur, 2400W topeltmootori toodetavale puhumisv\u00f5imsusele ei pane vastu ka suuremad veemassid. Kasutamist h\u00f5lbustavad 8 m voolik, 2 erinevat otsikut ja pidevalt reguleeritav puhumisv\u00f5imsus. SOOVITAME V\u00c4GA!<\/p>\n","protected":false},"featured_media":2394,"comment_status":"closed","ping_status":"open","template":"","meta":{"_monsterinsights_skip_tracking":false,"_monsterinsights_sitenote_active":false,"_monsterinsights_sitenote_note":"","_monsterinsights_sitenote_category":0},"product_brand":[],"product_cat":[46],"product_tag":[],"class_list":{"0":"post-2393","1":"product","2":"type-product","3":"status-publish","4":"has-post-thumbnail","6":"product_cat-autohooldus-muu","7":"pa_brand-tokya","8":"pa_max-muratase-78-db","9":"pa_toopinge-220-240-vac-mootori-voimsus-2-x-1200-w","10":"pa_uhiku-hind-279-90e-tk","12":"first","13":"onbackorder","14":"taxable","15":"shipping-taxable","16":"purchasable","17":"product-type-simple"},"_links":{"self":[{"href":"https:\/\/chemicalstore.ee\/ru\/wp-json\/wp\/v2\/product\/2393","targetHints":{"allow":["GET"]}}],"collection":[{"href":"https:\/\/chemicalstore.ee\/ru\/wp-json\/wp\/v2\/product"}],"about":[{"href":"https:\/\/chemicalstore.ee\/ru\/wp-json\/wp\/v2\/types\/product"}],"replies":[{"embeddable":true,"href":"https:\/\/chemicalstore.ee\/ru\/wp-json\/wp\/v2\/comments?post=2393"}],"wp:featuredmedia":[{"embeddable":true,"href":"https:\/\/chemicalstore.ee\/ru\/wp-json\/wp\/v2\/media\/2394"}],"wp:attachment":[{"href":"https:\/\/chemicalstore.ee\/ru\/wp-json\/wp\/v2\/media?parent=2393"}],"wp:term":[{"taxonomy":"product_brand","embeddable":true,"href":"https:\/\/chemicalstore.ee\/ru\/wp-json\/wp\/v2\/product_brand?post=2393"},{"taxonomy":"product_cat","embeddable":true,"href":"https:\/\/chemicalstore.ee\/ru\/wp-json\/wp\/v2\/product_cat?post=2393"},{"taxonomy":"product_tag","embeddable":true,"href":"https:\/\/chemicalstore.ee\/ru\/wp-json\/wp\/v2\/product_tag?post=2393"}],"curies":[{"name":"wp","href":"https:\/\/api.w.org\/{rel}","templated":true}]}}