{"id":2385,"date":"2024-10-02T13:08:59","date_gmt":"2024-10-02T13:08:59","guid":{"rendered":"https:\/\/chemicalstore.ee\/toode\/varvipliiatsscratch-repair-pen-tokya\/"},"modified":"2025-03-17T08:15:09","modified_gmt":"2025-03-17T08:15:09","slug":"varvipliiats-scratch-repair-pen-tokya","status":"publish","type":"product","link":"https:\/\/chemicalstore.ee\/ru\/toode\/varvipliiats-scratch-repair-pen-tokya\/","title":{"rendered":"V\u00e4rvipliiats, Scratch Repair Pen &#8211; Tokya"},"content":{"rendered":"","protected":false},"excerpt":{"rendered":"<p>TokyaV\u00e4ga lihtsalt kasutatav ja t\u00e4pne korrektorpliiats auto v\u00e4rvipinna ja ka muude v\u00e4rvipindade punktv\u00e4rvimiseks.<\/p>\n","protected":false},"featured_media":2386,"comment_status":"closed","ping_status":"open","template":"","meta":{"_monsterinsights_skip_tracking":false,"_monsterinsights_sitenote_active":false,"_monsterinsights_sitenote_note":"","_monsterinsights_sitenote_category":0},"product_brand":[],"product_cat":[46],"product_tag":[],"class_list":{"0":"post-2385","1":"product","2":"type-product","3":"status-publish","4":"has-post-thumbnail","6":"product_cat-autohooldus-muu","7":"pa_brand-tokya","8":"pa_duusi-suurus-05-mm","9":"pa_uhiku-hind-27-90e-tk","11":"first","12":"onbackorder","13":"taxable","14":"shipping-taxable","15":"purchasable","16":"product-type-simple"},"_links":{"self":[{"href":"https:\/\/chemicalstore.ee\/ru\/wp-json\/wp\/v2\/product\/2385","targetHints":{"allow":["GET"]}}],"collection":[{"href":"https:\/\/chemicalstore.ee\/ru\/wp-json\/wp\/v2\/product"}],"about":[{"href":"https:\/\/chemicalstore.ee\/ru\/wp-json\/wp\/v2\/types\/product"}],"replies":[{"embeddable":true,"href":"https:\/\/chemicalstore.ee\/ru\/wp-json\/wp\/v2\/comments?post=2385"}],"wp:featuredmedia":[{"embeddable":true,"href":"https:\/\/chemicalstore.ee\/ru\/wp-json\/wp\/v2\/media\/2386"}],"wp:attachment":[{"href":"https:\/\/chemicalstore.ee\/ru\/wp-json\/wp\/v2\/media?parent=2385"}],"wp:term":[{"taxonomy":"product_brand","embeddable":true,"href":"https:\/\/chemicalstore.ee\/ru\/wp-json\/wp\/v2\/product_brand?post=2385"},{"taxonomy":"product_cat","embeddable":true,"href":"https:\/\/chemicalstore.ee\/ru\/wp-json\/wp\/v2\/product_cat?post=2385"},{"taxonomy":"product_tag","embeddable":true,"href":"https:\/\/chemicalstore.ee\/ru\/wp-json\/wp\/v2\/product_tag?post=2385"}],"curies":[{"name":"wp","href":"https:\/\/api.w.org\/{rel}","templated":true}]}}