{"id":2379,"date":"2024-10-02T13:08:59","date_gmt":"2024-10-02T13:08:59","guid":{"rendered":"https:\/\/chemicalstore.ee\/toode\/autokuivatuspuhurad-28-tokya\/"},"modified":"2024-11-01T14:50:07","modified_gmt":"2024-11-01T14:50:07","slug":"autokuivatuspuhur-ad-28-tokya","status":"publish","type":"product","link":"https:\/\/chemicalstore.ee\/ru\/toode\/autokuivatuspuhur-ad-28-tokya\/","title":{"rendered":"Autokuivatuspuhur, AD-28 &#8211; Tokya"},"content":{"rendered":"","protected":false},"excerpt":{"rendered":"<p>TokyaV\u00e4ga t\u00f5hus ja kergesti kaasaskantav autokuivatuspuhur lihtsaks ja kiireks kuivatamiseks! 2800 W mootor v\u00f5imaldab voolukiirust ligi 9 m\/s, kasutamist h\u00f5lbustab 5 m pikkune voolik. Suurep\u00e4rane hinna ja kvaliteedi suhe, soovitame!<\/p>\n","protected":false},"featured_media":2380,"comment_status":"closed","ping_status":"open","template":"","meta":{"_monsterinsights_skip_tracking":false,"_monsterinsights_sitenote_active":false,"_monsterinsights_sitenote_note":"","_monsterinsights_sitenote_category":0},"product_brand":[],"product_cat":[46],"product_tag":[],"class_list":{"0":"post-2379","1":"product","2":"type-product","3":"status-publish","4":"has-post-thumbnail","6":"product_cat-autohooldus-muu","7":"pa_brand-tokya","8":"pa_maksimaalne-muratase-74-db","9":"pa_uhiku-hind-199-90e-tk","11":"first","12":"onbackorder","13":"taxable","14":"shipping-taxable","15":"purchasable","16":"product-type-simple"},"_links":{"self":[{"href":"https:\/\/chemicalstore.ee\/ru\/wp-json\/wp\/v2\/product\/2379","targetHints":{"allow":["GET"]}}],"collection":[{"href":"https:\/\/chemicalstore.ee\/ru\/wp-json\/wp\/v2\/product"}],"about":[{"href":"https:\/\/chemicalstore.ee\/ru\/wp-json\/wp\/v2\/types\/product"}],"replies":[{"embeddable":true,"href":"https:\/\/chemicalstore.ee\/ru\/wp-json\/wp\/v2\/comments?post=2379"}],"wp:featuredmedia":[{"embeddable":true,"href":"https:\/\/chemicalstore.ee\/ru\/wp-json\/wp\/v2\/media\/2380"}],"wp:attachment":[{"href":"https:\/\/chemicalstore.ee\/ru\/wp-json\/wp\/v2\/media?parent=2379"}],"wp:term":[{"taxonomy":"product_brand","embeddable":true,"href":"https:\/\/chemicalstore.ee\/ru\/wp-json\/wp\/v2\/product_brand?post=2379"},{"taxonomy":"product_cat","embeddable":true,"href":"https:\/\/chemicalstore.ee\/ru\/wp-json\/wp\/v2\/product_cat?post=2379"},{"taxonomy":"product_tag","embeddable":true,"href":"https:\/\/chemicalstore.ee\/ru\/wp-json\/wp\/v2\/product_tag?post=2379"}],"curies":[{"name":"wp","href":"https:\/\/api.w.org\/{rel}","templated":true}]}}