{"id":2318,"date":"2024-10-02T13:08:43","date_gmt":"2024-10-02T13:08:43","guid":{"rendered":"https:\/\/chemicalstore.ee\/toode\/chrome-delete-komplektcarbon-glossy-foliatec\/"},"modified":"2024-10-02T13:08:56","modified_gmt":"2024-10-02T13:08:56","slug":"chrome-delete-komplektcarbon-glossy-foliatec","status":"publish","type":"product","link":"https:\/\/chemicalstore.ee\/ru\/toode\/chrome-delete-komplektcarbon-glossy-foliatec\/","title":{"rendered":"Chrome delete komplekt,Carbon glossy &#8211; Foliatec"},"content":{"rendered":"","protected":false},"excerpt":{"rendered":"<p>FoliatecKroomi- ja dekoratiivliistudele m\u00f5eldud teibikomplekt Chrome Delete v\u00f5imaldab v\u00e4rskendada kroomitud liistud stiilseks mustaks! Lihtsalt kasutatav komplekt sisaldab k\u00f5ike vajalikku ning paigaldust saab teha isegi oma garaa\u017eis!<\/p>\n","protected":false},"featured_media":2319,"comment_status":"closed","ping_status":"open","template":"","meta":{"_monsterinsights_skip_tracking":false,"_monsterinsights_sitenote_active":false,"_monsterinsights_sitenote_note":"","_monsterinsights_sitenote_category":0},"product_brand":[],"product_cat":[46],"product_tag":[],"class_list":{"0":"post-2318","1":"product","2":"type-product","3":"status-publish","4":"has-post-thumbnail","6":"product_cat-autohooldus-muu","7":"pa_brand-foliatec","8":"pa_kasutusotstarve-autoakende-liistude-teipimine","9":"pa_teibi-moodud-15-m-x-5-cm-pikkus-x-laius","10":"pa_uhiku-hind-29-95e-tk","12":"first","13":"onbackorder","14":"taxable","15":"shipping-taxable","16":"purchasable","17":"product-type-simple"},"_links":{"self":[{"href":"https:\/\/chemicalstore.ee\/ru\/wp-json\/wp\/v2\/product\/2318","targetHints":{"allow":["GET"]}}],"collection":[{"href":"https:\/\/chemicalstore.ee\/ru\/wp-json\/wp\/v2\/product"}],"about":[{"href":"https:\/\/chemicalstore.ee\/ru\/wp-json\/wp\/v2\/types\/product"}],"replies":[{"embeddable":true,"href":"https:\/\/chemicalstore.ee\/ru\/wp-json\/wp\/v2\/comments?post=2318"}],"wp:featuredmedia":[{"embeddable":true,"href":"https:\/\/chemicalstore.ee\/ru\/wp-json\/wp\/v2\/media\/2319"}],"wp:attachment":[{"href":"https:\/\/chemicalstore.ee\/ru\/wp-json\/wp\/v2\/media?parent=2318"}],"wp:term":[{"taxonomy":"product_brand","embeddable":true,"href":"https:\/\/chemicalstore.ee\/ru\/wp-json\/wp\/v2\/product_brand?post=2318"},{"taxonomy":"product_cat","embeddable":true,"href":"https:\/\/chemicalstore.ee\/ru\/wp-json\/wp\/v2\/product_cat?post=2318"},{"taxonomy":"product_tag","embeddable":true,"href":"https:\/\/chemicalstore.ee\/ru\/wp-json\/wp\/v2\/product_tag?post=2318"}],"curies":[{"name":"wp","href":"https:\/\/api.w.org\/{rel}","templated":true}]}}