{"id":2313,"date":"2024-10-02T13:08:43","date_gmt":"2024-10-02T13:08:43","guid":{"rendered":"https:\/\/chemicalstore.ee\/toode\/chrome-delete-komplektblack-matte-foliatec\/"},"modified":"2026-05-12T18:48:49","modified_gmt":"2026-05-12T18:48:49","slug":"chrome-delete-komplektblack-matte-foliatec","status":"publish","type":"product","link":"https:\/\/chemicalstore.ee\/ru\/toode\/chrome-delete-komplektblack-matte-foliatec\/","title":{"rendered":"Chrome delete komplekt,Black matte &#8211; Foliatec"},"content":{"rendered":"","protected":false},"excerpt":{"rendered":"<p>FoliatecKroomi- ja dekoratiivliistudele m\u00f5eldud teibikomplekt Chrome Delete v\u00f5imaldab v\u00e4rskendada kroomitud liistud stiilseks mustaks! Lihtsalt kasutatav komplekt sisaldab k\u00f5ike vajalikku ning paigaldust saab teha isegi oma garaa\u017eis!<\/p>\n","protected":false},"featured_media":2314,"comment_status":"closed","ping_status":"open","template":"","meta":{"_monsterinsights_skip_tracking":false,"_monsterinsights_sitenote_active":false,"_monsterinsights_sitenote_note":"","_monsterinsights_sitenote_category":0},"product_brand":[],"product_cat":[46],"product_tag":[],"class_list":{"0":"post-2313","1":"product","2":"type-product","3":"status-publish","4":"has-post-thumbnail","6":"product_cat-autohooldus-muu","7":"pa_brand-foliatec","8":"pa_kasutusotstarve-autoakende-liistude-teipimine","9":"pa_teibi-moodud-15-m-x-5-cm-pikkus-x-laius","10":"pa_uhiku-hind-24-95e-tk","12":"first","13":"onbackorder","14":"taxable","15":"shipping-taxable","16":"purchasable","17":"product-type-simple"},"_links":{"self":[{"href":"https:\/\/chemicalstore.ee\/ru\/wp-json\/wp\/v2\/product\/2313","targetHints":{"allow":["GET"]}}],"collection":[{"href":"https:\/\/chemicalstore.ee\/ru\/wp-json\/wp\/v2\/product"}],"about":[{"href":"https:\/\/chemicalstore.ee\/ru\/wp-json\/wp\/v2\/types\/product"}],"replies":[{"embeddable":true,"href":"https:\/\/chemicalstore.ee\/ru\/wp-json\/wp\/v2\/comments?post=2313"}],"wp:featuredmedia":[{"embeddable":true,"href":"https:\/\/chemicalstore.ee\/ru\/wp-json\/wp\/v2\/media\/2314"}],"wp:attachment":[{"href":"https:\/\/chemicalstore.ee\/ru\/wp-json\/wp\/v2\/media?parent=2313"}],"wp:term":[{"taxonomy":"product_brand","embeddable":true,"href":"https:\/\/chemicalstore.ee\/ru\/wp-json\/wp\/v2\/product_brand?post=2313"},{"taxonomy":"product_cat","embeddable":true,"href":"https:\/\/chemicalstore.ee\/ru\/wp-json\/wp\/v2\/product_cat?post=2313"},{"taxonomy":"product_tag","embeddable":true,"href":"https:\/\/chemicalstore.ee\/ru\/wp-json\/wp\/v2\/product_tag?post=2313"}],"curies":[{"name":"wp","href":"https:\/\/api.w.org\/{rel}","templated":true}]}}