{"id":2263,"date":"2024-10-02T13:08:43","date_gmt":"2024-10-02T13:08:43","guid":{"rendered":"https:\/\/chemicalstore.ee\/toode\/pidurisadulate-varvi-komplektracing-rosso-matt-foliatec\/"},"modified":"2024-10-02T13:08:44","modified_gmt":"2024-10-02T13:08:44","slug":"pidurisadulate-varvi-komplektracing-rosso-matt-foliatec","status":"publish","type":"product","link":"https:\/\/chemicalstore.ee\/ru\/toode\/pidurisadulate-varvi-komplektracing-rosso-matt-foliatec\/","title":{"rendered":"Pidurisadulate v\u00e4rvi komplekt,Racing rosso matt &#8211; Foliatec"},"content":{"rendered":"","protected":false},"excerpt":{"rendered":"<p>FoliatecV\u00e4ga lihtsalt kasutatav pidurisadulate v\u00e4rvimiskomplekt, mis sisaldab k\u00f5ike vajalikku! muuda oma auto pidurisadulad vaid m\u00f5ne sammuga pilkup\u00fc\u00fcdvateks ja vapustavateks.<\/p>\n","protected":false},"featured_media":2264,"comment_status":"closed","ping_status":"open","template":"","meta":{"_monsterinsights_skip_tracking":false,"_monsterinsights_sitenote_active":false,"_monsterinsights_sitenote_note":"","_monsterinsights_sitenote_category":0},"product_brand":[],"product_cat":[46],"product_tag":[],"class_list":{"0":"post-2263","1":"product","2":"type-product","3":"status-publish","4":"has-post-thumbnail","6":"product_cat-autohooldus-muu","7":"pa_brand-foliatec","8":"pa_info-foliatec-varvid-on-keemia-korrosiooni-ja-oli-kindlad","9":"pa_kestvus-komplektiga-saab-varvida-4-pidurisadulat","10":"pa_uhiku-hind-34-95e-tk","12":"first","13":"onbackorder","14":"taxable","15":"shipping-taxable","16":"purchasable","17":"product-type-simple"},"_links":{"self":[{"href":"https:\/\/chemicalstore.ee\/ru\/wp-json\/wp\/v2\/product\/2263","targetHints":{"allow":["GET"]}}],"collection":[{"href":"https:\/\/chemicalstore.ee\/ru\/wp-json\/wp\/v2\/product"}],"about":[{"href":"https:\/\/chemicalstore.ee\/ru\/wp-json\/wp\/v2\/types\/product"}],"replies":[{"embeddable":true,"href":"https:\/\/chemicalstore.ee\/ru\/wp-json\/wp\/v2\/comments?post=2263"}],"wp:featuredmedia":[{"embeddable":true,"href":"https:\/\/chemicalstore.ee\/ru\/wp-json\/wp\/v2\/media\/2264"}],"wp:attachment":[{"href":"https:\/\/chemicalstore.ee\/ru\/wp-json\/wp\/v2\/media?parent=2263"}],"wp:term":[{"taxonomy":"product_brand","embeddable":true,"href":"https:\/\/chemicalstore.ee\/ru\/wp-json\/wp\/v2\/product_brand?post=2263"},{"taxonomy":"product_cat","embeddable":true,"href":"https:\/\/chemicalstore.ee\/ru\/wp-json\/wp\/v2\/product_cat?post=2263"},{"taxonomy":"product_tag","embeddable":true,"href":"https:\/\/chemicalstore.ee\/ru\/wp-json\/wp\/v2\/product_tag?post=2263"}],"curies":[{"name":"wp","href":"https:\/\/api.w.org\/{rel}","templated":true}]}}