{"id":2188,"date":"2024-10-02T13:08:12","date_gmt":"2024-10-02T13:08:12","guid":{"rendered":"https:\/\/chemicalstore.ee\/toode\/adapter-snaplock-g3-dr-dirt-7\/"},"modified":"2024-10-02T13:08:22","modified_gmt":"2024-10-02T13:08:22","slug":"adapter-snaplock-g3-dr-dirt-7","status":"publish","type":"product","link":"https:\/\/chemicalstore.ee\/ru\/toode\/adapter-snaplock-g3-dr-dirt-7\/","title":{"rendered":"Adapter snaplock G3 &#8211; Dr Dirt"},"content":{"rendered":"<p>Spetsiaalne SnapLock\u2122 kiir\u00fchenduse adapter, mida m\u00fc\u00fcme eraldi, nt. Dr Dirt G3 pesuainevahustaja ja muude survepesuri varre ja pesutarvikute jaoks, mis omavad SnapLock\u2122-kiir\u00fchendust.Dr Dirt G3 vahustajaga on kaasas pesuri spetsiifiline adapter, kuid eraldi adapter v\u00f5imaldab kasutada sama vahustajat erinevat marki survepesuritel,lihtsalt adapterit vahetades. Saadaval K\u00e4rcheri, Nilfiski, Alto, Boschi, Kr\u00e4nzle, Gerni, Stihli ja Lavori survepesurite jaoks.<\/p>\n","protected":false},"excerpt":{"rendered":"<p>Dr Dirt<\/p>\n","protected":false},"featured_media":3459,"comment_status":"closed","ping_status":"open","template":"","meta":{"_monsterinsights_skip_tracking":false,"_monsterinsights_sitenote_active":false,"_monsterinsights_sitenote_note":"","_monsterinsights_sitenote_category":0},"product_brand":[],"product_cat":[35],"product_tag":[],"class_list":{"0":"post-2188","1":"product","2":"type-product","3":"status-publish","4":"has-post-thumbnail","6":"product_cat-puhastusvahendid-autohooldustooted","7":"pa_brand-dr-dirt","8":"pa_sobilikkus-survepesuritele-bosch","9":"pa_uhiku-hind-4-9e-tk","11":"first","12":"instock","13":"taxable","14":"shipping-taxable","15":"purchasable","16":"product-type-simple"},"_links":{"self":[{"href":"https:\/\/chemicalstore.ee\/ru\/wp-json\/wp\/v2\/product\/2188","targetHints":{"allow":["GET"]}}],"collection":[{"href":"https:\/\/chemicalstore.ee\/ru\/wp-json\/wp\/v2\/product"}],"about":[{"href":"https:\/\/chemicalstore.ee\/ru\/wp-json\/wp\/v2\/types\/product"}],"replies":[{"embeddable":true,"href":"https:\/\/chemicalstore.ee\/ru\/wp-json\/wp\/v2\/comments?post=2188"}],"wp:featuredmedia":[{"embeddable":true,"href":"https:\/\/chemicalstore.ee\/ru\/wp-json\/wp\/v2\/media\/3459"}],"wp:attachment":[{"href":"https:\/\/chemicalstore.ee\/ru\/wp-json\/wp\/v2\/media?parent=2188"}],"wp:term":[{"taxonomy":"product_brand","embeddable":true,"href":"https:\/\/chemicalstore.ee\/ru\/wp-json\/wp\/v2\/product_brand?post=2188"},{"taxonomy":"product_cat","embeddable":true,"href":"https:\/\/chemicalstore.ee\/ru\/wp-json\/wp\/v2\/product_cat?post=2188"},{"taxonomy":"product_tag","embeddable":true,"href":"https:\/\/chemicalstore.ee\/ru\/wp-json\/wp\/v2\/product_tag?post=2188"}],"curies":[{"name":"wp","href":"https:\/\/api.w.org\/{rel}","templated":true}]}}