{"id":2166,"date":"2024-10-02T13:08:12","date_gmt":"2024-10-02T13:08:12","guid":{"rendered":"https:\/\/chemicalstore.ee\/toode\/drying-towel\/"},"modified":"2024-10-02T13:08:17","modified_gmt":"2024-10-02T13:08:17","slug":"drying-towel","status":"publish","type":"product","link":"https:\/\/chemicalstore.ee\/ru\/toode\/drying-towel\/","title":{"rendered":"Drying towel"},"content":{"rendered":"<p>CAR5 Drying Towel on imav ja pehme kuivatuslapp, mis v\u00f5imaldab k\u00f5ik suurused s\u00f5idukid vaevata kuivatada. Lapi mikrokiust struktuur on \u00f5rn ja tagab siidise puudutuse k\u00f5igile s\u00f5iduki v\u00e4listele pindadele. Lisaks tagab Drying Toweli struktuur, et isegi k\u00f5ige tundlikumaid pindu saab muretult kuivatada, kuna kuivatuslapil puuduvad v\u00f5imalikud pindu kriimustavad osad nagu \u00f5mblused v\u00f5i pesulapid. CAR5 Drying Towel on k\u00e4ep\u00e4rase suurusega (50 x 70 cm), piisavalt suur suurte s\u00f5idukite kuivatamiseks, kuid samas piisavalt v\u00e4ike, et lapi k\u00e4sitlemine oleks lihtne. Kuivatuslapp on pealispinnalt libe, mis v\u00f5imaldab sellel s\u00f5iduki pindadel kergelt libiseda kogu kuivatusprotsessi v\u00e4ltel ega muutu raskemaks isegi kuivatuse l\u00f5ppfaasis, mil see on imanud endasse suure hulga vett. Drying Towel on masinpestav, seega saab seda vajadusel h\u00f5lpsasti pesumasinas puhastada, hoides seda pikaealise abilisena autohoolduses.<\/p>\n","protected":false},"excerpt":{"rendered":"<p>Car5CAR5 Drying Towel on imav ja pehme kuivatuslapp, mis v\u00f5imaldab k\u00f5ik suurused s\u00f5idukid vaevata kuivatada. Lapi mikrokiust struktuur on \u00f5rn ja tagab siidise puudutuse k\u00f5igile s\u00f5iduki v\u00e4listele pindadele. Lisaks tagab Drying Toweli struktuur, et isegi k\u00f5ige tundlikumaid pindu saab muretult kuivatada, kuna kuivatuslapil puuduvad v\u00f5imalikud pindu kriimustavad osad nagu \u00f5mblused v\u00f5i pesulapid.<\/p>\n","protected":false},"featured_media":2167,"comment_status":"closed","ping_status":"open","template":"","meta":{"_monsterinsights_skip_tracking":false,"_monsterinsights_sitenote_active":false,"_monsterinsights_sitenote_note":"","_monsterinsights_sitenote_category":0},"product_brand":[],"product_cat":[35],"product_tag":[],"class_list":{"0":"post-2166","1":"product","2":"type-product","3":"status-publish","4":"has-post-thumbnail","6":"product_cat-puhastusvahendid-autohooldustooted","7":"pa_brand-car5","8":"pa_kasutusotstarve-auto-kuivatamine-peale-pesu","9":"pa_pestavus-30-orn-trummelkuivatus","10":"pa_uhiku-hind-19-9e-tk","12":"first","13":"instock","14":"taxable","15":"shipping-taxable","16":"purchasable","17":"product-type-simple"},"_links":{"self":[{"href":"https:\/\/chemicalstore.ee\/ru\/wp-json\/wp\/v2\/product\/2166","targetHints":{"allow":["GET"]}}],"collection":[{"href":"https:\/\/chemicalstore.ee\/ru\/wp-json\/wp\/v2\/product"}],"about":[{"href":"https:\/\/chemicalstore.ee\/ru\/wp-json\/wp\/v2\/types\/product"}],"replies":[{"embeddable":true,"href":"https:\/\/chemicalstore.ee\/ru\/wp-json\/wp\/v2\/comments?post=2166"}],"wp:featuredmedia":[{"embeddable":true,"href":"https:\/\/chemicalstore.ee\/ru\/wp-json\/wp\/v2\/media\/2167"}],"wp:attachment":[{"href":"https:\/\/chemicalstore.ee\/ru\/wp-json\/wp\/v2\/media?parent=2166"}],"wp:term":[{"taxonomy":"product_brand","embeddable":true,"href":"https:\/\/chemicalstore.ee\/ru\/wp-json\/wp\/v2\/product_brand?post=2166"},{"taxonomy":"product_cat","embeddable":true,"href":"https:\/\/chemicalstore.ee\/ru\/wp-json\/wp\/v2\/product_cat?post=2166"},{"taxonomy":"product_tag","embeddable":true,"href":"https:\/\/chemicalstore.ee\/ru\/wp-json\/wp\/v2\/product_tag?post=2166"}],"curies":[{"name":"wp","href":"https:\/\/api.w.org\/{rel}","templated":true}]}}