{"id":2158,"date":"2024-10-02T13:08:12","date_gmt":"2024-10-02T13:08:12","guid":{"rendered":"https:\/\/chemicalstore.ee\/toode\/red-ruby\/"},"modified":"2024-10-02T13:08:17","modified_gmt":"2024-10-02T13:08:17","slug":"red-ruby","status":"publish","type":"product","link":"https:\/\/chemicalstore.ee\/ru\/toode\/red-ruby\/","title":{"rendered":"Red ruby"},"content":{"rendered":"","protected":false},"excerpt":{"rendered":"<p>King CarthurKing Carthur Red Ruby Gen2 on erakordselt pehme ja \u00f5rn poleerimislapp, mis v\u00f5tab oma koha poleerimislappide paremikus. Selle kiudude pikkus ja tihedus on optimeeritud autovaha poleerimiseks. Sametiselt pehme puudutus on v\u00e4rvipinnale \u00f5rn. \u00d5mblusteta servadega, majesteetlik Red Ruby on tihedusega 650 g\/m\u00b2, mis tagab, et lapp ei ummistu poleerimise ajal.<\/p>\n","protected":false},"featured_media":2159,"comment_status":"closed","ping_status":"open","template":"","meta":{"_monsterinsights_skip_tracking":false,"_monsterinsights_sitenote_active":false,"_monsterinsights_sitenote_note":"","_monsterinsights_sitenote_category":0},"product_brand":[],"product_cat":[35],"product_tag":[],"class_list":{"0":"post-2158","1":"product","2":"type-product","3":"status-publish","4":"has-post-thumbnail","6":"product_cat-puhastusvahendid-autohooldustooted","7":"pa_brand-king-carthur","8":"pa_kasutusotstarve-vahade-poleerimine","9":"pa_pestavus-30-orn-trummelkuivatus","10":"pa_uhiku-hind-9-9e-tk","12":"first","13":"instock","14":"taxable","15":"shipping-taxable","16":"purchasable","17":"product-type-simple"},"_links":{"self":[{"href":"https:\/\/chemicalstore.ee\/ru\/wp-json\/wp\/v2\/product\/2158","targetHints":{"allow":["GET"]}}],"collection":[{"href":"https:\/\/chemicalstore.ee\/ru\/wp-json\/wp\/v2\/product"}],"about":[{"href":"https:\/\/chemicalstore.ee\/ru\/wp-json\/wp\/v2\/types\/product"}],"replies":[{"embeddable":true,"href":"https:\/\/chemicalstore.ee\/ru\/wp-json\/wp\/v2\/comments?post=2158"}],"wp:featuredmedia":[{"embeddable":true,"href":"https:\/\/chemicalstore.ee\/ru\/wp-json\/wp\/v2\/media\/2159"}],"wp:attachment":[{"href":"https:\/\/chemicalstore.ee\/ru\/wp-json\/wp\/v2\/media?parent=2158"}],"wp:term":[{"taxonomy":"product_brand","embeddable":true,"href":"https:\/\/chemicalstore.ee\/ru\/wp-json\/wp\/v2\/product_brand?post=2158"},{"taxonomy":"product_cat","embeddable":true,"href":"https:\/\/chemicalstore.ee\/ru\/wp-json\/wp\/v2\/product_cat?post=2158"},{"taxonomy":"product_tag","embeddable":true,"href":"https:\/\/chemicalstore.ee\/ru\/wp-json\/wp\/v2\/product_tag?post=2158"}],"curies":[{"name":"wp","href":"https:\/\/api.w.org\/{rel}","templated":true}]}}