{"id":2152,"date":"2024-10-02T13:08:12","date_gmt":"2024-10-02T13:08:12","guid":{"rendered":"https:\/\/chemicalstore.ee\/toode\/black-diamond\/"},"modified":"2024-10-02T13:08:16","modified_gmt":"2024-10-02T13:08:16","slug":"black-diamond","status":"publish","type":"product","link":"https:\/\/chemicalstore.ee\/ru\/toode\/black-diamond\/","title":{"rendered":"Black diamond"},"content":{"rendered":"<p>King Carthur Black Diamond Gen2 on erakordselt imav kuivatuslapp, mis kuivatab efektiivselt igasuguse pinna. Lapi tihe struktuur ja ainulaadne &#8220;Twist loop -kudum&#8221; teevad sellest eriti imava ja \u00f5rna, seega v\u00f5ib seda muretult libistada \u00fcle v\u00e4rvipinna ilma hirmuta isegi k\u00f5ige tundlikuma pinna kriimustamise ees. Black Diamondi struktuur on massiivne ning see kaalub kuni neli korda rohkem kui tavalised kuivatuslapid, v\u00f5imaldades sel imada endasse kuni neli liitrit vett, mist\u00f5ttu saab sellega korraga kuivatada mitu autot. Lapp on disainitud auto kuivatamiseks ja selle m\u00f5\u00f5tmed (50 x 70 cm) on optimaalsed just selleks otstarbeks. Muidugi sobib lapp suurep\u00e4raselt ka igasuguste teiste esemete kuivatamiseks.<\/p>\n","protected":false},"excerpt":{"rendered":"<p>King CarthurKuivatuslapp King Carthur Black Diamond Gen2 kaalub massiivsed 1800 g\/m\u00b2, olles seega kuni 4 korda raskem kui traditsioonilised kuivatuslapid. Lapi suurus on 50 x 70 cm, mis on t\u00e4pselt sobiv auto kuivatuslapiks. Parimal juhul suudab see imada kuni 4 liitrit vett. L\u00f5puks ometi on olemas kuivatuslapp, millega kuivatamine on t\u00f5eliselt lihtne!<\/p>\n","protected":false},"featured_media":2153,"comment_status":"closed","ping_status":"open","template":"","meta":{"_monsterinsights_skip_tracking":false,"_monsterinsights_sitenote_active":false,"_monsterinsights_sitenote_note":"","_monsterinsights_sitenote_category":0},"product_brand":[],"product_cat":[35],"product_tag":[],"class_list":{"0":"post-2152","1":"product","2":"type-product","3":"status-publish","4":"has-post-thumbnail","6":"product_cat-puhastusvahendid-autohooldustooted","7":"pa_brand-king-carthur","8":"pa_kasutusotstarve-auto-kuivatamiseks-peale-pesu","9":"pa_pestavus-40c-juures","10":"pa_uhiku-hind-39-9e-tk","12":"first","13":"instock","14":"taxable","15":"shipping-taxable","16":"purchasable","17":"product-type-simple"},"_links":{"self":[{"href":"https:\/\/chemicalstore.ee\/ru\/wp-json\/wp\/v2\/product\/2152","targetHints":{"allow":["GET"]}}],"collection":[{"href":"https:\/\/chemicalstore.ee\/ru\/wp-json\/wp\/v2\/product"}],"about":[{"href":"https:\/\/chemicalstore.ee\/ru\/wp-json\/wp\/v2\/types\/product"}],"replies":[{"embeddable":true,"href":"https:\/\/chemicalstore.ee\/ru\/wp-json\/wp\/v2\/comments?post=2152"}],"wp:featuredmedia":[{"embeddable":true,"href":"https:\/\/chemicalstore.ee\/ru\/wp-json\/wp\/v2\/media\/2153"}],"wp:attachment":[{"href":"https:\/\/chemicalstore.ee\/ru\/wp-json\/wp\/v2\/media?parent=2152"}],"wp:term":[{"taxonomy":"product_brand","embeddable":true,"href":"https:\/\/chemicalstore.ee\/ru\/wp-json\/wp\/v2\/product_brand?post=2152"},{"taxonomy":"product_cat","embeddable":true,"href":"https:\/\/chemicalstore.ee\/ru\/wp-json\/wp\/v2\/product_cat?post=2152"},{"taxonomy":"product_tag","embeddable":true,"href":"https:\/\/chemicalstore.ee\/ru\/wp-json\/wp\/v2\/product_tag?post=2152"}],"curies":[{"name":"wp","href":"https:\/\/api.w.org\/{rel}","templated":true}]}}