{"id":2138,"date":"2024-10-02T13:08:12","date_gmt":"2024-10-02T13:08:12","guid":{"rendered":"https:\/\/chemicalstore.ee\/toode\/premium-mitt\/"},"modified":"2024-10-02T13:08:14","modified_gmt":"2024-10-02T13:08:14","slug":"premium-mitt","status":"publish","type":"product","link":"https:\/\/chemicalstore.ee\/ru\/toode\/premium-mitt\/","title":{"rendered":"Premium mitt"},"content":{"rendered":"<p>King Carthur Premium Microfiber Wash Mitt on n\u00fc\u00fcd uuendatud veelgi paremaks GEN2 versiooniks! Pesukinnas on \u00f5rn, vastupidav ja mitmek\u00fclgne nagu selle eelk\u00e4ija, ja see saab h\u00f5lpsasti hakkama nii \u00f5rna hoolduspesuga kui ka lahustitega teostatava p\u00f5hjaliku pesuga! Uuendusena on kinnasesse lisatud 2 cm paksune vahukiht, mis muudab selle veelgi imavamaks ja pesemise veelgi mugavamaks, kuna kinnast pole vaja pesu\u00e4mbris nii tihti niisutada, see imab endasse tohutul hulgal pesuvett!<\/p>\n","protected":false},"excerpt":{"rendered":"<p>King CarthurMikrokiust kinnase s\u00fcnteetilised harjased hellitavad v\u00e4rvipinda peaaegu nagu lambavillast valmistatud pesukinnas, kuid mikrokiu oluliste eelistena on selle vastupidavus nii kulumisele kui ka kemikaalidele. Pesukinnast kasutades j\u00e4\u00e4vad mustuseosakesed, nagu n\u00e4htamatu peen liivatolm, kinnase sisse, erinevalt pesusvammist, mis ei ima mustust, vaid laseb sellel v\u00e4rvipinna ja svammi vahel ringelda, p\u00f5hjustades kriimustusi.<\/p>\n","protected":false},"featured_media":2139,"comment_status":"closed","ping_status":"open","template":"","meta":{"_monsterinsights_skip_tracking":false,"_monsterinsights_sitenote_active":false,"_monsterinsights_sitenote_note":"","_monsterinsights_sitenote_category":0},"product_brand":[],"product_cat":[35],"product_tag":[],"class_list":{"0":"post-2138","1":"product","2":"type-product","3":"status-publish","4":"has-post-thumbnail","6":"product_cat-puhastusvahendid-autohooldustooted","7":"pa_brand-king-carthur","8":"pa_kasutusotstarve-shampooniga-pesemiseks","9":"pa_pestavus-30-orn-trummelkuivatus","10":"pa_uhiku-hind-19-9e-tk","12":"first","13":"instock","14":"taxable","15":"shipping-taxable","16":"purchasable","17":"product-type-simple"},"_links":{"self":[{"href":"https:\/\/chemicalstore.ee\/ru\/wp-json\/wp\/v2\/product\/2138","targetHints":{"allow":["GET"]}}],"collection":[{"href":"https:\/\/chemicalstore.ee\/ru\/wp-json\/wp\/v2\/product"}],"about":[{"href":"https:\/\/chemicalstore.ee\/ru\/wp-json\/wp\/v2\/types\/product"}],"replies":[{"embeddable":true,"href":"https:\/\/chemicalstore.ee\/ru\/wp-json\/wp\/v2\/comments?post=2138"}],"wp:featuredmedia":[{"embeddable":true,"href":"https:\/\/chemicalstore.ee\/ru\/wp-json\/wp\/v2\/media\/2139"}],"wp:attachment":[{"href":"https:\/\/chemicalstore.ee\/ru\/wp-json\/wp\/v2\/media?parent=2138"}],"wp:term":[{"taxonomy":"product_brand","embeddable":true,"href":"https:\/\/chemicalstore.ee\/ru\/wp-json\/wp\/v2\/product_brand?post=2138"},{"taxonomy":"product_cat","embeddable":true,"href":"https:\/\/chemicalstore.ee\/ru\/wp-json\/wp\/v2\/product_cat?post=2138"},{"taxonomy":"product_tag","embeddable":true,"href":"https:\/\/chemicalstore.ee\/ru\/wp-json\/wp\/v2\/product_tag?post=2138"}],"curies":[{"name":"wp","href":"https:\/\/api.w.org\/{rel}","templated":true}]}}