{"id":2132,"date":"2024-10-02T13:08:12","date_gmt":"2024-10-02T13:08:12","guid":{"rendered":"https:\/\/chemicalstore.ee\/toode\/classic-mitt\/"},"modified":"2024-10-02T13:08:14","modified_gmt":"2024-10-02T13:08:14","slug":"classic-mitt","status":"publish","type":"product","link":"https:\/\/chemicalstore.ee\/ru\/toode\/classic-mitt\/","title":{"rendered":"Classic mitt"},"content":{"rendered":"<p>King Carthur Classic Mitt on mikrokiust pesukinnas, mis on loodud vastu pidama intensiivsele kasutusele ja tugevatele pesuainetele. Kinnaste l\u00fchikarvaline pind ja vastupidav mikrokiust struktuur teevad sellest suurep\u00e4rase vahendi eriti m\u00e4\u00e4rdunud kohtade, nagu veljed ja k\u00fcljekarbid, pesemiseks. Lisaks annab kinnaste paindlik materjal ja l\u00fchike karv hea tunde k\u00f5ikide pesemist vajavate kohtade kujudele, muutes kitsaste ja raskesti ligip\u00e4\u00e4setavate kohtade puhastamise mugavaks. Hoolimata oma l\u00fchikarvalisusest on Classic Mitt siiski v\u00e4ga pehme ja imav, mist\u00f5ttu ei kriimusta ega kahjusta see pesemisel pinda, seega on seda turvaline kasutada ka tundlikel pindadel. Seda pikaealist kinnast v\u00f5ib muretult kasutada ka lahustip\u00f5histe pesuainetega, kuna see talub eriti h\u00e4sti k\u00f5iki auto pesemisel kasutatavaid kemikaale. Lisaks suurep\u00e4rastele pesuomadustele on Classic Mitt just \u00f5ige suurusega k\u00f5ikide pindade pesemiseks, olgu need siis suured v\u00f5i v\u00e4ikesed. Lisaks on kindal tugev randmeosa, mis hoiab seda kindlalt k\u00e4es nii pesemise kui ka pesu\u00e4mbris loputamise ajal.<\/p>\n","protected":false},"excerpt":{"rendered":"<p>King CarthurKing Carthur Classic Mitt on mikrokiust pesukinnas, mis on loodud vastu pidama intensiivsele kasutusele ja tugevatele pesuainetele. Kinnaste l\u00fchikarvaline pind ja vastupidav mikrokiust struktuur teevad sellest suurep\u00e4rase vahendi eriti m\u00e4\u00e4rdunud kohtade, nagu veljed ja k\u00fcljekarbid, pesemiseks. Lisaks annab kinnaste paindlik materjal ja l\u00fchike karv hea tunde k\u00f5ikide pesemist vajavate kohtade kujudele, muutes kitsaste ja raskesti ligip\u00e4\u00e4setavate kohtade puhastamise mugavaks.<\/p>\n","protected":false},"featured_media":2133,"comment_status":"closed","ping_status":"open","template":"","meta":{"_monsterinsights_skip_tracking":false,"_monsterinsights_sitenote_active":false,"_monsterinsights_sitenote_note":"","_monsterinsights_sitenote_category":0},"product_brand":[],"product_cat":[35],"product_tag":[],"class_list":{"0":"post-2132","1":"product","2":"type-product","3":"status-publish","4":"has-post-thumbnail","6":"product_cat-puhastusvahendid-autohooldustooted","7":"pa_brand-king-carthur","8":"pa_kasutusotstarve-velgede-pesemine","9":"pa_pestavus-30-orn-trummelkuivatus","10":"pa_uhiku-hind-14-9e-tk","12":"first","13":"instock","14":"taxable","15":"shipping-taxable","16":"purchasable","17":"product-type-simple"},"_links":{"self":[{"href":"https:\/\/chemicalstore.ee\/ru\/wp-json\/wp\/v2\/product\/2132","targetHints":{"allow":["GET"]}}],"collection":[{"href":"https:\/\/chemicalstore.ee\/ru\/wp-json\/wp\/v2\/product"}],"about":[{"href":"https:\/\/chemicalstore.ee\/ru\/wp-json\/wp\/v2\/types\/product"}],"replies":[{"embeddable":true,"href":"https:\/\/chemicalstore.ee\/ru\/wp-json\/wp\/v2\/comments?post=2132"}],"wp:featuredmedia":[{"embeddable":true,"href":"https:\/\/chemicalstore.ee\/ru\/wp-json\/wp\/v2\/media\/2133"}],"wp:attachment":[{"href":"https:\/\/chemicalstore.ee\/ru\/wp-json\/wp\/v2\/media?parent=2132"}],"wp:term":[{"taxonomy":"product_brand","embeddable":true,"href":"https:\/\/chemicalstore.ee\/ru\/wp-json\/wp\/v2\/product_brand?post=2132"},{"taxonomy":"product_cat","embeddable":true,"href":"https:\/\/chemicalstore.ee\/ru\/wp-json\/wp\/v2\/product_cat?post=2132"},{"taxonomy":"product_tag","embeddable":true,"href":"https:\/\/chemicalstore.ee\/ru\/wp-json\/wp\/v2\/product_tag?post=2132"}],"curies":[{"name":"wp","href":"https:\/\/api.w.org\/{rel}","templated":true}]}}