{"id":2125,"date":"2024-10-02T13:08:12","date_gmt":"2024-10-02T13:08:12","guid":{"rendered":"https:\/\/chemicalstore.ee\/toode\/finger-mitt\/"},"modified":"2024-10-02T13:08:13","modified_gmt":"2024-10-02T13:08:13","slug":"finger-mitt","status":"publish","type":"product","link":"https:\/\/chemicalstore.ee\/ru\/toode\/finger-mitt\/","title":{"rendered":"Finger mitt"},"content":{"rendered":"","protected":false},"excerpt":{"rendered":"<p>King CarthurKing Carthur Finger Mitt on \u00e4\u00e4rmiselt k\u00e4ep\u00e4rane vaha aplikaator, mille innovaatiline disain lihtsustab oluliselt vaha pealekandmist ja muudab t\u00f6\u00f6 ergonoomilisemaks. Aplikaatori disain v\u00f5imaldab vaha otse vahapurgist doseerida. Finger Mitti pind on oluliselt pehmem kui traditsioonilistel vaha aplikaatoritel, mist\u00f5ttu on see t\u00f6\u00f6deldavale pinnale palju \u00f5rnem. Vaha j\u00e4\u00e4b aplikaatori ja t\u00f6\u00f6deldava pinna vahele ega imendu t\u00e4ielikult aplikaatorisse, mis v\u00f5imaldab vaha s\u00e4\u00e4stlikumat kasutamist.<\/p>\n","protected":false},"featured_media":2126,"comment_status":"closed","ping_status":"open","template":"","meta":{"_monsterinsights_skip_tracking":false,"_monsterinsights_sitenote_active":false,"_monsterinsights_sitenote_note":"","_monsterinsights_sitenote_category":0},"product_brand":[],"product_cat":[86],"product_tag":[],"class_list":{"0":"post-2125","1":"product","2":"type-product","3":"status-publish","4":"has-post-thumbnail","6":"product_cat-poleerimine","7":"pa_brand-king-carthur","8":"pa_kasutusotstarve-vaha-pealekandmiseks","9":"pa_pestavus-40c-juures","10":"pa_uhiku-hind-3-9e-tk","12":"first","13":"instock","14":"taxable","15":"shipping-taxable","16":"purchasable","17":"product-type-simple"},"_links":{"self":[{"href":"https:\/\/chemicalstore.ee\/ru\/wp-json\/wp\/v2\/product\/2125","targetHints":{"allow":["GET"]}}],"collection":[{"href":"https:\/\/chemicalstore.ee\/ru\/wp-json\/wp\/v2\/product"}],"about":[{"href":"https:\/\/chemicalstore.ee\/ru\/wp-json\/wp\/v2\/types\/product"}],"replies":[{"embeddable":true,"href":"https:\/\/chemicalstore.ee\/ru\/wp-json\/wp\/v2\/comments?post=2125"}],"wp:featuredmedia":[{"embeddable":true,"href":"https:\/\/chemicalstore.ee\/ru\/wp-json\/wp\/v2\/media\/2126"}],"wp:attachment":[{"href":"https:\/\/chemicalstore.ee\/ru\/wp-json\/wp\/v2\/media?parent=2125"}],"wp:term":[{"taxonomy":"product_brand","embeddable":true,"href":"https:\/\/chemicalstore.ee\/ru\/wp-json\/wp\/v2\/product_brand?post=2125"},{"taxonomy":"product_cat","embeddable":true,"href":"https:\/\/chemicalstore.ee\/ru\/wp-json\/wp\/v2\/product_cat?post=2125"},{"taxonomy":"product_tag","embeddable":true,"href":"https:\/\/chemicalstore.ee\/ru\/wp-json\/wp\/v2\/product_tag?post=2125"}],"curies":[{"name":"wp","href":"https:\/\/api.w.org\/{rel}","templated":true}]}}