{"id":2101,"date":"2024-10-02T13:07:55","date_gmt":"2024-10-02T13:07:55","guid":{"rendered":"https:\/\/chemicalstore.ee\/toode\/foam-pad-coarse\/"},"modified":"2024-10-02T13:08:07","modified_gmt":"2024-10-02T13:08:07","slug":"foam-pad-coarse","status":"publish","type":"product","link":"https:\/\/chemicalstore.ee\/ru\/toode\/foam-pad-coarse\/","title":{"rendered":"Foam pad coarse"},"content":{"rendered":"","protected":false},"excerpt":{"rendered":"<p>TokyaTokya Rotary Coarse on otseajamiga masinatele m\u00f5eldud vahtplastist poleerimispadi, mis on varustatud suurep\u00e4raste poleerimisomadustega. Tokya tooteperre kuuluvad padjad on valmistatud kvaliteetsest ja vastupidavast vahtplastist, rahuldades nii professionaalide kui ka algajate autode hooldajate vajadusi. Padjadel on \u00fcmardatud servad, mis v\u00e4ldivad teravaid kontakte poleeritava pinnaga ja muudavad t\u00f6\u00f6 lihtsamaks.<\/p>\n","protected":false},"featured_media":2102,"comment_status":"closed","ping_status":"open","template":"","meta":{"_monsterinsights_skip_tracking":false,"_monsterinsights_sitenote_active":false,"_monsterinsights_sitenote_note":"","_monsterinsights_sitenote_category":0},"product_brand":[],"product_cat":[86],"product_tag":[],"class_list":{"0":"post-2101","1":"product","2":"type-product","3":"status-publish","4":"has-post-thumbnail","6":"product_cat-poleerimine","7":"pa_brand-tokya","8":"pa_kasutusotstarve-varvitud-ja-lakitud-pindade-masinpolituur","9":"pa_uhiku-hind-9-9e-tk","10":"pa_varv-kollane","12":"first","13":"instock","14":"taxable","15":"shipping-taxable","16":"purchasable","17":"product-type-simple"},"_links":{"self":[{"href":"https:\/\/chemicalstore.ee\/ru\/wp-json\/wp\/v2\/product\/2101","targetHints":{"allow":["GET"]}}],"collection":[{"href":"https:\/\/chemicalstore.ee\/ru\/wp-json\/wp\/v2\/product"}],"about":[{"href":"https:\/\/chemicalstore.ee\/ru\/wp-json\/wp\/v2\/types\/product"}],"replies":[{"embeddable":true,"href":"https:\/\/chemicalstore.ee\/ru\/wp-json\/wp\/v2\/comments?post=2101"}],"wp:featuredmedia":[{"embeddable":true,"href":"https:\/\/chemicalstore.ee\/ru\/wp-json\/wp\/v2\/media\/2102"}],"wp:attachment":[{"href":"https:\/\/chemicalstore.ee\/ru\/wp-json\/wp\/v2\/media?parent=2101"}],"wp:term":[{"taxonomy":"product_brand","embeddable":true,"href":"https:\/\/chemicalstore.ee\/ru\/wp-json\/wp\/v2\/product_brand?post=2101"},{"taxonomy":"product_cat","embeddable":true,"href":"https:\/\/chemicalstore.ee\/ru\/wp-json\/wp\/v2\/product_cat?post=2101"},{"taxonomy":"product_tag","embeddable":true,"href":"https:\/\/chemicalstore.ee\/ru\/wp-json\/wp\/v2\/product_tag?post=2101"}],"curies":[{"name":"wp","href":"https:\/\/api.w.org\/{rel}","templated":true}]}}