{"id":2093,"date":"2024-10-02T13:07:55","date_gmt":"2024-10-02T13:07:55","guid":{"rendered":"https:\/\/chemicalstore.ee\/toode\/op5-gen2\/"},"modified":"2024-10-02T13:08:06","modified_gmt":"2024-10-02T13:08:06","slug":"op5-gen2","status":"publish","type":"product","link":"https:\/\/chemicalstore.ee\/ru\/toode\/op5-gen2\/","title":{"rendered":"OP5 gen2"},"content":{"rendered":"<p>Tokya OP5 Gen2 on uuendatud versioon tootja populaarsest OP5 ekstsentrikpoleerimismasinast. Uus Gen2 mudel on v\u00f5imsam, ergonoomilisem ja vaiksem kui selle eelk\u00e4ija, lisaks on sellel n\u00fc\u00fcd veelgi laiem p\u00f6\u00f6rete vahemik! Lai p\u00f6\u00f6rete vahemik v\u00f5imaldab poleerimist kiiremini ja efektiivsemalt, muutes isegi suuremahulised poleerimist\u00f6\u00f6d vaevatuks. Masin t\u00f6\u00f6tab 15 mm ekstsentrilise liikumisega, mis v\u00f5imaldab kiiret t\u00f6\u00f6tlemist suurtel pindadel, kuid on piisavalt v\u00e4le, et t\u00f6\u00f6tada ka kitsamatel ja detailirohkematel aladel. Gen2-ga t\u00f6\u00f6tamine on seega maksimaalselt t\u00f5hus, kuid samas paindlik.<\/p>\n","protected":false},"excerpt":{"rendered":"<p>TokyaOP5 Gen2 sobib nii professionaalide kui ka harrastajate vajadustele, ja selle ergonoomiline disain ning suhteliselt kerge konstruktsioon teevad sellest h\u00f5lpsasti k\u00e4sitletava seadme. Masina esik\u00e4epide on kaetud haarduva kummiga, mis tagab kindla haarde ja istub k\u00e4es sujuvalt. Suurtel pindadel t\u00f6\u00f6tades on v\u00f5imalik masina l\u00fcliti lukustada ON-asendisse, ja t\u00f6\u00f6mugavust saab veelgi suurendada kaasasoleva k\u00fcljek\u00e4epidemega. Nii on ka pikad ja j\u00e4rjestikused t\u00f6\u00f6perioodid valutud.<\/p>\n","protected":false},"featured_media":2094,"comment_status":"closed","ping_status":"open","template":"","meta":{"_monsterinsights_skip_tracking":false,"_monsterinsights_sitenote_active":false,"_monsterinsights_sitenote_note":"","_monsterinsights_sitenote_category":0},"product_brand":[],"product_cat":[86],"product_tag":[],"class_list":{"0":"post-2093","1":"product","2":"type-product","3":"status-publish","4":"has-post-thumbnail","6":"product_cat-poleerimine","7":"pa_brand-tokya","8":"pa_poorlemiskiirus-2000-5000-p-min","9":"pa_uhiku-hind-249-9e-tk","10":"pa_voimsus-750w","12":"first","13":"instock","14":"taxable","15":"shipping-taxable","16":"purchasable","17":"product-type-simple"},"_links":{"self":[{"href":"https:\/\/chemicalstore.ee\/ru\/wp-json\/wp\/v2\/product\/2093","targetHints":{"allow":["GET"]}}],"collection":[{"href":"https:\/\/chemicalstore.ee\/ru\/wp-json\/wp\/v2\/product"}],"about":[{"href":"https:\/\/chemicalstore.ee\/ru\/wp-json\/wp\/v2\/types\/product"}],"replies":[{"embeddable":true,"href":"https:\/\/chemicalstore.ee\/ru\/wp-json\/wp\/v2\/comments?post=2093"}],"wp:featuredmedia":[{"embeddable":true,"href":"https:\/\/chemicalstore.ee\/ru\/wp-json\/wp\/v2\/media\/2094"}],"wp:attachment":[{"href":"https:\/\/chemicalstore.ee\/ru\/wp-json\/wp\/v2\/media?parent=2093"}],"wp:term":[{"taxonomy":"product_brand","embeddable":true,"href":"https:\/\/chemicalstore.ee\/ru\/wp-json\/wp\/v2\/product_brand?post=2093"},{"taxonomy":"product_cat","embeddable":true,"href":"https:\/\/chemicalstore.ee\/ru\/wp-json\/wp\/v2\/product_cat?post=2093"},{"taxonomy":"product_tag","embeddable":true,"href":"https:\/\/chemicalstore.ee\/ru\/wp-json\/wp\/v2\/product_tag?post=2093"}],"curies":[{"name":"wp","href":"https:\/\/api.w.org\/{rel}","templated":true}]}}