{"id":2086,"date":"2024-10-02T13:07:55","date_gmt":"2024-10-02T13:07:55","guid":{"rendered":"https:\/\/chemicalstore.ee\/toode\/born-slippy-500ml\/"},"modified":"2026-01-07T13:54:38","modified_gmt":"2026-01-07T13:54:38","slug":"savilibestiborn-slippy-500ml","status":"publish","type":"product","link":"https:\/\/chemicalstore.ee\/ru\/toode\/savilibestiborn-slippy-500ml\/","title":{"rendered":"Savilibesti,Born slippy 500ml"},"content":{"rendered":"","protected":false},"excerpt":{"rendered":"<p>DodojuiceBorn Slippy tagab suurep\u00e4rase libisemise ja puhastusv\u00f5ime. Selle meeldiv l\u00f5hn muudab savi kasutamise t\u00e4iesti uueks kogemuseks. Born Slippy on \u0161ampoonip\u00f5hine, kuid samas v\u00e4hese vahutavusega toode. Born Slippy teeb just seda, mida lubab &#8211; v\u00e4hendab pinna kriimustamise riski savi kasutamise ajal. Seega libiseb savi t\u00e4iuslikult.<\/p>\n","protected":false},"featured_media":2087,"comment_status":"closed","ping_status":"open","template":"","meta":{"_monsterinsights_skip_tracking":false,"_monsterinsights_sitenote_active":false,"_monsterinsights_sitenote_note":"","_monsterinsights_sitenote_category":0},"product_brand":[],"product_cat":[35],"product_tag":[],"class_list":{"0":"post-2086","1":"product","2":"type-product","3":"status-publish","4":"has-post-thumbnail","6":"product_cat-puhastusvahendid-autohooldustooted","7":"pa_brand-dodojuice","8":"pa_kasutusotstarve-savi-libesti-auto-savistamisel","9":"pa_uhiku-hind-21-8e-l","11":"first","12":"instock","13":"taxable","14":"shipping-taxable","15":"purchasable","16":"product-type-simple"},"_links":{"self":[{"href":"https:\/\/chemicalstore.ee\/ru\/wp-json\/wp\/v2\/product\/2086","targetHints":{"allow":["GET"]}}],"collection":[{"href":"https:\/\/chemicalstore.ee\/ru\/wp-json\/wp\/v2\/product"}],"about":[{"href":"https:\/\/chemicalstore.ee\/ru\/wp-json\/wp\/v2\/types\/product"}],"replies":[{"embeddable":true,"href":"https:\/\/chemicalstore.ee\/ru\/wp-json\/wp\/v2\/comments?post=2086"}],"wp:featuredmedia":[{"embeddable":true,"href":"https:\/\/chemicalstore.ee\/ru\/wp-json\/wp\/v2\/media\/2087"}],"wp:attachment":[{"href":"https:\/\/chemicalstore.ee\/ru\/wp-json\/wp\/v2\/media?parent=2086"}],"wp:term":[{"taxonomy":"product_brand","embeddable":true,"href":"https:\/\/chemicalstore.ee\/ru\/wp-json\/wp\/v2\/product_brand?post=2086"},{"taxonomy":"product_cat","embeddable":true,"href":"https:\/\/chemicalstore.ee\/ru\/wp-json\/wp\/v2\/product_cat?post=2086"},{"taxonomy":"product_tag","embeddable":true,"href":"https:\/\/chemicalstore.ee\/ru\/wp-json\/wp\/v2\/product_tag?post=2086"}],"curies":[{"name":"wp","href":"https:\/\/api.w.org\/{rel}","templated":true}]}}