{"id":2080,"date":"2024-10-02T13:07:55","date_gmt":"2024-10-02T13:07:55","guid":{"rendered":"https:\/\/chemicalstore.ee\/toode\/premium-wax-hight-gloss-red-180g\/"},"modified":"2024-10-02T13:08:04","modified_gmt":"2024-10-02T13:08:04","slug":"vahapremium-wax-hight-gloss-red-180g","status":"publish","type":"product","link":"https:\/\/chemicalstore.ee\/ru\/toode\/vahapremium-wax-hight-gloss-red-180g\/","title":{"rendered":"Vaha,Premium wax hight gloss red 180g"},"content":{"rendered":"<p>King Carthur High Gloss Red #26 on carnauba-p\u00f5hjal h\u00fcbriidvaha, mis pakub silmapaistvat n\u00e4itusekvaliteedi l\u00e4iget, mis j\u00e4tab k\u00f5ik k\u00fclmaks. Selle loodusliku vaha sisaldus on v\u00e4ga k\u00f5rge, mis tagab erakordselt s\u00fcgava l\u00e4ike. Vaha muudab t\u00f6\u00f6deldud pinna v\u00e4ga veekindlaks ja mustust h\u00fclgavaks ning t\u00e4nu h\u00fcdrofoobsele kaitsele helmevad veepiisad vihmase ilmaga autol kaunilt. High Gloss on \u00fcks turu l\u00e4ikivamaid h\u00fcbriidvahasid, pakkudes lisaks l\u00e4ikele ka v\u00e4ga head kaitset v\u00e4rvipinnale. See vaha sobib suurep\u00e4raselt n\u00e4iteks n\u00e4ituseautodele v\u00f5i juhul, kui soovitakse s\u00f5idukile pilkup\u00fc\u00fcdvat v\u00e4limust. High Gloss sobib eriti h\u00e4sti pealekandmiseks kevadel, hoides auto l\u00e4ikivana s\u00fcgiseni ja hooldus on muretu! Lisaks stiilsele l\u00e4ikele ja heale kaitsele on High Gloss v\u00e4ga lihtne t\u00f6\u00f6delda ega j\u00e4ta pinnale kinni nagu paljud teised vahad. Seet\u00f5ttu on selle eemaldamine erakordselt lihtne, muutes vaha sobivaks ka algajatele ja v\u00e4hem vahatamisega tegelenutele. High Gloss on v\u00e4ga \u00f6konoomne vaha ja \u00fchest purgist piisab kuni 40 auto t\u00f6\u00f6tlemiseks! Suurep\u00e4rane 6 kuu pikkune kestvus, sobib k\u00f5ikidele v\u00e4rvipindadele ja ka teibitud autodele.<\/p>\n","protected":false},"excerpt":{"rendered":"<p>King CarthurHigh Gloss Red #26 on aastatepikkuse tootearenduse tulemus. Vaha pakub eepilist l\u00e4iget ja on samal ajal \u00e4\u00e4rimiselt lihtne peale kanda. Vaha on v\u00e4lja t\u00f6\u00f6tatud koost\u00f6\u00f6s klientide soovide ja tootjaga, mis tagab turu parimate omadustega toote: suurep\u00e4rane l\u00e4ige, lihtne t\u00f6\u00f6deldavus ja hea kestvus! K\u00f5ikide eelpool mainitud omaduste \u00fchendamine \u00fchte vahasse ei ole lihtne, kuid High Glossiga on see \u00f5nnestunud. See vastab k\u00f5igile premium-klassi vaha n\u00f5uetele ja isegi k\u00f5ige n\u00f5udlikumate klientide ootustele.<\/p>\n","protected":false},"featured_media":2081,"comment_status":"closed","ping_status":"open","template":"","meta":{"_monsterinsights_skip_tracking":false,"_monsterinsights_sitenote_active":false,"_monsterinsights_sitenote_note":"","_monsterinsights_sitenote_category":0},"product_brand":[],"product_cat":[86],"product_tag":[],"class_list":{"0":"post-2080","1":"product","2":"type-product","3":"status-publish","4":"has-post-thumbnail","6":"product_cat-poleerimine","7":"pa_brand-king-carthur","8":"pa_kasutuskordade-arv-umbes-40-vahatamiskorda","9":"pa_kestvus-kuni-6-kuud","10":"pa_uhiku-hind-305-0e-kg","12":"first","13":"instock","14":"taxable","15":"shipping-taxable","16":"purchasable","17":"product-type-simple"},"_links":{"self":[{"href":"https:\/\/chemicalstore.ee\/ru\/wp-json\/wp\/v2\/product\/2080","targetHints":{"allow":["GET"]}}],"collection":[{"href":"https:\/\/chemicalstore.ee\/ru\/wp-json\/wp\/v2\/product"}],"about":[{"href":"https:\/\/chemicalstore.ee\/ru\/wp-json\/wp\/v2\/types\/product"}],"replies":[{"embeddable":true,"href":"https:\/\/chemicalstore.ee\/ru\/wp-json\/wp\/v2\/comments?post=2080"}],"wp:featuredmedia":[{"embeddable":true,"href":"https:\/\/chemicalstore.ee\/ru\/wp-json\/wp\/v2\/media\/2081"}],"wp:attachment":[{"href":"https:\/\/chemicalstore.ee\/ru\/wp-json\/wp\/v2\/media?parent=2080"}],"wp:term":[{"taxonomy":"product_brand","embeddable":true,"href":"https:\/\/chemicalstore.ee\/ru\/wp-json\/wp\/v2\/product_brand?post=2080"},{"taxonomy":"product_cat","embeddable":true,"href":"https:\/\/chemicalstore.ee\/ru\/wp-json\/wp\/v2\/product_cat?post=2080"},{"taxonomy":"product_tag","embeddable":true,"href":"https:\/\/chemicalstore.ee\/ru\/wp-json\/wp\/v2\/product_tag?post=2080"}],"curies":[{"name":"wp","href":"https:\/\/api.w.org\/{rel}","templated":true}]}}