{"id":2073,"date":"2024-10-02T13:07:55","date_gmt":"2024-10-02T13:07:55","guid":{"rendered":"https:\/\/chemicalstore.ee\/toode\/premium-wax-endurance-blue-180g\/"},"modified":"2024-10-02T13:08:03","modified_gmt":"2024-10-02T13:08:03","slug":"vahapremium-wax-endurance-blue-180g","status":"publish","type":"product","link":"https:\/\/chemicalstore.ee\/ru\/toode\/vahapremium-wax-endurance-blue-180g\/","title":{"rendered":"Vaha,Premium wax endurance blue 180g"},"content":{"rendered":"<p>King Carthur Endurance Blue #52 on \u00fcks turu vastupidavamaid vahasid, mille kaitseomadused on viidud tipptasemele. S\u00fcnteetiliste koostisosade t\u00f5ttu p\u00fcsib see h\u00fcbriidvaha terve aasta v\u00e4ltel. Endurance v\u00e4hendab t\u00f6\u00f6deldud pinnalt peeneid pesukriimustusi ja annab s\u00fcgava ning klaasitaolise l\u00e4ike, mille saavutamiseks on vahale lisatud natuke ehtsat Brasiilia carnauba vaha. T\u00e4nu oma pikale kestvusele sobib Endurance kasutamiseks aastaringselt ja on eriti sobilik Soome \u00e4\u00e4rmuslikult muutuvates ilmastikutingimustes, lisaks peab see v\u00e4ga h\u00e4sti vastu ka erinevatele kemikaalidele. Erakordselt k\u00f5rgeid temperatuure taluvat Endurance&#8217;i saab kasutada lisaks v\u00e4rvipindadele ka n\u00e4iteks velgedel. Vaha ei muutu t\u00f6\u00f6deldaval pinnal k\u00f5vaks nagu paljud teised vahad, mist\u00f5ttu on selle eemaldamine v\u00e4ga lihtne. Seega sobib see h\u00e4sti ka algajatele ja v\u00e4hem vahatamisega tegelenud inimestele. Endurance on \u00e4\u00e4rmiselt s\u00e4\u00e4stlik vaha ja \u00fchest purgist piisab kuni 40 auto t\u00f6\u00f6tlemiseks. Uskumatu kuni 12-kuuline kestus sobib igat v\u00e4rvi v\u00e4rvipindadele.<\/p>\n","protected":false},"excerpt":{"rendered":"<p>King CarthurEndurance on aastatepikkuse tootearenduse tulemus. Vaha loomisel tehti koost\u00f6\u00f6d klientide ja tootjaga, eesm\u00e4rgiga saavutada turu parim kestvus, s\u00e4ilitades samas \u00e4\u00e4rmiselt lihtne t\u00f6\u00f6deldavus ja lisades vahale l\u00e4iget. Peaaegu v\u00f5imatu \u00fclesanne sai t\u00e4idetud ja tulemuseks oli Endurance. Auto kaitsmine pole kunagi olnud nii lihtne.<\/p>\n","protected":false},"featured_media":2074,"comment_status":"closed","ping_status":"open","template":"","meta":{"_monsterinsights_skip_tracking":false,"_monsterinsights_sitenote_active":false,"_monsterinsights_sitenote_note":"","_monsterinsights_sitenote_category":0},"product_brand":[],"product_cat":[86],"product_tag":[],"class_list":{"0":"post-2073","1":"product","2":"type-product","3":"status-publish","4":"has-post-thumbnail","6":"product_cat-poleerimine","7":"pa_brand-king-carthur","8":"pa_kasutuskordade-arv-umbes-40-vahatamiskorda","9":"pa_kestvus-kuni-12-kuud","10":"pa_uhiku-hind-193-9e-kg","12":"first","13":"instock","14":"taxable","15":"shipping-taxable","16":"purchasable","17":"product-type-simple"},"_links":{"self":[{"href":"https:\/\/chemicalstore.ee\/ru\/wp-json\/wp\/v2\/product\/2073","targetHints":{"allow":["GET"]}}],"collection":[{"href":"https:\/\/chemicalstore.ee\/ru\/wp-json\/wp\/v2\/product"}],"about":[{"href":"https:\/\/chemicalstore.ee\/ru\/wp-json\/wp\/v2\/types\/product"}],"replies":[{"embeddable":true,"href":"https:\/\/chemicalstore.ee\/ru\/wp-json\/wp\/v2\/comments?post=2073"}],"wp:featuredmedia":[{"embeddable":true,"href":"https:\/\/chemicalstore.ee\/ru\/wp-json\/wp\/v2\/media\/2074"}],"wp:attachment":[{"href":"https:\/\/chemicalstore.ee\/ru\/wp-json\/wp\/v2\/media?parent=2073"}],"wp:term":[{"taxonomy":"product_brand","embeddable":true,"href":"https:\/\/chemicalstore.ee\/ru\/wp-json\/wp\/v2\/product_brand?post=2073"},{"taxonomy":"product_cat","embeddable":true,"href":"https:\/\/chemicalstore.ee\/ru\/wp-json\/wp\/v2\/product_cat?post=2073"},{"taxonomy":"product_tag","embeddable":true,"href":"https:\/\/chemicalstore.ee\/ru\/wp-json\/wp\/v2\/product_tag?post=2073"}],"curies":[{"name":"wp","href":"https:\/\/api.w.org\/{rel}","templated":true}]}}