{"id":2069,"date":"2024-10-02T13:07:55","date_gmt":"2024-10-02T13:07:55","guid":{"rendered":"https:\/\/chemicalstore.ee\/toode\/clay-bar-100g\/"},"modified":"2024-10-02T13:08:02","modified_gmt":"2024-10-02T13:08:02","slug":"puhastussaviclay-bar-100g","status":"publish","type":"product","link":"https:\/\/chemicalstore.ee\/ru\/toode\/puhastussaviclay-bar-100g\/","title":{"rendered":"Puhastussavi,Clay bar 100g"},"content":{"rendered":"<p>Savi k\u00fclge j\u00e4\u00e4vad k\u00f5ige rohkem kinnitunud mustuseosakesed, mida tavap\u00e4rased pesuvahendid ei eemalda. Savi kasutamisel j\u00e4\u00e4vad kinnitunud mustuseosakesed savi k\u00fclge ja p\u00fcsivad savi sees. Savi kasutamisel tuleks alati kasutada libestit, et v\u00e4ltida maalipinna kriimustamist t\u00f6\u00f6tamise ajal. Pakend sisaldab 100 grammi puhastussavi.<\/p>\n","protected":false},"excerpt":{"rendered":"<p>King CarthurKing Carthur Super Smooth Clay Bar puhastussavi abil saab eemaldada auto v\u00e4rv- ja klaaspindadelt mustuse, mida ei ole \u00f5nnestunud eemaldada teiste puhastusetappide k\u00e4igus. Selline mustus h\u00f5lmab n\u00e4iteks t\u00f5rva, liimi, vaigu ja v\u00e4rvipritsmeid.<\/p>\n","protected":false},"featured_media":2070,"comment_status":"closed","ping_status":"open","template":"","meta":{"_monsterinsights_skip_tracking":false,"_monsterinsights_sitenote_active":false,"_monsterinsights_sitenote_note":"","_monsterinsights_sitenote_category":0},"product_brand":[],"product_cat":[86],"product_tag":[],"class_list":{"0":"post-2069","1":"product","2":"type-product","3":"status-publish","4":"has-post-thumbnail","6":"product_cat-poleerimine","7":"pa_brand-king-carthur","8":"pa_kasutuskordade-arv-umbes-10-korda","9":"pa_kovadusklass-soft-ehk-pehme","10":"pa_uhiku-hind-79-0e-kg","12":"first","13":"instock","14":"taxable","15":"shipping-taxable","16":"purchasable","17":"product-type-simple"},"_links":{"self":[{"href":"https:\/\/chemicalstore.ee\/ru\/wp-json\/wp\/v2\/product\/2069","targetHints":{"allow":["GET"]}}],"collection":[{"href":"https:\/\/chemicalstore.ee\/ru\/wp-json\/wp\/v2\/product"}],"about":[{"href":"https:\/\/chemicalstore.ee\/ru\/wp-json\/wp\/v2\/types\/product"}],"replies":[{"embeddable":true,"href":"https:\/\/chemicalstore.ee\/ru\/wp-json\/wp\/v2\/comments?post=2069"}],"wp:featuredmedia":[{"embeddable":true,"href":"https:\/\/chemicalstore.ee\/ru\/wp-json\/wp\/v2\/media\/2070"}],"wp:attachment":[{"href":"https:\/\/chemicalstore.ee\/ru\/wp-json\/wp\/v2\/media?parent=2069"}],"wp:term":[{"taxonomy":"product_brand","embeddable":true,"href":"https:\/\/chemicalstore.ee\/ru\/wp-json\/wp\/v2\/product_brand?post=2069"},{"taxonomy":"product_cat","embeddable":true,"href":"https:\/\/chemicalstore.ee\/ru\/wp-json\/wp\/v2\/product_cat?post=2069"},{"taxonomy":"product_tag","embeddable":true,"href":"https:\/\/chemicalstore.ee\/ru\/wp-json\/wp\/v2\/product_tag?post=2069"}],"curies":[{"name":"wp","href":"https:\/\/api.w.org\/{rel}","templated":true}]}}