{"id":2063,"date":"2024-10-02T13:07:55","date_gmt":"2024-10-02T13:07:55","guid":{"rendered":"https:\/\/chemicalstore.ee\/toode\/polishcoat-all-in-one-500ml\/"},"modified":"2024-10-02T13:08:02","modified_gmt":"2024-10-02T13:08:02","slug":"poleerimispastapolishcoat-all-in-one-500ml","status":"publish","type":"product","link":"https:\/\/chemicalstore.ee\/ru\/toode\/poleerimispastapolishcoat-all-in-one-500ml\/","title":{"rendered":"Poleerimispasta,Polishcoat all in one 500ml"},"content":{"rendered":"<p>King Carthur PolishCoat on meile tuntud parim All In One t\u00fc\u00fcpi poleerimisvahend. PolishCoat sisaldab abrasiivseid komponente, mis eemaldavad v\u00e4ikesed kriimustused, oks\u00fcdatsiooni ja muud defektid laki- ja v\u00e4rvipindadelt. Lisaks poleerivatele komponentidele varjab vahendi koostis j\u00e4relej\u00e4\u00e4nud defekte v\u00e4rvipinnal, parandades l\u00e4iget. Lisaks suurep\u00e4rastele poleerimisomadustele j\u00e4tab PolishCoat pinnale vastupidava, s\u00f5na otseses m\u00f5ttes k\u00f5vakattega kaitsekihi kuni kolmeks kuuks. Lihtsaim viis nii poleerida kui ka kaitsta v\u00e4rv- ja lakipindu \u00fche hooldusega! King Carthur PolishCoati saab kasutada nii k\u00e4sitsi kui ka poleerimismasinaga. See t\u00e4idab v\u00e4rvipinna k\u00f5ige peenemad poorid, muutes pinna t\u00e4iesti siledaks ja v\u00e4ga l\u00e4ikivaks. T\u00f6\u00f6deldud pind on v\u00e4ga t\u00f5rjuv ja lihtne puhtana hoida. V\u00f5rreldes p\u00f5hjaliku masinpoliitikaga pakub PolishCoat soodsat ja lihtsat lahendust, kuna 3-\u00fches koostis v\u00e4hendab vajalikke t\u00f6\u00f6etappe ja materjale. Aine suurep\u00e4rane t\u00f5rjuvus v\u00e4hendab mustuse kleepumist ja lihtsustab puhastamist, v\u00e4hendades seel\u00e4bi kriimustuste riski.<\/p>\n","protected":false},"excerpt":{"rendered":"<p>King CarthurPolishCoat on v\u00e4lja t\u00f6\u00f6tatud lahendusena neile, kellel pole v\u00f5imalust v\u00f5i soovi p\u00f5hjalikuks poleerimiseks, kuid kes siiski soovivad, et nende auto n\u00e4eks v\u00e4lja nagu tehasest v\u00e4lja s\u00f5ites. V\u00e4ikese vaevaga saab nii eemaldada kui ka varjata kriimustusi, lisaks tagavad aine kaitseomadused tipptasemel l\u00e4ike ja t\u00f5rjuvuse kuni 3 kuuks.<\/p>\n","protected":false},"featured_media":2064,"comment_status":"closed","ping_status":"open","template":"","meta":{"_monsterinsights_skip_tracking":false,"_monsterinsights_sitenote_active":false,"_monsterinsights_sitenote_note":"","_monsterinsights_sitenote_category":0},"product_brand":[],"product_cat":[86],"product_tag":[],"class_list":{"0":"post-2063","1":"product","2":"type-product","3":"status-publish","4":"has-post-thumbnail","6":"product_cat-poleerimine","7":"pa_brand-king-carthur","8":"pa_kestvus-kuni-3-kuud","9":"pa_kulunorm-piisab-umbes-3-auto-tootlemiseks","10":"pa_uhiku-hind-69-8e-l","12":"first","13":"instock","14":"taxable","15":"shipping-taxable","16":"purchasable","17":"product-type-simple"},"_links":{"self":[{"href":"https:\/\/chemicalstore.ee\/ru\/wp-json\/wp\/v2\/product\/2063","targetHints":{"allow":["GET"]}}],"collection":[{"href":"https:\/\/chemicalstore.ee\/ru\/wp-json\/wp\/v2\/product"}],"about":[{"href":"https:\/\/chemicalstore.ee\/ru\/wp-json\/wp\/v2\/types\/product"}],"replies":[{"embeddable":true,"href":"https:\/\/chemicalstore.ee\/ru\/wp-json\/wp\/v2\/comments?post=2063"}],"wp:featuredmedia":[{"embeddable":true,"href":"https:\/\/chemicalstore.ee\/ru\/wp-json\/wp\/v2\/media\/2064"}],"wp:attachment":[{"href":"https:\/\/chemicalstore.ee\/ru\/wp-json\/wp\/v2\/media?parent=2063"}],"wp:term":[{"taxonomy":"product_brand","embeddable":true,"href":"https:\/\/chemicalstore.ee\/ru\/wp-json\/wp\/v2\/product_brand?post=2063"},{"taxonomy":"product_cat","embeddable":true,"href":"https:\/\/chemicalstore.ee\/ru\/wp-json\/wp\/v2\/product_cat?post=2063"},{"taxonomy":"product_tag","embeddable":true,"href":"https:\/\/chemicalstore.ee\/ru\/wp-json\/wp\/v2\/product_tag?post=2063"}],"curies":[{"name":"wp","href":"https:\/\/api.w.org\/{rel}","templated":true}]}}