{"id":2058,"date":"2024-10-02T13:07:55","date_gmt":"2024-10-02T13:07:55","guid":{"rendered":"https:\/\/chemicalstore.ee\/toode\/cut-3-3-250ml\/"},"modified":"2024-10-15T15:01:50","modified_gmt":"2024-10-15T15:01:50","slug":"poleerimispastacut-3-3-250ml","status":"publish","type":"product","link":"https:\/\/chemicalstore.ee\/ru\/toode\/poleerimispastacut-3-3-250ml\/","title":{"rendered":"Poleerimispasta,Cut 3\/3 250ml"},"content":{"rendered":"<p>L\u00f5ppviimistlusaine eemaldab t\u00f5husalt hologrammid ja peened kriimustused, j\u00e4ttes j\u00e4rgi peegelsileda pinna. King Carthuri tooted sobivad nii vanadele pindadele kui ka uutele, v\u00e4ikest viimistlust vajavatele pindadele. Reshine tootepere poleerimisvahendid on meeldivad kasutada, neid saab pikalt t\u00f6\u00f6delda enne aine kuivamist ja poleerimisvahend peaaegu ei tolma.<\/p>\n<p>Lisaks heale t\u00f6\u00f6deldavusele on ained ohutud kasutamiseks. King Carthur poleerimisvahendid ei sisalda silikooni ja on ohutud v\u00e4rvipinnale. Poleerimisvahendeid saab kasutada enamikel v\u00e4rvipindadel. Nii vanad kui uued v\u00e4rvipinnad saavad selle ainega t\u00f6\u00f6deldud. Sobib nii lakitud kui v\u00e4rvitud pindadele.<\/p>\n","protected":false},"excerpt":{"rendered":"<p>King CarthurKing Carthur Reshine Polish 3\/3 on peen poleerimisvahend. See eemaldab t\u00f5husalt v\u00e4rvipindadelt oks\u00fcdatsiooni, tuhmumise, peened kriimustused ja hologrammid. Nagu nimigi \u00fctleb, kasutatakse Reshine 3\/3 poleerimisvahendit viimase sammuna, peen aine sobib ideaalselt viimistluseks.<\/p>\n","protected":false},"featured_media":2059,"comment_status":"closed","ping_status":"open","template":"","meta":{"_monsterinsights_skip_tracking":false,"_monsterinsights_sitenote_active":false,"_monsterinsights_sitenote_note":"","_monsterinsights_sitenote_category":0},"product_brand":[],"product_cat":[86],"product_tag":[],"class_list":{"0":"post-2058","1":"product","2":"type-product","3":"status-publish","4":"has-post-thumbnail","6":"product_cat-poleerimine","7":"pa_brand-king-carthur","8":"pa_loikeaste-1-3","9":"pa_uhiku-hind-79-6e-l","10":"pa_viimistlus-3-3","12":"first","13":"instock","14":"taxable","15":"shipping-taxable","16":"purchasable","17":"product-type-simple"},"_links":{"self":[{"href":"https:\/\/chemicalstore.ee\/ru\/wp-json\/wp\/v2\/product\/2058","targetHints":{"allow":["GET"]}}],"collection":[{"href":"https:\/\/chemicalstore.ee\/ru\/wp-json\/wp\/v2\/product"}],"about":[{"href":"https:\/\/chemicalstore.ee\/ru\/wp-json\/wp\/v2\/types\/product"}],"replies":[{"embeddable":true,"href":"https:\/\/chemicalstore.ee\/ru\/wp-json\/wp\/v2\/comments?post=2058"}],"wp:featuredmedia":[{"embeddable":true,"href":"https:\/\/chemicalstore.ee\/ru\/wp-json\/wp\/v2\/media\/2059"}],"wp:attachment":[{"href":"https:\/\/chemicalstore.ee\/ru\/wp-json\/wp\/v2\/media?parent=2058"}],"wp:term":[{"taxonomy":"product_brand","embeddable":true,"href":"https:\/\/chemicalstore.ee\/ru\/wp-json\/wp\/v2\/product_brand?post=2058"},{"taxonomy":"product_cat","embeddable":true,"href":"https:\/\/chemicalstore.ee\/ru\/wp-json\/wp\/v2\/product_cat?post=2058"},{"taxonomy":"product_tag","embeddable":true,"href":"https:\/\/chemicalstore.ee\/ru\/wp-json\/wp\/v2\/product_tag?post=2058"}],"curies":[{"name":"wp","href":"https:\/\/api.w.org\/{rel}","templated":true}]}}