{"id":2048,"date":"2024-10-02T13:07:55","date_gmt":"2024-10-02T13:07:55","guid":{"rendered":"https:\/\/chemicalstore.ee\/toode\/cut-1-3-250ml\/"},"modified":"2024-10-15T15:01:50","modified_gmt":"2024-10-15T15:01:50","slug":"poleerimispastacut-1-3-250ml","status":"publish","type":"product","link":"https:\/\/chemicalstore.ee\/ru\/toode\/poleerimispastacut-1-3-250ml\/","title":{"rendered":"Poleerimispasta,Cut 1\/3 250ml"},"content":{"rendered":"<p>King Carthuri poleerimisvahendid sobivad nii vanadele kui ka uutele, v\u00e4ikest viimistlust vajavatele pindadele. Reshine tooteperre kuuluvad poleerimisvahendid on meeldivad kasutada, kuna neid saab t\u00f6\u00f6delda kaua enne aine kuivamist ja erinevalt paljudest teistest poleerimisvahenditest ei tolma need peaaegu \u00fcldse.<\/p>\n<p>Lisaks heale t\u00f6\u00f6deldavusele on ained ka turvalised kasutada. King Carthur poleerimisvahendid ei sisalda silikooni ja on v\u00e4rvipinnale t\u00e4iesti ohutud. Poleerimisvahendeid saab kasutada enamikel v\u00e4rvipindadel ja nii vanad kui ka uued v\u00e4rvipinnad saab selle ainega t\u00f6\u00f6delda. Sobivad nii lakitud kui ka v\u00e4rvitud pindadele.<\/p>\n","protected":false},"excerpt":{"rendered":"<p>King CarthurKing Carthur Reshine Cut 1\/3 on tugevalt l\u00f5ikav poleerimisvahend. See eemaldab t\u00f5husalt oks\u00fcdatsiooni, tuhmumise ja isegi s\u00fcgavamad kriimustused v\u00e4rvipindadelt. Nagu nimetus Reshine 1\/3 viitab, kasutatakse seda poleerimisvahendit esimesena, kui pind on v\u00e4ga halvas seisukorras ja lakikiht k\u00f5va.<\/p>\n","protected":false},"featured_media":2049,"comment_status":"closed","ping_status":"open","template":"","meta":{"_monsterinsights_skip_tracking":false,"_monsterinsights_sitenote_active":false,"_monsterinsights_sitenote_note":"","_monsterinsights_sitenote_category":0},"product_brand":[],"product_cat":[86],"product_tag":[],"class_list":{"0":"post-2048","1":"product","2":"type-product","3":"status-publish","4":"has-post-thumbnail","6":"product_cat-poleerimine","7":"pa_brand-king-carthur","8":"pa_loikeaste-3-3","9":"pa_uhiku-hind-79-6e-l","10":"pa_viimistlus-1-3","12":"first","13":"instock","14":"taxable","15":"shipping-taxable","16":"purchasable","17":"product-type-simple"},"_links":{"self":[{"href":"https:\/\/chemicalstore.ee\/ru\/wp-json\/wp\/v2\/product\/2048","targetHints":{"allow":["GET"]}}],"collection":[{"href":"https:\/\/chemicalstore.ee\/ru\/wp-json\/wp\/v2\/product"}],"about":[{"href":"https:\/\/chemicalstore.ee\/ru\/wp-json\/wp\/v2\/types\/product"}],"replies":[{"embeddable":true,"href":"https:\/\/chemicalstore.ee\/ru\/wp-json\/wp\/v2\/comments?post=2048"}],"wp:featuredmedia":[{"embeddable":true,"href":"https:\/\/chemicalstore.ee\/ru\/wp-json\/wp\/v2\/media\/2049"}],"wp:attachment":[{"href":"https:\/\/chemicalstore.ee\/ru\/wp-json\/wp\/v2\/media?parent=2048"}],"wp:term":[{"taxonomy":"product_brand","embeddable":true,"href":"https:\/\/chemicalstore.ee\/ru\/wp-json\/wp\/v2\/product_brand?post=2048"},{"taxonomy":"product_cat","embeddable":true,"href":"https:\/\/chemicalstore.ee\/ru\/wp-json\/wp\/v2\/product_cat?post=2048"},{"taxonomy":"product_tag","embeddable":true,"href":"https:\/\/chemicalstore.ee\/ru\/wp-json\/wp\/v2\/product_tag?post=2048"}],"curies":[{"name":"wp","href":"https:\/\/api.w.org\/{rel}","templated":true}]}}