{"id":2038,"date":"2024-10-02T13:07:55","date_gmt":"2024-10-02T13:07:55","guid":{"rendered":"https:\/\/chemicalstore.ee\/toode\/dirtcone-260mm\/"},"modified":"2024-10-02T13:07:57","modified_gmt":"2024-10-02T13:07:57","slug":"liivapuudurdirtcone-260mm","status":"publish","type":"product","link":"https:\/\/chemicalstore.ee\/ru\/toode\/liivapuudurdirtcone-260mm\/","title":{"rendered":"Liivap\u00fc\u00fcdurDirtcone 260mm"},"content":{"rendered":"<p>KC DirtCone on ideaalne liivaeraldaja, mis sobib t\u00e4iuslikult \u00e4mbri p\u00f5hja. DirtConel on peaaegu 300 v\u00e4ikest koonusekujulist ts\u00fcklonit, mis tagavad, et mustus langeb vabalt \u00e4mbri p\u00f5hja ilma, et see j\u00e4\u00e4ks liivaeraldaja pinnale ja seel\u00e4bi v\u00e4rvipinnale. Need ts\u00fcklonid toimivad justkui \u00fchesuunalised ventiilid: ts\u00fckloni p\u00f5hja j\u00f5udnud mustus ei p\u00e4\u00e4se enam pesuvee hulka tagasi. Ilma liivaeraldajata pesukinnasesse \u00e4mbrisse kandunud osakesed liiguvad vees vabalt &#8211; ja kleepuvad pesukinnasesse uuesti, kui seda \u00e4mbris kastetakse. Nii kanduvad osakesed taas pestavale pinnale ja p\u00f5hjustavad soovimatuid pesukriimustusi. Erinevalt traditsioonilistest liivaeraldajatest, mis p\u00f5hjustavad pidevat peavalu, ei lagune ega h\u00fcppa DirtCone pesu\u00e4mbri sees, vaid p\u00fcsib t\u00e4nu oma \u00fcheosalisele struktuurile kindlalt koos.<\/p>\n","protected":false},"excerpt":{"rendered":"<p>King CarthurKC DirtCone seob liivaosakesed \u00e4mbri p\u00f5hja ega lase neil enam pesuvees ringleda. Tulemuseks on \u00e4mbris olev pesuvesi m\u00e4rkimisv\u00e4\u00e4rselt puhtam kui ilma liivaeraldajata. T\u00f5hus kahe \u00e4mbri tehnika n\u00f5uab kindlasti liivaeraldajat, eelistatavalt m\u00f5lemas \u00e4mbris.<\/p>\n","protected":false},"featured_media":2039,"comment_status":"closed","ping_status":"open","template":"","meta":{"_monsterinsights_skip_tracking":false,"_monsterinsights_sitenote_active":false,"_monsterinsights_sitenote_note":"","_monsterinsights_sitenote_category":0},"product_brand":[],"product_cat":[35],"product_tag":[],"class_list":{"0":"post-2038","1":"product","2":"type-product","3":"status-publish","4":"has-post-thumbnail","6":"product_cat-puhastusvahendid-autohooldustooted","7":"pa_brand-king-carthur","8":"pa_kasutusotstarve-liiva-kogumine-pesuambri-pohja","9":"pa_uhiku-hind-14-9e-tk","10":"pa_varv-must","12":"first","13":"instock","14":"taxable","15":"shipping-taxable","16":"purchasable","17":"product-type-simple"},"_links":{"self":[{"href":"https:\/\/chemicalstore.ee\/ru\/wp-json\/wp\/v2\/product\/2038","targetHints":{"allow":["GET"]}}],"collection":[{"href":"https:\/\/chemicalstore.ee\/ru\/wp-json\/wp\/v2\/product"}],"about":[{"href":"https:\/\/chemicalstore.ee\/ru\/wp-json\/wp\/v2\/types\/product"}],"replies":[{"embeddable":true,"href":"https:\/\/chemicalstore.ee\/ru\/wp-json\/wp\/v2\/comments?post=2038"}],"wp:featuredmedia":[{"embeddable":true,"href":"https:\/\/chemicalstore.ee\/ru\/wp-json\/wp\/v2\/media\/2039"}],"wp:attachment":[{"href":"https:\/\/chemicalstore.ee\/ru\/wp-json\/wp\/v2\/media?parent=2038"}],"wp:term":[{"taxonomy":"product_brand","embeddable":true,"href":"https:\/\/chemicalstore.ee\/ru\/wp-json\/wp\/v2\/product_brand?post=2038"},{"taxonomy":"product_cat","embeddable":true,"href":"https:\/\/chemicalstore.ee\/ru\/wp-json\/wp\/v2\/product_cat?post=2038"},{"taxonomy":"product_tag","embeddable":true,"href":"https:\/\/chemicalstore.ee\/ru\/wp-json\/wp\/v2\/product_tag?post=2038"}],"curies":[{"name":"wp","href":"https:\/\/api.w.org\/{rel}","templated":true}]}}