{"id":2034,"date":"2024-10-02T13:07:55","date_gmt":"2024-10-02T13:07:55","guid":{"rendered":"https:\/\/chemicalstore.ee\/toode\/ace-coat-glass-30ml\/"},"modified":"2024-10-02T13:07:57","modified_gmt":"2024-10-02T13:07:57","slug":"klaasi-keraamilinekaitseace-coat-glass-30ml","status":"publish","type":"product","link":"https:\/\/chemicalstore.ee\/ru\/toode\/klaasi-keraamilinekaitseace-coat-glass-30ml\/","title":{"rendered":"Klaasi keraamilinekaitse,Ace coat glass 30ml"},"content":{"rendered":"<p>King Carthur ACE Coat Glass on lasipindade kaitsevahendite parimast parim. See pinnoite loob klaasile kivik\u00f5va, vastupidava ja m\u00e4rkamatu kihi, mis kaitseb klaasi m\u00e4\u00e4rdumise eest ja h\u00f5lbustab seel\u00e4bi selle puhtana hoidmist. Pinnoite muudab klaasipinna \u00e4\u00e4rmiselt h\u00fcdrofoobseks, ja t\u00e4nu selle vett h\u00fclgavale omadusele ei pea vihmasajus kasutama kojamehi, kuna pinnoite veeretab veepiisad stiilselt tuuleklaasilt minema juba 40 km\/h kiirusel. ACE Coat Glass peab h\u00e4sti vastu nii kulumisele kui ka kemikaalidele ja pakub klaasidele kaitset kuni 24 kuud v\u00f5i 30 000 km. Pinnoitet saab kasutada lisaks akendele ka k\u00f5igil teistel klaaspindadel, nagu n\u00e4iteks radari ja kaamerate kaitsmiseks. Nii p\u00fcsib n\u00e4iteks tagurduskaamera paremini puhas ka poristes tingimustes. Sobib kasutamiseks ka koduste klaaspindade, nagu du\u0161iseina kaitseks katlakivi eest. V\u00e4ga lihtne paigaldada!<\/p>\n","protected":false},"excerpt":{"rendered":"<p>King CarthurACE Coat Glass suurendab m\u00e4rkimisv\u00e4\u00e4rselt s\u00f5iduohutust vihmastes tingimustes t\u00e4nu oma h\u00fcdrofoobsusele.Keraamilist kaitset ei pese maha, vaid peab vastu k\u00f5ikidele autopesus kasutatavatele kemikaalidele pH vahemikus 2\u201312 (roosteeemaldajad, lahustipesud jne).erinevalt vahadest, on keraamikaga kaitstud pinnale soovitatav teha korrap\u00e4raselt tugevam lahustip\u00f5hine pesu, et eemaldada kinnitunud mustus ja puhastada &#8220;ummistunud&#8221; pind. Nii taastub keraamilise kaitse v\u00f5imalik n\u00f5rgenenud h\u00fclgavus.<\/p>\n","protected":false},"featured_media":2035,"comment_status":"closed","ping_status":"open","template":"","meta":{"_monsterinsights_skip_tracking":false,"_monsterinsights_sitenote_active":false,"_monsterinsights_sitenote_note":"","_monsterinsights_sitenote_category":0},"product_brand":[],"product_cat":[27],"product_tag":[],"class_list":{"0":"post-2034","1":"product","2":"type-product","3":"status-publish","4":"has-post-thumbnail","6":"product_cat-kaitseained","7":"pa_brand-king-carthur","8":"pa_kasutusotstarve-klaaspindade-pikaajaline-kaitse","9":"pa_kestvus-24-kuud-30-000-km","10":"pa_uhiku-hind-1096-7e-l","12":"first","13":"instock","14":"taxable","15":"shipping-taxable","16":"purchasable","17":"product-type-simple"},"_links":{"self":[{"href":"https:\/\/chemicalstore.ee\/ru\/wp-json\/wp\/v2\/product\/2034","targetHints":{"allow":["GET"]}}],"collection":[{"href":"https:\/\/chemicalstore.ee\/ru\/wp-json\/wp\/v2\/product"}],"about":[{"href":"https:\/\/chemicalstore.ee\/ru\/wp-json\/wp\/v2\/types\/product"}],"replies":[{"embeddable":true,"href":"https:\/\/chemicalstore.ee\/ru\/wp-json\/wp\/v2\/comments?post=2034"}],"wp:featuredmedia":[{"embeddable":true,"href":"https:\/\/chemicalstore.ee\/ru\/wp-json\/wp\/v2\/media\/2035"}],"wp:attachment":[{"href":"https:\/\/chemicalstore.ee\/ru\/wp-json\/wp\/v2\/media?parent=2034"}],"wp:term":[{"taxonomy":"product_brand","embeddable":true,"href":"https:\/\/chemicalstore.ee\/ru\/wp-json\/wp\/v2\/product_brand?post=2034"},{"taxonomy":"product_cat","embeddable":true,"href":"https:\/\/chemicalstore.ee\/ru\/wp-json\/wp\/v2\/product_cat?post=2034"},{"taxonomy":"product_tag","embeddable":true,"href":"https:\/\/chemicalstore.ee\/ru\/wp-json\/wp\/v2\/product_tag?post=2034"}],"curies":[{"name":"wp","href":"https:\/\/api.w.org\/{rel}","templated":true}]}}