{"id":2028,"date":"2024-10-02T13:07:55","date_gmt":"2024-10-02T13:07:55","guid":{"rendered":"https:\/\/chemicalstore.ee\/toode\/ace-coat-30ml\/"},"modified":"2024-10-02T13:07:56","modified_gmt":"2024-10-02T13:07:56","slug":"ace-coat-30ml","status":"publish","type":"product","link":"https:\/\/chemicalstore.ee\/ru\/toode\/ace-coat-30ml\/","title":{"rendered":"Ace coat 30ml"},"content":{"rendered":"<p>King Carthur ACE Coat on keraamiline kate, mis \u00fchendab endas parimate katete k\u00f5ik head omadused: pikk p\u00fcsivus ilma l\u00e4ike ja h\u00fcdrofoobsuse ohverdamiseta ning v\u00e4ga lihtne paigaldus! ACE Coat loob pinnale paksu kaitsekihi juba \u00fche kihiga, mis s\u00fcvendab v\u00e4rvi l\u00e4iget ja muudab t\u00f6\u00f6deldava pinna libedaks ning \u00e4\u00e4rmiselt h\u00e4sti mustust ja vett t\u00f5rjuvaks, mis lihtsustab auto puhtana hoidmist ja hoolduspesusid. Kate kaitseb ka p\u00e4ikese kahjulike UV-kiirte eest, mis tuhmistavad v\u00e4rvi pinda, muutes selle kulunuks. See kate sobib lisaks v\u00e4rvipinnale suurep\u00e4raselt ka auto v\u00e4listele plastikosadele, velgedele ja esituledele, seega kogu auto katmine on v\u00f5imalik \u00fche tootega. ACE Coat loob t\u00f6\u00f6deldavale pinnale k\u00f5va ja l\u00e4ikiva kaitsekihi, mis peab vastu nii kulumisele kui ka kemikaalidele. Kate on \u00e4\u00e4rimiselt lihtne paigaldada, mis teeb sellest hea toote ka algajatele v\u00f5i v\u00e4hem katteid paigaldanud inimestele. VOC-vaba koostis! Uskumatu, kuni 36 kuud v\u00f5i 50 000 km kestvus!<\/p>\n","protected":false},"excerpt":{"rendered":"<p>King CarthurACE Coat on spetsiaalselt v\u00e4lja t\u00f6\u00f6tatud P\u00f5hjamaade oludele, see ei karda teedele puistatavat soola, suuri temperatuurik\u00f5ikumisi ega pikki k\u00fclmaperioode. Lisaks suurep\u00e4rasele p\u00fcsivusele pakub ACE Coat ka s\u00fcgavat l\u00e4iget ja suurep\u00e4rast t\u00f5rjuvust \u00fches pakendis. Kaitse katet ei pese maha, vaid see peab vastu k\u00f5igile autopesus kasutatavatele kemikaalidele pH vahemikus 2-12 probleemideta (mustuse eemaldajad, lahustipesud jne.).<\/p>\n","protected":false},"featured_media":2029,"comment_status":"closed","ping_status":"open","template":"","meta":{"_monsterinsights_skip_tracking":false,"_monsterinsights_sitenote_active":false,"_monsterinsights_sitenote_note":"","_monsterinsights_sitenote_category":0},"product_brand":[],"product_cat":[27],"product_tag":[],"class_list":{"0":"post-2028","1":"product","2":"type-product","3":"status-publish","4":"has-post-thumbnail","6":"product_cat-kaitseained","7":"pa_brand-king-carthur","8":"pa_kasutusotstarve-varvipinna-kaitse-mustuse-ja-uv-kiirguse-eest","9":"pa_kestvus-36-kuud-50-000-km","10":"pa_uhiku-hind-2663-3e-l","12":"first","13":"instock","14":"taxable","15":"shipping-taxable","16":"purchasable","17":"product-type-simple"},"_links":{"self":[{"href":"https:\/\/chemicalstore.ee\/ru\/wp-json\/wp\/v2\/product\/2028","targetHints":{"allow":["GET"]}}],"collection":[{"href":"https:\/\/chemicalstore.ee\/ru\/wp-json\/wp\/v2\/product"}],"about":[{"href":"https:\/\/chemicalstore.ee\/ru\/wp-json\/wp\/v2\/types\/product"}],"replies":[{"embeddable":true,"href":"https:\/\/chemicalstore.ee\/ru\/wp-json\/wp\/v2\/comments?post=2028"}],"wp:featuredmedia":[{"embeddable":true,"href":"https:\/\/chemicalstore.ee\/ru\/wp-json\/wp\/v2\/media\/2029"}],"wp:attachment":[{"href":"https:\/\/chemicalstore.ee\/ru\/wp-json\/wp\/v2\/media?parent=2028"}],"wp:term":[{"taxonomy":"product_brand","embeddable":true,"href":"https:\/\/chemicalstore.ee\/ru\/wp-json\/wp\/v2\/product_brand?post=2028"},{"taxonomy":"product_cat","embeddable":true,"href":"https:\/\/chemicalstore.ee\/ru\/wp-json\/wp\/v2\/product_cat?post=2028"},{"taxonomy":"product_tag","embeddable":true,"href":"https:\/\/chemicalstore.ee\/ru\/wp-json\/wp\/v2\/product_tag?post=2028"}],"curies":[{"name":"wp","href":"https:\/\/api.w.org\/{rel}","templated":true}]}}