{"id":2020,"date":"2024-10-02T13:07:55","date_gmt":"2024-10-02T13:07:55","guid":{"rendered":"https:\/\/chemicalstore.ee\/toode\/deluxe-brush-kit-3tk-pk\/"},"modified":"2024-10-02T13:07:55","modified_gmt":"2024-10-02T13:07:55","slug":"deluxe-brush-kit-3tk-pk","status":"publish","type":"product","link":"https:\/\/chemicalstore.ee\/ru\/toode\/deluxe-brush-kit-3tk-pk\/","title":{"rendered":"Deluxe brush kit 3tk\/pk"},"content":{"rendered":"<p>King Carthur Deluxe Brush Kit sisaldab kolme kvaliteetset pintslit, mis katavad k\u00f5ik s\u00f5iduki puhastust\u00f6\u00f6d. K\u00f5ige laiema pintsliga puisteharja harjased on eriti pehmed, mist\u00f5ttu need ei kriimusta isegi k\u00f5ige \u00f5rnemaid pindu. Seda saab kasutada n\u00e4iteks auto mudelit\u00e4histe, ekraanide ja armatuurlaua \u00e4\u00e4rte puhastamiseks. Kitsam pintsel, millel on hele harjased, sobib h\u00e4sti teiste v\u00e4lispindade, nagu n\u00e4iteks velgede puhastamiseks. Kitsam pintsel kollaste harjastega on valmistatud naturaalsetest harjastest, mist\u00f5ttu sobib see suurep\u00e4raselt auto sisepindade puhastamiseks. Kitsa kujunduse t\u00f5ttu p\u00e4\u00e4seb sellega puhastama ka v\u00e4ikesed ja s\u00fcgavad praod, kuhu mikrokiudlapp ei ulatu. Looduslikud harjased on \u00f5rnad, mist\u00f5ttu sobivad need h\u00e4sti ka n\u00e4iteks uksevahede, ventilatsiooniavade ja istmetevaheliste kohtade puhastamiseks.<\/p>\n","protected":false},"excerpt":{"rendered":"<p>King CarthurK\u00f5igil pintslitel on k\u00e4es h\u00e4sti istuv disain ja pikk vars, mis v\u00f5imaldab puhastada ka keerulisi kohti. Stiilne must vars on varustatud King Carthur&#8217;i kuldselt logoga. Selle pintslitekomplektiga saab puhastada k\u00f5ik auto pinnad, seega pole vaja eraldi osta muid harju. Pintsleid on lihtne pesta peale kasutamist jooksva vee all ja harjased on eemaldatavad, mis teeb pesemise lihtsamaks.<\/p>\n","protected":false},"featured_media":2021,"comment_status":"closed","ping_status":"open","template":"","meta":{"_monsterinsights_skip_tracking":false,"_monsterinsights_sitenote_active":false,"_monsterinsights_sitenote_note":"","_monsterinsights_sitenote_category":0},"product_brand":[],"product_cat":[35],"product_tag":[],"class_list":{"0":"post-2020","1":"product","2":"type-product","3":"status-publish","4":"has-post-thumbnail","6":"product_cat-puhastusvahendid-autohooldustooted","7":"pa_brand-king-carthur","8":"pa_kasutusotstarve-auto-sisemiste-ja-valimiste-pindade-puhastus","9":"pa_uhiku-hind-8-3e-tk","11":"first","12":"instock","13":"taxable","14":"shipping-taxable","15":"purchasable","16":"product-type-simple"},"_links":{"self":[{"href":"https:\/\/chemicalstore.ee\/ru\/wp-json\/wp\/v2\/product\/2020","targetHints":{"allow":["GET"]}}],"collection":[{"href":"https:\/\/chemicalstore.ee\/ru\/wp-json\/wp\/v2\/product"}],"about":[{"href":"https:\/\/chemicalstore.ee\/ru\/wp-json\/wp\/v2\/types\/product"}],"replies":[{"embeddable":true,"href":"https:\/\/chemicalstore.ee\/ru\/wp-json\/wp\/v2\/comments?post=2020"}],"wp:featuredmedia":[{"embeddable":true,"href":"https:\/\/chemicalstore.ee\/ru\/wp-json\/wp\/v2\/media\/2021"}],"wp:attachment":[{"href":"https:\/\/chemicalstore.ee\/ru\/wp-json\/wp\/v2\/media?parent=2020"}],"wp:term":[{"taxonomy":"product_brand","embeddable":true,"href":"https:\/\/chemicalstore.ee\/ru\/wp-json\/wp\/v2\/product_brand?post=2020"},{"taxonomy":"product_cat","embeddable":true,"href":"https:\/\/chemicalstore.ee\/ru\/wp-json\/wp\/v2\/product_cat?post=2020"},{"taxonomy":"product_tag","embeddable":true,"href":"https:\/\/chemicalstore.ee\/ru\/wp-json\/wp\/v2\/product_tag?post=2020"}],"curies":[{"name":"wp","href":"https:\/\/api.w.org\/{rel}","templated":true}]}}