{"id":2015,"date":"2024-10-02T13:07:37","date_gmt":"2024-10-02T13:07:37","guid":{"rendered":"https:\/\/chemicalstore.ee\/toode\/magic-mop\/"},"modified":"2024-10-02T13:07:52","modified_gmt":"2024-10-02T13:07:52","slug":"magic-mop","status":"publish","type":"product","link":"https:\/\/chemicalstore.ee\/ru\/toode\/magic-mop\/","title":{"rendered":"Magic mop"},"content":{"rendered":"<p>CAR5 Magic Mop on spetsiaalselt suuremate s\u00f5idukite pesemiseks m\u00f5eldud teleskoopvarrega mikrokiust pesuhari. Selle pika nukiga struktuur imab endasse rohkelt pesuainet, mist\u00f5ttu pole vaja harjaosa pidevalt pesuvette kasta. See muudab suurte pindade pesemise kiireks ja vaevatuks! Magic Mopi harjase struktuur on v\u00e4ga pehme, seega see ei kriimusta s\u00f5iduki pindu pesemise ajal. Teleskoopvarre t\u00f5ttu on Magic Mop suurep\u00e4rane valik n\u00e4iteks kaubikute, matkaautode ning raskema tehnika ja teiste suuremate s\u00f5idukite pesemiseks. Teleskoopvarrega saab pesuvahendile lisada \u00fcle meetri ulatust, mis v\u00f5imaldab pesta ka k\u00f5rgeid s\u00f5idukeid ning s\u00f5iduautode katuseid ilma redelite v\u00f5i muude abivahenditeta. Varre pikkust saab aga vastavalt vajadusele reguleerida, kasutades seda 45 v\u00f5i 75 cm pikkusena s\u00f5ltuvalt objekti suurusest.<\/p>\n","protected":false},"excerpt":{"rendered":"<p>Car5S\u00f5iduki madalamate kohtade pesemiseks saab harjaosa vajadusel ka teleskoopvarrest eraldada, nii et seda saab k\u00e4es hoida, libistades k\u00e4e selle tagak\u00fcljel oleva kummilindi alt l\u00e4bi. Kummilinti saab vastavalt pesija k\u00e4e suurusele kas l\u00f5dvendada v\u00f5i pingutada, tagades kindla haarde kogu pesu v\u00e4ltel. Mikrokiust pesuosa saab vajadusel ka t\u00e4ielikult eemaldada, n\u00e4iteks pesemiseks v\u00f5i kuivatamiseks. Teleskoopvarre k\u00e4epide on mustriline, et haare ei libiseks isegi m\u00e4rgade k\u00e4tega.<\/p>\n","protected":false},"featured_media":2016,"comment_status":"closed","ping_status":"open","template":"","meta":{"_monsterinsights_skip_tracking":false,"_monsterinsights_sitenote_active":false,"_monsterinsights_sitenote_note":"","_monsterinsights_sitenote_category":0},"product_brand":[],"product_cat":[35],"product_tag":[],"class_list":{"0":"post-2015","1":"product","2":"type-product","3":"status-publish","4":"has-post-thumbnail","6":"product_cat-puhastusvahendid-autohooldustooted","7":"pa_brand-car5","8":"pa_kasutusotstarve-soidukite-pesemine","9":"pa_uhiku-hind-19-9e-tk","11":"first","12":"instock","13":"taxable","14":"shipping-taxable","15":"purchasable","16":"product-type-simple"},"_links":{"self":[{"href":"https:\/\/chemicalstore.ee\/ru\/wp-json\/wp\/v2\/product\/2015","targetHints":{"allow":["GET"]}}],"collection":[{"href":"https:\/\/chemicalstore.ee\/ru\/wp-json\/wp\/v2\/product"}],"about":[{"href":"https:\/\/chemicalstore.ee\/ru\/wp-json\/wp\/v2\/types\/product"}],"replies":[{"embeddable":true,"href":"https:\/\/chemicalstore.ee\/ru\/wp-json\/wp\/v2\/comments?post=2015"}],"wp:featuredmedia":[{"embeddable":true,"href":"https:\/\/chemicalstore.ee\/ru\/wp-json\/wp\/v2\/media\/2016"}],"wp:attachment":[{"href":"https:\/\/chemicalstore.ee\/ru\/wp-json\/wp\/v2\/media?parent=2015"}],"wp:term":[{"taxonomy":"product_brand","embeddable":true,"href":"https:\/\/chemicalstore.ee\/ru\/wp-json\/wp\/v2\/product_brand?post=2015"},{"taxonomy":"product_cat","embeddable":true,"href":"https:\/\/chemicalstore.ee\/ru\/wp-json\/wp\/v2\/product_cat?post=2015"},{"taxonomy":"product_tag","embeddable":true,"href":"https:\/\/chemicalstore.ee\/ru\/wp-json\/wp\/v2\/product_tag?post=2015"}],"curies":[{"name":"wp","href":"https:\/\/api.w.org\/{rel}","templated":true}]}}